{"id":737741,"date":"2025-08-27T23:34:58","date_gmt":"2025-08-27T20:34:58","guid":{"rendered":"https:\/\/roveyayinevi.com.tr\/index.php\/urun\/ihsan-dogramaci-cagdas-universite\/"},"modified":"2026-04-16T02:47:36","modified_gmt":"2026-04-15T23:47:36","slug":"ihsan-dogramaci-cagdas-universite","status":"publish","type":"product","link":"https:\/\/roveyayinevi.com.tr\/index.php\/urun\/ihsan-dogramaci-cagdas-universite\/","title":{"rendered":"\u0130hsan Do\u011framac\u0131 &#8211; \u00c7a\u011fda\u015f \u00dcniversite"},"content":{"rendered":"<p>Cumhuriyetimizin \u00fcniversite tarihinde fikirleri, eylemleri ve \u00f6rnek eserleriyle yer alm\u0131\u015f bir b\u00fcy\u00fck insan, bir \u201cola\u011fan\u00fcst\u00fc T\u00fcrk\u201dt\u00fcr \u0130hsan Do\u011framac\u0131. Onun, Hacettepe s\u0131rtlar\u0131nda ba\u015flayan \u00fcniversitede reform projesini ad\u0131m ad\u0131m T\u00fcrk \u00fcniversite sistemine nas\u0131l yerle\u015ftirdi\u011fini, bu u\u011furda verdi\u011fi sab\u0131rl\u0131 ve inat\u00e7\u0131 sava\u015f\u0131m\u0131, ortaya \u00e7\u0131kard\u0131\u011f\u0131 \u00f6rnek eserleri bu kitapta okuyacaks\u0131n\u0131z. Sevda-Cenap And M\u00fczik Vakf\u0131 Y\u00f6netim Kurulu \u00dcyesi olan m\u00fczik e\u011fitimcisi Erdo\u011fan Okyay, arma\u011fan kitab\u0131n\u0131 \u0130hsan Do\u011framac\u0131 hakk\u0131nda yaz\u0131lanlar\u0131 harmanlayarak olu\u015fturdu; kendi d\u00fc\u015f\u00fcncelerini de serpi\u015ftirerek\u2026 <\/p>\n","protected":false},"excerpt":{"rendered":"<p>Cumhuriyetimizin \u00fcniversite tarihinde fikirleri, eylemleri ve \u00f6rnek eserleriyle yer alm\u0131\u015f bir b\u00fcy\u00fck insan, bir \u201cola\u011fan\u00fcst\u00fc T\u00fcrk\u201dt\u00fcr \u0130hsan Do\u011framac\u0131. Onun, Hacettepe s\u0131rtlar\u0131nda ba\u015flayan \u00fcniversitede reform projesini ad\u0131m<span class=\"excerpt-hellip\"> [\u2026]<\/span><\/p>\n","protected":false},"featured_media":0,"template":"","meta":{"_monsterinsights_skip_tracking":false,"_monsterinsights_sitenote_active":false,"_monsterinsights_sitenote_note":"","_monsterinsights_sitenote_category":0},"product_brand":[],"product_cat":[14009,12291],"product_tag":[],"class_list":{"0":"post-737741","1":"product","2":"type-product","3":"status-publish","5":"product_cat-biyografi-otobiyografi-edebiyat","6":"product_cat-edebiyat","7":"pa_cilt-ciltsiz","8":"pa_tur-kitap","9":"pa_yayinevi-sevda-cenap-and-muzik-vakfi-yayinlari","10":"pa_yazar-erdogan-okyay","12":"first","13":"instock","14":"sale","15":"shipping-taxable","16":"purchasable","17":"product-type-simple"},"_links":{"self":[{"href":"https:\/\/roveyayinevi.com.tr\/index.php\/wp-json\/wp\/v2\/product\/737741","targetHints":{"allow":["GET"]}}],"collection":[{"href":"https:\/\/roveyayinevi.com.tr\/index.php\/wp-json\/wp\/v2\/product"}],"about":[{"href":"https:\/\/roveyayinevi.com.tr\/index.php\/wp-json\/wp\/v2\/types\/product"}],"wp:attachment":[{"href":"https:\/\/roveyayinevi.com.tr\/index.php\/wp-json\/wp\/v2\/media?parent=737741"}],"wp:term":[{"taxonomy":"product_brand","embeddable":true,"href":"https:\/\/roveyayinevi.com.tr\/index.php\/wp-json\/wp\/v2\/product_brand?post=737741"},{"taxonomy":"product_cat","embeddable":true,"href":"https:\/\/roveyayinevi.com.tr\/index.php\/wp-json\/wp\/v2\/product_cat?post=737741"},{"taxonomy":"product_tag","embeddable":true,"href":"https:\/\/roveyayinevi.com.tr\/index.php\/wp-json\/wp\/v2\/product_tag?post=737741"}],"curies":[{"name":"wp","href":"https:\/\/api.w.org\/{rel}","templated":true}]}}