{"id":737740,"date":"2025-08-27T23:34:57","date_gmt":"2025-08-27T20:34:57","guid":{"rendered":"https:\/\/roveyayinevi.com.tr\/index.php\/urun\/leyla-gencer-ve-opera-dunyasi\/"},"modified":"2026-04-16T02:47:36","modified_gmt":"2026-04-15T23:47:36","slug":"leyla-gencer-ve-opera-dunyasi","status":"publish","type":"product","link":"https:\/\/roveyayinevi.com.tr\/index.php\/urun\/leyla-gencer-ve-opera-dunyasi\/","title":{"rendered":"Leyla Gencer Ve Opera D\u00fcnyas\u0131"},"content":{"rendered":"<p>Sabaha kar\u015f\u0131 g\u00f6ky\u00fcz\u00fcnde parlak bir y\u0131ld\u0131z g\u00f6r\u00fcr\u00fcz.T\u00fcm g\u00f6ky\u00fcz\u00fcn\u00fcn en parlak y\u0131ld\u0131z\u0131d\u0131r ve asl\u0131nda Ven\u00fcs gezegenidir.Bu kitapta, operan\u0131n en parlak y\u0131ld\u0131zlar\u0131ndan Leyla Gencer\u2019i bulacaks\u0131n\u0131z.Onun sahnedeki; besteciler, eserler ve roller aras\u0131ndaki ya\u015fam\u0131n\u0131 bulacaks\u0131n\u0131z.Rol ald\u0131\u011f\u0131 operalar\u0131n listesini g\u00f6r\u00fcnce, b\u00fcy\u00fck olas\u0131l\u0131kla hayretinizi gizleyemeyeceksiniz.Ard\u0131ndan konser ve resital repertuvar\u0131 eklenecek. Bir kez daha g\u00f6zleriniz kama\u015facak\u2026 <\/p>\n","protected":false},"excerpt":{"rendered":"<p>Sabaha kar\u015f\u0131 g\u00f6ky\u00fcz\u00fcnde parlak bir y\u0131ld\u0131z g\u00f6r\u00fcr\u00fcz.T\u00fcm g\u00f6ky\u00fcz\u00fcn\u00fcn en parlak y\u0131ld\u0131z\u0131d\u0131r ve asl\u0131nda Ven\u00fcs gezegenidir.Bu kitapta, operan\u0131n en parlak y\u0131ld\u0131zlar\u0131ndan Leyla Gencer\u2019i bulacaks\u0131n\u0131z.Onun sahnedeki; besteciler, eserler<span class=\"excerpt-hellip\"> [\u2026]<\/span><\/p>\n","protected":false},"featured_media":0,"template":"","meta":{"_monsterinsights_skip_tracking":false,"_monsterinsights_sitenote_active":false,"_monsterinsights_sitenote_note":"","_monsterinsights_sitenote_category":0},"product_brand":[],"product_cat":[14591,14556],"product_tag":[],"class_list":{"0":"post-737740","1":"product","2":"type-product","3":"status-publish","5":"product_cat-genel-kavramlar-kuram-ve-tarihce","6":"product_cat-muzik","7":"pa_cilt-ciltsiz","8":"pa_tur-kitap","9":"pa_yayinevi-sevda-cenap-and-muzik-vakfi-yayinlari","10":"pa_yazar-unal-ozis","12":"first","13":"instock","14":"sale","15":"shipping-taxable","16":"purchasable","17":"product-type-simple"},"_links":{"self":[{"href":"https:\/\/roveyayinevi.com.tr\/index.php\/wp-json\/wp\/v2\/product\/737740","targetHints":{"allow":["GET"]}}],"collection":[{"href":"https:\/\/roveyayinevi.com.tr\/index.php\/wp-json\/wp\/v2\/product"}],"about":[{"href":"https:\/\/roveyayinevi.com.tr\/index.php\/wp-json\/wp\/v2\/types\/product"}],"wp:attachment":[{"href":"https:\/\/roveyayinevi.com.tr\/index.php\/wp-json\/wp\/v2\/media?parent=737740"}],"wp:term":[{"taxonomy":"product_brand","embeddable":true,"href":"https:\/\/roveyayinevi.com.tr\/index.php\/wp-json\/wp\/v2\/product_brand?post=737740"},{"taxonomy":"product_cat","embeddable":true,"href":"https:\/\/roveyayinevi.com.tr\/index.php\/wp-json\/wp\/v2\/product_cat?post=737740"},{"taxonomy":"product_tag","embeddable":true,"href":"https:\/\/roveyayinevi.com.tr\/index.php\/wp-json\/wp\/v2\/product_tag?post=737740"}],"curies":[{"name":"wp","href":"https:\/\/api.w.org\/{rel}","templated":true}]}}