{"id":737738,"date":"2025-08-27T23:34:54","date_gmt":"2025-08-27T20:34:54","guid":{"rendered":"https:\/\/roveyayinevi.com.tr\/index.php\/urun\/hikmet-simsek-isigi-tasiyan-adam\/"},"modified":"2026-04-16T02:47:36","modified_gmt":"2026-04-15T23:47:36","slug":"hikmet-simsek-isigi-tasiyan-adam","status":"publish","type":"product","link":"https:\/\/roveyayinevi.com.tr\/index.php\/urun\/hikmet-simsek-isigi-tasiyan-adam\/","title":{"rendered":"Hikmet \u015eim\u015fek &#8211; I\u015f\u0131\u011f\u0131 Ta\u015f\u0131yan Adam"},"content":{"rendered":"<p>Hikmet \u015eim\u015fek &#8211; I\u015f\u0131\u011f\u0131 Ta\u015f\u0131yan Adam<\/p>\n","protected":false},"excerpt":{"rendered":"<p>Hikmet \u015eim\u015fek &#8211; I\u015f\u0131\u011f\u0131 Ta\u015f\u0131yan Adam<\/p>\n","protected":false},"featured_media":0,"template":"","meta":{"_monsterinsights_skip_tracking":false,"_monsterinsights_sitenote_active":false,"_monsterinsights_sitenote_note":"","_monsterinsights_sitenote_category":0},"product_brand":[],"product_cat":[14009,12291],"product_tag":[],"class_list":{"0":"post-737738","1":"product","2":"type-product","3":"status-publish","5":"product_cat-biyografi-otobiyografi-edebiyat","6":"product_cat-edebiyat","7":"pa_cilt-ciltsiz","8":"pa_tur-kitap","9":"pa_yayinevi-sevda-cenap-and-muzik-vakfi-yayinlari","10":"pa_yazar-onder-kutahyali","12":"first","13":"instock","14":"sale","15":"shipping-taxable","16":"purchasable","17":"product-type-simple"},"_links":{"self":[{"href":"https:\/\/roveyayinevi.com.tr\/index.php\/wp-json\/wp\/v2\/product\/737738","targetHints":{"allow":["GET"]}}],"collection":[{"href":"https:\/\/roveyayinevi.com.tr\/index.php\/wp-json\/wp\/v2\/product"}],"about":[{"href":"https:\/\/roveyayinevi.com.tr\/index.php\/wp-json\/wp\/v2\/types\/product"}],"wp:attachment":[{"href":"https:\/\/roveyayinevi.com.tr\/index.php\/wp-json\/wp\/v2\/media?parent=737738"}],"wp:term":[{"taxonomy":"product_brand","embeddable":true,"href":"https:\/\/roveyayinevi.com.tr\/index.php\/wp-json\/wp\/v2\/product_brand?post=737738"},{"taxonomy":"product_cat","embeddable":true,"href":"https:\/\/roveyayinevi.com.tr\/index.php\/wp-json\/wp\/v2\/product_cat?post=737738"},{"taxonomy":"product_tag","embeddable":true,"href":"https:\/\/roveyayinevi.com.tr\/index.php\/wp-json\/wp\/v2\/product_tag?post=737738"}],"curies":[{"name":"wp","href":"https:\/\/api.w.org\/{rel}","templated":true}]}}