{"id":737733,"date":"2025-08-27T23:34:48","date_gmt":"2025-08-27T20:34:48","guid":{"rendered":"https:\/\/roveyayinevi.com.tr\/index.php\/urun\/ersin-onay-umudun-sesi\/"},"modified":"2026-04-16T02:47:36","modified_gmt":"2026-04-15T23:47:36","slug":"ersin-onay-umudun-sesi","status":"publish","type":"product","link":"https:\/\/roveyayinevi.com.tr\/index.php\/urun\/ersin-onay-umudun-sesi\/","title":{"rendered":"Ersin Onay &#8211; Umudun Sesi"},"content":{"rendered":"<p>\u201cOla\u011fan\u00fcst\u00fc yetenekli olan bu zeki gen\u00e7, bug\u00fcn nadiren kar\u015f\u0131la\u015f\u0131lan \u015fiirsel ve rafine bir sanatsal do\u011faya sahip\u2026 \u00dclkenizin sanat kalitesine onur veriyor. T\u00fcrkiye\u2019de ald\u0131\u011f\u0131 m\u00fczikal formasyonun beni en \u00fcst d\u00fczeyde etkiledi\u011fini s\u00f6ylemek isterim. Onun vas\u0131tas\u0131yla Ankara Devlet Konservatuvar\u0131\u2019n\u0131 d\u00fcnyan\u0131n en iyi m\u00fczik okullar\u0131ndan biri olarak g\u00f6r\u00fcyorum ve sizi hararetle tebrik etmek istiyorum.\u201d Thirerry de Brunhoff, 1971 \u201c4. Ankara M\u00fczik Festivali ba\u015far\u0131yla s\u00fcr\u00fcyor. Bu festivalin \u00e7ok g\u00fczel bir konserini de Ankara Devlet Konservatuvar\u0131 (ADK) \u00d6\u011frenci Orkestras\u0131 verdi. Konser salonunda unutulmaz bir gece ya\u015fand\u0131\u2026 ADK M\u00fcd\u00fcr\u00fc Ersin Onay, o konserin ba\u015f solisti bence\u2026 Konservatuvar\u0131 \u00e7a\u011fda\u015f bir d\u00fczeye ula\u015ft\u0131rmak, \u00f6\u011frencilere iyi bir ortam yaratmak i\u00e7in b\u00fcy\u00fck \u00f6zverilerle, ama en \u00e7ok inan\u00e7la \u00e7al\u0131\u015fan bir y\u00f6netici i\u00e7in bundan g\u00fczel \u00f6d\u00fcl d\u00fc\u015f\u00fcn\u00fclemez\u2026\u201d M\u00fc\u015ferref Hekimo\u011flu, 1987 \u201cBa\u015fkentliler hipodromda bir orkestra konseri d\u00fc\u015f\u00fcnebilir miydi acaba? Kar\u015f\u0131da Kale\u2019nin \u0131\u015f\u0131klar\u0131, gen\u00e7 bir orkestra&#8230; Atat\u00fcrk\u2019\u00fcn solu\u011funu hissediyor m\u00fczik severler.\u201d M\u00fc\u015ferref Hekimo\u011flu, 1990 \u201c\u00c7a\u011fda\u015f m\u00fczik hayat\u0131m\u0131za hem m\u00fczik e\u011fitimine getirdi\u011fi ileri hamlelerle, hem kurdu\u011fu orkestralarla, son olarak da Anadolu Festivali ile s\u00fcrekli yeni projeler \u00fcreten ve bu projeleri ger\u00e7ekle\u015ftiren Bilkent M\u00fczik ve Sahne Sanatlar\u0131 Fak\u00fcltesi Dekan\u0131 Ersin Onay\u2019a ona destek verenlere ve son derece profesyonel ekibine hayretler i\u00e7inde hayran olmamak elde de\u011fil.\u201d Filiz Ali, 1996 \u201cBilkent \u00dcniversitesi MSSF Dekan\u0131 olan Prof. Ersin Onay, \u015fimdilerde giderek yok olan bir ruh, espri ve duyarl\u0131l\u0131k tipini temsil ediyor. Son derece iyi bir piyanist olan Onay, sanat\u00e7\u0131lar\u0131n alabildi\u011fine egosantrik oldu\u011fu bu d\u00fcnyada ad\u0131n\u0131 hi\u00e7bir yerde ge\u00e7irmeyerek, \u2018ben\u2019ini a\u015fm\u0131\u015f bir hoca olarak ya\u015far.\u201d Ay\u00e7a Atiko\u011flu, 1996 \u201cNe olur bu an hi\u00e7 bitmesin, hi\u00e7 bitmesin, hi\u00e7 bitmesin. Konser bitti etkisi bitmedi.                                 Konserden \u00e7ok sonra hem \u015fef Rickenbacher hem koro \u015fefi Georgi Robev, Bilkent \u00dcniversitesi M\u00fczik ve Sahne Sanatlar\u0131 Fak\u00fcltesi Dekan\u0131 Ersin Onay\u2019a te\u015fekk\u00fcr ediyorlard\u0131. B\u00f6yle bir do\u011fal ortamda b\u00f6yle bir konser olana\u011f\u0131n\u0131 onlara sa\u011flad\u0131\u011f\u0131 i\u00e7in.  \u2026 Sahnedeki insanlara bakmam yeterliydi. Her ulustan, her ya\u015ftand\u0131lar. Y\u0131llar\u0131n deneyimli ustalar\u0131, Bilkent \u00dcniversitesi\u2019nin hocalar\u0131 ile fak\u00fcltenin ilk mezunlar\u0131 gen\u00e7 \u00f6\u011frenciler bir aradayd\u0131. Onlar\u0131 birle\u015ftiren, yapt\u0131klar\u0131 i\u015fe inan\u00e7lar\u0131 ve yaparken duyduklar\u0131 co\u015fku; evrensel \u00e7a\u011fda\u015f de\u011ferleri y\u00fcceltmeleriydi.\u201d Zeynep Oral, 1996 \u201cErsin Onay\u2019la \u2018Bar\u0131\u015f ve Dostluk Treni\u2019ndeyiz\u2026 Konserden geliyoruz bir dolu insan. 300\u2019\u00fcn \u00fczerinde\u2026 [4.] Anadolu Festivali\u2019nin ilkinin sergilendi\u011fi Yunus Emre K\u00fclliyesi\u2019nde Adnan Saygun\u2019un Yunus Emre Kantat\u0131\u2019n\u0131 dinlemi\u015fiz. Mihal\u0131\u00e7\u00e7\u0131k K\u00f6y\u00fc\u2019n\u00fcn \u00e7ocu\u011fu, gen\u00e7, ya\u015fl\u0131s\u0131yla\u2026 TCDD\u2019nin hizmeti b\u00fcy\u00fck\u2026 Bu konser i\u00e7in tahsis etmi\u015f treni. D\u00f6n\u00fc\u015f yolunda \u2018halk anlamaz\u2019 diyenlere \u00e7at\u0131yoruz. \u0130yi ve g\u00fczel olan\u0131 anlamayan\u0131n kimler oldu\u011funu tart\u0131\u015f\u0131yoruz\u2026\u201d Serpil Y\u0131lmaz, 1997 \u201cBen inan\u0131yorum ki, \u015e\u0131rnak Cumhuriyet Meydan\u0131\u2019nda her gece konser olsa, oras\u0131 dolar. Halk\u0131n sanata, iyi \u015feylere susuzlu\u011funu giderecek her etkinlik dinleyici, seyirci bulur.\u201d Mesut \u0130ktu, 1998 \u201cSand\u0131lar ki, \u015fehirlerin geri kalmas\u0131 duygular\u0131 da geri b\u0131rak\u0131yor. Sand\u0131lar ki, kur\u015fun sesleri aras\u0131nda do\u011fup b\u00fcy\u00fcmek yetenekleri de \u00f6ld\u00fcr\u00fcyor. Oysaki \u00f6lm\u00fcyordu m\u00fczik tutkusu. Bunun i\u00e7in bir mucize el, yaban otlar\u0131 aras\u0131ndaki e\u015fsiz \u00e7i\u00e7eklere dokundu.\u201d \u015eule T\u00fcrker, 1998 \u201cAtat\u00fcrk\u2019\u00fcn k\u00fclt\u00fcr ve sanat evrimi do\u011frultusunda emek veren Prof. Ersin Onay\u2019\u0131n bu onurlu ve ba\u015far\u0131l\u0131 dekanl\u0131k g\u00f6revinin yan\u0131 s\u0131ra an\u0131msanmas\u0131 gereken bir \u00f6zelli\u011fi de var: Piyanist olarak uluslararas\u0131 klasta bir \u201cvirt\u00fcoz\u201d. Uzun y\u0131llar \u00f6nce Paris\u2019ten d\u00f6n\u00fc\u015f\u00fcnde verdi\u011fi resitalinde O\u2019nu hayranl\u0131kla dinlemi\u015f, tan\u0131\u015fm\u0131\u015f ve o zaman Cumhuriyet\u2019teki yaz\u0131mda belirtmi\u015ftim. Sonra Konservatuvar M\u00fcd\u00fcrl\u00fc\u011f\u00fc yapt\u0131. Ve y\u0131llardan beri \u00fcst\u00fcn sanat de\u011ferini Bilkent \u00dcniversitesi\u2019nde Atat\u00fcrk\u2019\u00fcn \u2018evrensel, \u00e7oksesli ve ileri m\u00fczik evrimi\u2019 yolunda u\u011fra\u015f vermeye adam\u0131\u015f bir insan\u2026\u201d Selmi Andak, 1998 <\/p>\n","protected":false},"excerpt":{"rendered":"<p>\u201cOla\u011fan\u00fcst\u00fc yetenekli olan bu zeki gen\u00e7, bug\u00fcn nadiren kar\u015f\u0131la\u015f\u0131lan \u015fiirsel ve rafine bir sanatsal do\u011faya sahip\u2026 \u00dclkenizin sanat kalitesine onur veriyor. T\u00fcrkiye\u2019de ald\u0131\u011f\u0131 m\u00fczikal formasyonun beni<span class=\"excerpt-hellip\"> [\u2026]<\/span><\/p>\n","protected":false},"featured_media":0,"template":"","meta":{"_monsterinsights_skip_tracking":false,"_monsterinsights_sitenote_active":false,"_monsterinsights_sitenote_note":"","_monsterinsights_sitenote_category":0},"product_brand":[],"product_cat":[14009,12291],"product_tag":[],"class_list":{"0":"post-737733","1":"product","2":"type-product","3":"status-publish","5":"product_cat-biyografi-otobiyografi-edebiyat","6":"product_cat-edebiyat","7":"pa_cilt-ciltsiz","8":"pa_tur-kitap","9":"pa_yayinevi-sevda-cenap-and-muzik-vakfi-yayinlari","10":"pa_yazar-ersin-onay","12":"first","13":"instock","14":"sale","15":"shipping-taxable","16":"purchasable","17":"product-type-simple"},"_links":{"self":[{"href":"https:\/\/roveyayinevi.com.tr\/index.php\/wp-json\/wp\/v2\/product\/737733","targetHints":{"allow":["GET"]}}],"collection":[{"href":"https:\/\/roveyayinevi.com.tr\/index.php\/wp-json\/wp\/v2\/product"}],"about":[{"href":"https:\/\/roveyayinevi.com.tr\/index.php\/wp-json\/wp\/v2\/types\/product"}],"wp:attachment":[{"href":"https:\/\/roveyayinevi.com.tr\/index.php\/wp-json\/wp\/v2\/media?parent=737733"}],"wp:term":[{"taxonomy":"product_brand","embeddable":true,"href":"https:\/\/roveyayinevi.com.tr\/index.php\/wp-json\/wp\/v2\/product_brand?post=737733"},{"taxonomy":"product_cat","embeddable":true,"href":"https:\/\/roveyayinevi.com.tr\/index.php\/wp-json\/wp\/v2\/product_cat?post=737733"},{"taxonomy":"product_tag","embeddable":true,"href":"https:\/\/roveyayinevi.com.tr\/index.php\/wp-json\/wp\/v2\/product_tag?post=737733"}],"curies":[{"name":"wp","href":"https:\/\/api.w.org\/{rel}","templated":true}]}}