{"id":737732,"date":"2025-08-27T23:34:47","date_gmt":"2025-08-27T20:34:47","guid":{"rendered":"https:\/\/roveyayinevi.com.tr\/index.php\/urun\/yalcin-tura-ezgiselligim-doruklarinda\/"},"modified":"2026-04-16T02:47:35","modified_gmt":"2026-04-15T23:47:35","slug":"yalcin-tura-ezgiselligim-doruklarinda","status":"publish","type":"product","link":"https:\/\/roveyayinevi.com.tr\/index.php\/urun\/yalcin-tura-ezgiselligim-doruklarinda\/","title":{"rendered":"Yal\u00e7\u0131n Tura &#8211; Ezgiselli\u011fim Doruklar\u0131nda"},"content":{"rendered":"<p>Cumhuriyet d\u00f6neminin sadece bestecilikle ya\u015fam\u0131n\u0131 kazanm\u0131\u015f ilk bestecisi olan, dostlu\u011fundan onur duydu\u011fum Yal\u00e7\u0131n Tura&#8217;n\u0131n ya\u015fam\u0131n\u0131 t\u00fcm y\u00f6nleriyle \u00f6zetlemeye, besteci, m\u00fczikolog, d\u00fc\u015f\u00fcn\u00fcr, e\u011fitimci ve insan olarak, bir portresini \u00e7izmeye \u00e7al\u0131\u015ft\u0131m bu kitapta. Ara\u015ft\u0131rmalar\u0131m, ula\u015fabildi\u011fim yaz\u0131l\u0131 belgeler ve Yal\u00e7\u0131n Tura\u2019n\u0131n \u00e7izgisi, m\u00fczik\u00e7iler aras\u0131ndaki \u00e2deta bir kay\u0131k\u00e7\u0131 kavgas\u0131 gibi y\u0131llarca devam eden Bat\u0131-Do\u011fu ve Tekses- \u00c7okses ayr\u0131mc\u0131l\u0131\u011f\u0131n\u0131n ne denli yapay oldu\u011funu, nas\u0131l bo\u015funa zaman yitirildi\u011fini ortaya koyuyor.Bir bestecinin &#8220;taraf\u2019 olmad\u0131\u011f\u0131 i\u00e7in &#8220;bertaraf\u2019 olmad\u0131\u011f\u0131n\u0131, aksine \u00f6zg\u00fcn T\u00fcrk m\u00fczi\u011fini nas\u0131l ortaya koydu\u011funu, kitlelere kendini ve m\u00fczi\u011fini nas\u0131l sevdirdi\u011fini bu kitab\u0131 okurken ve ekindeki CD\u2019yi dinlerken g\u00f6recek duyacaks\u0131n\u0131z. <\/p>\n","protected":false},"excerpt":{"rendered":"<p>Cumhuriyet d\u00f6neminin sadece bestecilikle ya\u015fam\u0131n\u0131 kazanm\u0131\u015f ilk bestecisi olan, dostlu\u011fundan onur duydu\u011fum Yal\u00e7\u0131n Tura&#8217;n\u0131n ya\u015fam\u0131n\u0131 t\u00fcm y\u00f6nleriyle \u00f6zetlemeye, besteci, m\u00fczikolog, d\u00fc\u015f\u00fcn\u00fcr, e\u011fitimci ve insan olarak, bir<span class=\"excerpt-hellip\"> [\u2026]<\/span><\/p>\n","protected":false},"featured_media":0,"template":"","meta":{"_monsterinsights_skip_tracking":false,"_monsterinsights_sitenote_active":false,"_monsterinsights_sitenote_note":"","_monsterinsights_sitenote_category":0},"product_brand":[],"product_cat":[14009,12291],"product_tag":[],"class_list":{"0":"post-737732","1":"product","2":"type-product","3":"status-publish","5":"product_cat-biyografi-otobiyografi-edebiyat","6":"product_cat-edebiyat","7":"pa_cilt-ciltsiz","8":"pa_tur-kitap","9":"pa_yayinevi-sevda-cenap-and-muzik-vakfi-yayinlari","10":"pa_yazar-sefik-kahramankaptan","12":"first","13":"instock","14":"sale","15":"shipping-taxable","16":"purchasable","17":"product-type-simple"},"_links":{"self":[{"href":"https:\/\/roveyayinevi.com.tr\/index.php\/wp-json\/wp\/v2\/product\/737732","targetHints":{"allow":["GET"]}}],"collection":[{"href":"https:\/\/roveyayinevi.com.tr\/index.php\/wp-json\/wp\/v2\/product"}],"about":[{"href":"https:\/\/roveyayinevi.com.tr\/index.php\/wp-json\/wp\/v2\/types\/product"}],"wp:attachment":[{"href":"https:\/\/roveyayinevi.com.tr\/index.php\/wp-json\/wp\/v2\/media?parent=737732"}],"wp:term":[{"taxonomy":"product_brand","embeddable":true,"href":"https:\/\/roveyayinevi.com.tr\/index.php\/wp-json\/wp\/v2\/product_brand?post=737732"},{"taxonomy":"product_cat","embeddable":true,"href":"https:\/\/roveyayinevi.com.tr\/index.php\/wp-json\/wp\/v2\/product_cat?post=737732"},{"taxonomy":"product_tag","embeddable":true,"href":"https:\/\/roveyayinevi.com.tr\/index.php\/wp-json\/wp\/v2\/product_tag?post=737732"}],"curies":[{"name":"wp","href":"https:\/\/api.w.org\/{rel}","templated":true}]}}