{"id":737731,"date":"2025-08-27T23:34:46","date_gmt":"2025-08-27T20:34:46","guid":{"rendered":"https:\/\/roveyayinevi.com.tr\/index.php\/urun\/kutup-yildizi-4-yaz-ruzgari-ciltli\/"},"modified":"2026-04-16T02:47:35","modified_gmt":"2026-04-15T23:47:35","slug":"kutup-yildizi-4-yaz-ruzgari-ciltli","status":"publish","type":"product","link":"https:\/\/roveyayinevi.com.tr\/index.php\/urun\/kutup-yildizi-4-yaz-ruzgari-ciltli\/","title":{"rendered":"Kutup Y\u0131ld\u0131z\u0131 4- Yaz R\u00fczgar\u0131 (Ciltli)"},"content":{"rendered":"<p>KUTUP YILDIZI SER\u00dcVEN\u0130 YAZ R\u00dcZG\u00c2RI\u2019YLADEVAM ED\u0130YOR\u2026Ya\u015fad\u0131\u011f\u0131 t\u00fcm sorunlar\u0131 arkas\u0131nda b\u0131rakan Nisa, Senem ile dostlu\u011funu daha da sa\u011flamla\u015ft\u0131rm\u0131\u015ft\u0131r. Mersin\u2019de harika bir yaz tatili ge\u00e7iren ikili i\u00e7in art\u0131k aile ve a\u015fk kavramlar\u0131 eskisinden \u00e7ok daha \u00f6nemlidir. Ger\u00e7ek bir aile s\u0131cakl\u0131\u011f\u0131n\u0131n varl\u0131\u011f\u0131yla ikisi de art\u0131k \u00e7ok daha mutludur. Nisa ve Demir de birbirine her zamankinden daha \u00e7ok \u00e2\u015f\u0131kt\u0131r. Ancak Demir\u2019in s\u00fcrpriziyle daha da renklenen yazlar\u0131n\u0131n sonunda onlar\u0131 zorlu bir m\u00fccadele bekliyordur. Art\u0131k son s\u0131n\u0131f olmu\u015flard\u0131r. Bunun getirdi\u011fi sorumlulu\u011fun alt\u0131ndan kalkmaya \u00e7al\u0131\u015fan Nisa, Demir ve Senem\u2019i bamba\u015fka sorunlar beklemektedir.  G\u00fcn ge\u00e7tik\u00e7e bildi\u011fi s\u0131rlar\u0131n alt\u0131nda ezilen Nisa\u2019y\u0131 bu kez ge\u00e7mi\u015ften bir s\u00fcrpriz kar\u015f\u0131layacak ve bir daha hi\u00e7bir \u015fey eskisi gibi olmayacakt\u0131r.\u201cHissediyordum ki bu yazdan kalma \u0131l\u0131k r\u00fczg\u00e2r basit bir esintiden ibaret de\u011fildi. \u00c7ok daha fazlas\u0131yd\u0131. Yakla\u015fan f\u0131rt\u0131nan\u0131n sessiz habercisiydi.\u201d <\/p>\n","protected":false},"excerpt":{"rendered":"<p>KUTUP YILDIZI SER\u00dcVEN\u0130 YAZ R\u00dcZG\u00c2RI\u2019YLADEVAM ED\u0130YOR\u2026Ya\u015fad\u0131\u011f\u0131 t\u00fcm sorunlar\u0131 arkas\u0131nda b\u0131rakan Nisa, Senem ile dostlu\u011funu daha da sa\u011flamla\u015ft\u0131rm\u0131\u015ft\u0131r. Mersin\u2019de harika bir yaz tatili ge\u00e7iren ikili i\u00e7in art\u0131k<span class=\"excerpt-hellip\"> [\u2026]<\/span><\/p>\n","protected":false},"featured_media":0,"template":"","meta":{"_monsterinsights_skip_tracking":false,"_monsterinsights_sitenote_active":false,"_monsterinsights_sitenote_note":"","_monsterinsights_sitenote_category":0},"product_brand":[],"product_cat":[12291,12711],"product_tag":[],"class_list":{"0":"post-737731","1":"product","2":"type-product","3":"status-publish","5":"product_cat-edebiyat","6":"product_cat-roman-oyku","7":"pa_cilt-ciltli","8":"pa_tur-kitap","9":"pa_yayinevi-ephesus-yayinlari","10":"pa_yazar-mehtap-firat","12":"first","13":"instock","14":"sale","15":"shipping-taxable","16":"purchasable","17":"product-type-simple"},"_links":{"self":[{"href":"https:\/\/roveyayinevi.com.tr\/index.php\/wp-json\/wp\/v2\/product\/737731","targetHints":{"allow":["GET"]}}],"collection":[{"href":"https:\/\/roveyayinevi.com.tr\/index.php\/wp-json\/wp\/v2\/product"}],"about":[{"href":"https:\/\/roveyayinevi.com.tr\/index.php\/wp-json\/wp\/v2\/types\/product"}],"wp:attachment":[{"href":"https:\/\/roveyayinevi.com.tr\/index.php\/wp-json\/wp\/v2\/media?parent=737731"}],"wp:term":[{"taxonomy":"product_brand","embeddable":true,"href":"https:\/\/roveyayinevi.com.tr\/index.php\/wp-json\/wp\/v2\/product_brand?post=737731"},{"taxonomy":"product_cat","embeddable":true,"href":"https:\/\/roveyayinevi.com.tr\/index.php\/wp-json\/wp\/v2\/product_cat?post=737731"},{"taxonomy":"product_tag","embeddable":true,"href":"https:\/\/roveyayinevi.com.tr\/index.php\/wp-json\/wp\/v2\/product_tag?post=737731"}],"curies":[{"name":"wp","href":"https:\/\/api.w.org\/{rel}","templated":true}]}}