{"id":737730,"date":"2025-08-27T23:34:44","date_gmt":"2025-08-27T20:34:44","guid":{"rendered":"https:\/\/roveyayinevi.com.tr\/index.php\/urun\/erugrul-oguz-firat-guzellik-sevincini-yaratmak-isteyen-adam\/"},"modified":"2026-04-16T02:47:35","modified_gmt":"2026-04-15T23:47:35","slug":"erugrul-oguz-firat-guzellik-sevincini-yaratmak-isteyen-adam","status":"publish","type":"product","link":"https:\/\/roveyayinevi.com.tr\/index.php\/urun\/erugrul-oguz-firat-guzellik-sevincini-yaratmak-isteyen-adam\/","title":{"rendered":"Eru\u011frul O\u011fuz F\u0131rat &#8211; G\u00fczellik Sevincini Yaratmak \u0130steyen Adam"},"content":{"rendered":"<p>Bu kitap, ya\u015fam\u0131 boyunca sanata \u00e7ok emek vermi\u015f ger\u00e7ek bir \u00e7a\u011fda\u015f sanat\u00e7\u0131n\u0131n ger\u00e7ek ya\u015fam\u0131d\u0131r.\u0130\u015fte okudu\u011fun kitap\u0130\u015fte okudu\u011fum \u015fimdi\u015earab\u0131n yava\u015f yava\u015f\u0130kizle\u015ftirdi\u011fi i\u00e7im gibiE\u011fer s\u00fcrgit bir gizseUmutla gizledi\u011fimizSo\u011fuk toprak alt\u0131nda Ne s\u0131caklar beklerizErtu\u011frul O\u011fuz F\u0131rat \/ \u00d6l\u00fcms\u00fcz Olana A\u011f\u0131t <\/p>\n","protected":false},"excerpt":{"rendered":"<p>Bu kitap, ya\u015fam\u0131 boyunca sanata \u00e7ok emek vermi\u015f ger\u00e7ek bir \u00e7a\u011fda\u015f sanat\u00e7\u0131n\u0131n ger\u00e7ek ya\u015fam\u0131d\u0131r.\u0130\u015fte okudu\u011fun kitap\u0130\u015fte okudu\u011fum \u015fimdi\u015earab\u0131n yava\u015f yava\u015f\u0130kizle\u015ftirdi\u011fi i\u00e7im gibiE\u011fer s\u00fcrgit bir gizseUmutla gizledi\u011fimizSo\u011fuk<span class=\"excerpt-hellip\"> [\u2026]<\/span><\/p>\n","protected":false},"featured_media":0,"template":"","meta":{"_monsterinsights_skip_tracking":false,"_monsterinsights_sitenote_active":false,"_monsterinsights_sitenote_note":"","_monsterinsights_sitenote_category":0},"product_brand":[],"product_cat":[14009,12291],"product_tag":[],"class_list":{"0":"post-737730","1":"product","2":"type-product","3":"status-publish","5":"product_cat-biyografi-otobiyografi-edebiyat","6":"product_cat-edebiyat","7":"pa_cilt-ciltsiz","8":"pa_tur-kitap","9":"pa_yayinevi-sevda-cenap-and-muzik-vakfi-yayinlari","10":"pa_yazar-f-ferzan-basar","12":"first","13":"instock","14":"sale","15":"shipping-taxable","16":"purchasable","17":"product-type-simple"},"_links":{"self":[{"href":"https:\/\/roveyayinevi.com.tr\/index.php\/wp-json\/wp\/v2\/product\/737730","targetHints":{"allow":["GET"]}}],"collection":[{"href":"https:\/\/roveyayinevi.com.tr\/index.php\/wp-json\/wp\/v2\/product"}],"about":[{"href":"https:\/\/roveyayinevi.com.tr\/index.php\/wp-json\/wp\/v2\/types\/product"}],"wp:attachment":[{"href":"https:\/\/roveyayinevi.com.tr\/index.php\/wp-json\/wp\/v2\/media?parent=737730"}],"wp:term":[{"taxonomy":"product_brand","embeddable":true,"href":"https:\/\/roveyayinevi.com.tr\/index.php\/wp-json\/wp\/v2\/product_brand?post=737730"},{"taxonomy":"product_cat","embeddable":true,"href":"https:\/\/roveyayinevi.com.tr\/index.php\/wp-json\/wp\/v2\/product_cat?post=737730"},{"taxonomy":"product_tag","embeddable":true,"href":"https:\/\/roveyayinevi.com.tr\/index.php\/wp-json\/wp\/v2\/product_tag?post=737730"}],"curies":[{"name":"wp","href":"https:\/\/api.w.org\/{rel}","templated":true}]}}