{"id":737726,"date":"2025-08-27T23:34:41","date_gmt":"2025-08-27T20:34:41","guid":{"rendered":"https:\/\/roveyayinevi.com.tr\/index.php\/urun\/mozart-viyanada-olgunlasmanin-romani-2\/"},"modified":"2026-04-16T02:47:35","modified_gmt":"2026-04-15T23:47:35","slug":"mozart-viyanada-olgunlasmanin-romani-2","status":"publish","type":"product","link":"https:\/\/roveyayinevi.com.tr\/index.php\/urun\/mozart-viyanada-olgunlasmanin-romani-2\/","title":{"rendered":"Mozart Viyana&#8217;da &#8211; Olgunla\u015fman\u0131n Roman\u0131 2"},"content":{"rendered":"<p>MOZART V\u0130YANA\u2019DA &#8211; OLGUNLA\u015eMANIN ROMANI \u2013 2.Cilt Elinizde tuttu\u011funuz W.A.Mozart\u2019\u0131 anlatan bu ikinci kitapta dahi bestecinin Viyana\u2019da ge\u00e7irdi\u011fi son on y\u0131l\u0131 ve \u00f6l\u00fcm\u00fc romanla\u015ft\u0131r\u0131lm\u0131\u015f; babas\u0131n\u0131n koruyucu eli olmaks\u0131z\u0131n, sarayda s\u00fcrekli bir g\u00f6rev aray\u0131\u015f\u0131 i\u00e7inde \u00e7\u0131rp\u0131nan, \u00fcz\u00fcnt\u00fcler i\u00e7inde tutulmayan s\u00f6zler ve k\u0131skan\u00e7l\u0131klar y\u00fcz\u00fcnden sonunda umutsuzlu\u011fa d\u00f6n\u00fc\u015fen ve yoksullu\u011fu tatt\u0131ran bir ya\u015fam dilimi. Ama di\u011fer yandan, m\u00fczik tarihinin o g\u00fcne kadar g\u00f6rmedi\u011fi bir dehan\u0131n ate\u015fledi\u011fi hi\u00e7 s\u00f6nmeyen bir yaratma tutkusu ve pe\u015fpe\u015fe gelen \u00f6l\u00fcms\u00fcz eserler\u2026Zamanla yar\u0131\u015fan bir yaratma temposu, dingin bir teslimiyetle beklenen ve erken \u00f6l\u00fcm, kendi Requiem\u2019ini kendisinin bestelemesine yol a\u00e7an s\u0131r dolu bir kader\u2026Bu ikiz kitaplar\u0131n yazar\u0131 Fel\u0131x Huch, t\u0131pk\u0131 Beethoven\u2019in ya\u015fam\u0131n\u0131 konu alan ikiz romanlar\u0131 gibi Mozart ikilemesini de derin ara\u015ft\u0131rmalara ve belgelere dayanarak bir yaz\u0131n eserine d\u00f6n\u00fc\u015ft\u00fcrm\u00fc\u015f.Kitab\u0131n \u00e7evirmeni Dr. Erdo\u011fan Okyay, m\u00fczik e\u011fitimini Gazi E\u011fitim Enstit\u00fcs\u00fc \u201cM\u00fczik \u015eubesinde\u201d ve Freburg-Berlin \u00fcniversitelerinde tamamlad\u0131ktan sonra uzun y\u0131llar G.E.E\u2019nde, \u0130zmir Ege \u00dcniversitesinde ve son olarak da Ankara- Ba\u015fkent \u00dcniversitesinde g\u00f6rev yapt\u0131. Okyay, Sevda-Cenap And M\u00fczik Vakf\u0131 Y\u00f6netim Kurulu \u00fcyesi ve vak\u0131f yay\u0131nlar\u0131 aras\u0131nda \u00e7\u0131kan onbir kitab\u0131n da yazar\u0131 ya da \u00e7evirmeni. <\/p>\n","protected":false},"excerpt":{"rendered":"<p>MOZART V\u0130YANA\u2019DA &#8211; OLGUNLA\u015eMANIN ROMANI \u2013 2.Cilt Elinizde tuttu\u011funuz W.A.Mozart\u2019\u0131 anlatan bu ikinci kitapta dahi bestecinin Viyana\u2019da ge\u00e7irdi\u011fi son on y\u0131l\u0131 ve \u00f6l\u00fcm\u00fc romanla\u015ft\u0131r\u0131lm\u0131\u015f; babas\u0131n\u0131n koruyucu<span class=\"excerpt-hellip\"> [\u2026]<\/span><\/p>\n","protected":false},"featured_media":0,"template":"","meta":{"_monsterinsights_skip_tracking":false,"_monsterinsights_sitenote_active":false,"_monsterinsights_sitenote_note":"","_monsterinsights_sitenote_category":0},"product_brand":[],"product_cat":[14591,14556],"product_tag":[],"class_list":{"0":"post-737726","1":"product","2":"type-product","3":"status-publish","5":"product_cat-genel-kavramlar-kuram-ve-tarihce","6":"product_cat-muzik","7":"pa_cilt-ciltsiz","8":"pa_tur-kitap","9":"pa_yayinevi-sevda-cenap-and-muzik-vakfi-yayinlari","10":"pa_yazar-erdogan-okyay","12":"first","13":"instock","14":"sale","15":"shipping-taxable","16":"purchasable","17":"product-type-simple"},"_links":{"self":[{"href":"https:\/\/roveyayinevi.com.tr\/index.php\/wp-json\/wp\/v2\/product\/737726","targetHints":{"allow":["GET"]}}],"collection":[{"href":"https:\/\/roveyayinevi.com.tr\/index.php\/wp-json\/wp\/v2\/product"}],"about":[{"href":"https:\/\/roveyayinevi.com.tr\/index.php\/wp-json\/wp\/v2\/types\/product"}],"wp:attachment":[{"href":"https:\/\/roveyayinevi.com.tr\/index.php\/wp-json\/wp\/v2\/media?parent=737726"}],"wp:term":[{"taxonomy":"product_brand","embeddable":true,"href":"https:\/\/roveyayinevi.com.tr\/index.php\/wp-json\/wp\/v2\/product_brand?post=737726"},{"taxonomy":"product_cat","embeddable":true,"href":"https:\/\/roveyayinevi.com.tr\/index.php\/wp-json\/wp\/v2\/product_cat?post=737726"},{"taxonomy":"product_tag","embeddable":true,"href":"https:\/\/roveyayinevi.com.tr\/index.php\/wp-json\/wp\/v2\/product_tag?post=737726"}],"curies":[{"name":"wp","href":"https:\/\/api.w.org\/{rel}","templated":true}]}}