{"id":737724,"date":"2025-08-27T23:34:39","date_gmt":"2025-08-27T20:34:39","guid":{"rendered":"https:\/\/roveyayinevi.com.tr\/index.php\/urun\/mutfak-filede-baslar\/"},"modified":"2026-04-16T02:47:35","modified_gmt":"2026-04-15T23:47:35","slug":"mutfak-filede-baslar","status":"publish","type":"product","link":"https:\/\/roveyayinevi.com.tr\/index.php\/urun\/mutfak-filede-baslar\/","title":{"rendered":"Mutfak Filede Ba\u015flar"},"content":{"rendered":"<p>Yemek, tabakta biter fakat mutfakta ba\u015flamaz. \u00c7ok \u00f6nceden ba\u015flar asl\u0131nda \u00f6yk\u00fcs\u00fc; bir al\u0131\u015fveri\u015f listesinden, bir pazar tezgah\u0131ndan&#8230; Bazen mutfaklar\u0131m\u0131zda olan bitenden\u2026 \u201cHayda, limon kalmam\u0131\u015f, portakalla yapsam ne kadar sa\u00e7malam\u0131\u015f olurum ki?\u201d Gitti\u011fimiz pazar yerlerinde verdi\u011fimiz m\u00fccadelelerden\u2026 \u201cD\u00f6rt farkl\u0131 patates \u00e7e\u015fidi koyuyorsunuz buraya, ben bilmiyorum ki hangisini alaca\u011f\u0131m\u0131. Ver \u00fczeri en \u00e7amurlu olandan ver, organik gibi duruyor o.\u201d Bir so\u011fana y\u00f6neltti\u011fimiz basit gibi g\u00f6r\u00fcnen sorulardan\u2026 \u201cSen tarifte kastedilen o orta boy so\u011fanlardan m\u0131s\u0131n ve seni tam olarak nas\u0131l do\u011framal\u0131y\u0131m? \u00c7\u00fcnk\u00fc ona dair bir m\u00fceyyide yok \u015fu an elimde.\u201d Bir yeme\u011fi yaparken, yerken onunla kurdu\u011fumuz ili\u015fkiden\u2026 Asl\u0131na bakarsan\u0131z yemekle beraber kendimiz olma halinden hi\u00e7 anlamayan \u015feflerin, a\u015f\u00e7\u0131lar\u0131n kitaplar\u0131ndan birinde de\u011filsiniz. \u00c7ok \u015f\u00fck\u00fcr. Bu defa yan\u0131n\u0131zda, pazara gitti\u011finizde de sizinle y\u00fcr\u00fcy\u00fcp sebze, meyve se\u00e7erken yard\u0131m edecek biri var.  Mutfak dolaplar\u0131n\u0131zda, kilerlerinizde, so\u011fuk balkonlar\u0131n\u0131zda neler bulunmas\u0131 gerekti\u011fine dair minik ipu\u00e7lar\u0131n\u0131 kula\u011f\u0131n\u0131za f\u0131s\u0131ldayacak biri. Yeme\u011fi yaparken size kendi bildi\u011fini okumak yerine, sizi oyun oynamaya davet eden biri. \u0130ster \u201cYEMEK 101\u201d dersini almak i\u00e7in bu i\u015fe giri\u015fmi\u015f bir acemi olun, isterseniz y\u0131llar\u0131n profesyoneli\u2026 Sercan \u00c7am\u2019\u0131n her birinize anlatacaklar\u0131 var bu kitapta. Etraf\u0131ndan dolanmadan, ba\u015fkalar\u0131 i\u00e7in ayr\u0131nt\u0131 gibi g\u00f6r\u00fcnen detaylar\u0131 atlamadan ve her a\u015famada yan\u0131n\u0131zda olarak\u2026 Yemek, tabakta biter fakat mutfakta ba\u015flamaz. \u00c7ok \u00f6nceden ba\u015flar asl\u0131nda \u00f6yk\u00fcs\u00fc; bir al\u0131\u015fveri\u015f listesinden, bir pazar tezgah\u0131ndan. \u0130\u015fte Sercan \u00c7am\u2019\u0131n \u00f6yk\u00fcs\u00fc de tam oralardan ba\u015fl\u0131yor ve yolculu\u011fu unutulmaz lezzetlere var\u0131yor. Bu yolculu\u011fa haz\u0131rsan\u0131z, \u015fimdiden afiyet olsun! <\/p>\n","protected":false},"excerpt":{"rendered":"<p>Yemek, tabakta biter fakat mutfakta ba\u015flamaz. \u00c7ok \u00f6nceden ba\u015flar asl\u0131nda \u00f6yk\u00fcs\u00fc; bir al\u0131\u015fveri\u015f listesinden, bir pazar tezgah\u0131ndan&#8230; Bazen mutfaklar\u0131m\u0131zda olan bitenden\u2026 \u201cHayda, limon kalmam\u0131\u015f, portakalla yapsam<span class=\"excerpt-hellip\"> [\u2026]<\/span><\/p>\n","protected":false},"featured_media":0,"template":"","meta":{"_monsterinsights_skip_tracking":false,"_monsterinsights_sitenote_active":false,"_monsterinsights_sitenote_note":"","_monsterinsights_sitenote_category":0},"product_brand":[],"product_cat":[22706,12457],"product_tag":[],"class_list":{"0":"post-737724","1":"product","2":"type-product","3":"status-publish","5":"product_cat-dunya-mutfagi","6":"product_cat-yemek-kitaplari","7":"pa_cilt-ciltsiz","8":"pa_tur-kitap","9":"pa_yayinevi-okuyan-us-yayin","10":"pa_yazar-sercan-cam","12":"first","13":"instock","14":"sale","15":"shipping-taxable","16":"purchasable","17":"product-type-simple"},"_links":{"self":[{"href":"https:\/\/roveyayinevi.com.tr\/index.php\/wp-json\/wp\/v2\/product\/737724","targetHints":{"allow":["GET"]}}],"collection":[{"href":"https:\/\/roveyayinevi.com.tr\/index.php\/wp-json\/wp\/v2\/product"}],"about":[{"href":"https:\/\/roveyayinevi.com.tr\/index.php\/wp-json\/wp\/v2\/types\/product"}],"wp:attachment":[{"href":"https:\/\/roveyayinevi.com.tr\/index.php\/wp-json\/wp\/v2\/media?parent=737724"}],"wp:term":[{"taxonomy":"product_brand","embeddable":true,"href":"https:\/\/roveyayinevi.com.tr\/index.php\/wp-json\/wp\/v2\/product_brand?post=737724"},{"taxonomy":"product_cat","embeddable":true,"href":"https:\/\/roveyayinevi.com.tr\/index.php\/wp-json\/wp\/v2\/product_cat?post=737724"},{"taxonomy":"product_tag","embeddable":true,"href":"https:\/\/roveyayinevi.com.tr\/index.php\/wp-json\/wp\/v2\/product_tag?post=737724"}],"curies":[{"name":"wp","href":"https:\/\/api.w.org\/{rel}","templated":true}]}}