{"id":737715,"date":"2025-08-27T23:34:32","date_gmt":"2025-08-27T20:34:32","guid":{"rendered":"https:\/\/roveyayinevi.com.tr\/index.php\/urun\/turk-bestecileri-eser-katalogu\/"},"modified":"2026-04-16T02:47:35","modified_gmt":"2026-04-15T23:47:35","slug":"turk-bestecileri-eser-katalogu","status":"publish","type":"product","link":"https:\/\/roveyayinevi.com.tr\/index.php\/urun\/turk-bestecileri-eser-katalogu\/","title":{"rendered":"T\u00fcrk Bestecileri Eser Katalo\u011fu"},"content":{"rendered":"<p>\u00c7A\u011eDA\u015e T\u00dcRK M\u00dcZ\u0130\u011e\u0130BESTEC\u0130LER\u0130N\u0130N YAPITLARINDAN OLU\u015eTURULMU\u015e ESER L\u0130STES\u0130 Ersin Antep Gelibolu\u2019da do\u011fdu. Orta\u00f6\u011fretimin ard\u0131ndan m\u00fczik e\u011fitimine lisede Ankara\u2019da ba\u015flad\u0131.   Taner Y\u0131ld\u0131r\u0131m, Ersin Sel\u00e7uk, B\u00fclent Civelek (klarnet) ve Ercan Yenal ile \u00e7al\u0131\u015ft\u0131. Daha sonra Mimar Sinan G\u00fczel Sanatlar \u00dcniversitesi Devlet Konservatuar\u0131 Genel M\u00fczikoloji ve M\u00fczik Tarihi B\u00f6l\u00fcm\u00fcnde Prof. Filiz Ali, Prof. Dr. Ahmet Y\u00fcr\u00fcr, Prof. \u0130lhan Usmanba\u015f, Prof. Cenan Ak\u0131n, Dr. Feza Tansu\u011f ve Meliha Do\u011fuduyal ile \u00e7al\u0131\u015ft\u0131. M\u00fczikoloji Derne\u011fi Genel Sekreterli\u011fi g\u00f6revinde bulundu.   Makaleleri; Toplumbilim, Orkestra, H\u00fcrriyet G\u00f6steri ve Andante gibi dergiler ile Cumhuriyet, Radikal ve D\u00fcnya Gazetesi\u2019nde, M\u00fczikoloji B\u00fclteni\u2019nde yay\u0131mland\u0131. \u00dcniversite, kurum ve derneklerde; konferans, panel ve seminerlerde konu\u015fmac\u0131 oldu. M\u00fczikbilimsel etkinliklerde D\u00fczenleme Kurulu \u00dcyeli\u011fi ile m\u00fczikbilim alan\u0131ndaki kitaplarda edit\u00f6rl\u00fck yapt\u0131. \u201cT\u00fcrk Bestecileri Eser Kay\u0131t Kaynak\u00e7as\u0131\u201dadl\u0131 kitab\u0131 May\u0131s 2005 tarihinde Sevda-Cenap And M\u00fczik Vakf\u0131 Yay\u0131nlar\u0131\u2019ndan \u00e7\u0131kt\u0131.   \u00dclkemizde m\u00fczik biliminin ve m\u00fczikal bilin\u00e7lenmenin yayg\u0131nla\u015fmas\u0131 amac\u0131yla s\u00fcrd\u00fcrd\u00fc\u011f\u00fc \u00e7al\u0131\u015fmalar kapsam\u0131nda www.muzikoloji.com internet adresini olu\u015fturdu. Halen \u00e7e\u015fitli kurumlarda dan\u0131\u015fmanl\u0131k g\u00f6revini s\u00fcrd\u00fcrmekte, bilimsel ve sanatsal etkinlikler ger\u00e7ekle\u015ftirmektedir. <\/p>\n","protected":false},"excerpt":{"rendered":"<p>\u00c7A\u011eDA\u015e T\u00dcRK M\u00dcZ\u0130\u011e\u0130BESTEC\u0130LER\u0130N\u0130N YAPITLARINDAN OLU\u015eTURULMU\u015e ESER L\u0130STES\u0130 Ersin Antep Gelibolu\u2019da do\u011fdu. Orta\u00f6\u011fretimin ard\u0131ndan m\u00fczik e\u011fitimine lisede Ankara\u2019da ba\u015flad\u0131. Taner Y\u0131ld\u0131r\u0131m, Ersin Sel\u00e7uk, B\u00fclent Civelek (klarnet) ve<span class=\"excerpt-hellip\"> [\u2026]<\/span><\/p>\n","protected":false},"featured_media":0,"template":"","meta":{"_monsterinsights_skip_tracking":false,"_monsterinsights_sitenote_active":false,"_monsterinsights_sitenote_note":"","_monsterinsights_sitenote_category":0},"product_brand":[],"product_cat":[14591,14556],"product_tag":[],"class_list":{"0":"post-737715","1":"product","2":"type-product","3":"status-publish","5":"product_cat-genel-kavramlar-kuram-ve-tarihce","6":"product_cat-muzik","7":"pa_cilt-ciltsiz","8":"pa_tur-kitap","9":"pa_yayinevi-sevda-cenap-and-muzik-vakfi-yayinlari","10":"pa_yazar-ersin-antep","12":"first","13":"instock","14":"sale","15":"shipping-taxable","16":"purchasable","17":"product-type-simple"},"_links":{"self":[{"href":"https:\/\/roveyayinevi.com.tr\/index.php\/wp-json\/wp\/v2\/product\/737715","targetHints":{"allow":["GET"]}}],"collection":[{"href":"https:\/\/roveyayinevi.com.tr\/index.php\/wp-json\/wp\/v2\/product"}],"about":[{"href":"https:\/\/roveyayinevi.com.tr\/index.php\/wp-json\/wp\/v2\/types\/product"}],"wp:attachment":[{"href":"https:\/\/roveyayinevi.com.tr\/index.php\/wp-json\/wp\/v2\/media?parent=737715"}],"wp:term":[{"taxonomy":"product_brand","embeddable":true,"href":"https:\/\/roveyayinevi.com.tr\/index.php\/wp-json\/wp\/v2\/product_brand?post=737715"},{"taxonomy":"product_cat","embeddable":true,"href":"https:\/\/roveyayinevi.com.tr\/index.php\/wp-json\/wp\/v2\/product_cat?post=737715"},{"taxonomy":"product_tag","embeddable":true,"href":"https:\/\/roveyayinevi.com.tr\/index.php\/wp-json\/wp\/v2\/product_tag?post=737715"}],"curies":[{"name":"wp","href":"https:\/\/api.w.org\/{rel}","templated":true}]}}