{"id":737714,"date":"2025-08-27T23:34:31","date_gmt":"2025-08-27T20:34:31","guid":{"rendered":"https:\/\/roveyayinevi.com.tr\/index.php\/urun\/turk-bestecileri-eser-kayit-kaynakcasi\/"},"modified":"2026-04-16T02:47:35","modified_gmt":"2026-04-15T23:47:35","slug":"turk-bestecileri-eser-kayit-kaynakcasi","status":"publish","type":"product","link":"https:\/\/roveyayinevi.com.tr\/index.php\/urun\/turk-bestecileri-eser-kayit-kaynakcasi\/","title":{"rendered":"T\u00fcrk Bestecileri Eser Kay\u0131t Kaynak\u00e7as\u0131"},"content":{"rendered":"<p>T\u00fcm Kaynak\u00e7a kitaplar gibi elinizde tuttu\u011funuz bu \u00e7al\u0131\u015fma da \u00e7ok uzun ara\u015ft\u0131rmalar sonunda, \u00f6n\u00fcnde sayg\u0131yla e\u011filece\u011fimiz bir emekle ortaya \u00e7\u0131km\u0131\u015f. Eseri de\u011ferli k\u0131lan unsurlar\u0131n ba\u015f\u0131nda \u00e7oksesli m\u00fczik ge\u00e7mi\u015fimizi belgeliyor olmas\u0131 gerekiyor. T\u00fcrk bestecilerin eserlerinin seslendirilmi\u015f kay\u0131tlar\u0131n\u0131 bu kitapta bulman\u0131z m\u00fcmk\u00fcn. Bir eser farkl\u0131 orkestralar taraf\u0131ndan kaydedilmi\u015fse ya da hem CD hem makara bant olarak kayd\u0131 varsa, bunlar\u0131 da elinizdeki bu kitapta bulman\u0131z olanakl\u0131.Kaynak\u00e7ay\u0131 de\u011ferli k\u0131lan pek \u00e7ok unsurdan biri de radyo kay\u0131tlar\u0131na hatta ki\u015fisel ar\u015fivlerdeki kay\u0131tlara kadar bilgiler i\u00e7ermesi. Kitap incelendi\u011finde, T\u00fcrkiye\u2019de \u00e7oksesli m\u00fczi\u011fin geli\u015fimi, besteciler, sanat\u00e7\u0131lar ve kurumlar hakk\u0131nda tarihi \u00e7\u0131kar\u0131mlarda bulunman\u0131n kolayl\u0131\u011f\u0131 anla\u015f\u0131lacakt\u0131r.Toplam 151 bestecinin eserleri; makara bant, DAT, plak ya da CD kayd\u0131 olarak s\u0131n\u0131fland\u0131r\u0131lm\u0131\u015f. Ara\u015ft\u0131rmac\u0131; i\u00e7in b\u00fcy\u00fck kolayl\u0131klar sunan sistemi ile kitap ayr\u0131ca, T\u00fcrk m\u00fczik tarihi yolculu\u011funda \u00f6nemli istatistiki bilgiler \u00e7\u0131kar\u0131lmas\u0131n\u0131 sa\u011flayacak ayr\u0131nt\u0131lar sunuyor. <\/p>\n","protected":false},"excerpt":{"rendered":"<p>T\u00fcm Kaynak\u00e7a kitaplar gibi elinizde tuttu\u011funuz bu \u00e7al\u0131\u015fma da \u00e7ok uzun ara\u015ft\u0131rmalar sonunda, \u00f6n\u00fcnde sayg\u0131yla e\u011filece\u011fimiz bir emekle ortaya \u00e7\u0131km\u0131\u015f. Eseri de\u011ferli k\u0131lan unsurlar\u0131n ba\u015f\u0131nda \u00e7oksesli<span class=\"excerpt-hellip\"> [\u2026]<\/span><\/p>\n","protected":false},"featured_media":0,"template":"","meta":{"_monsterinsights_skip_tracking":false,"_monsterinsights_sitenote_active":false,"_monsterinsights_sitenote_note":"","_monsterinsights_sitenote_category":0},"product_brand":[],"product_cat":[14591,14556],"product_tag":[],"class_list":{"0":"post-737714","1":"product","2":"type-product","3":"status-publish","5":"product_cat-genel-kavramlar-kuram-ve-tarihce","6":"product_cat-muzik","7":"pa_cilt-ciltsiz","8":"pa_tur-kitap","9":"pa_yayinevi-sevda-cenap-and-muzik-vakfi-yayinlari","10":"pa_yazar-ersin-antep","12":"first","13":"instock","14":"sale","15":"shipping-taxable","16":"purchasable","17":"product-type-simple"},"_links":{"self":[{"href":"https:\/\/roveyayinevi.com.tr\/index.php\/wp-json\/wp\/v2\/product\/737714","targetHints":{"allow":["GET"]}}],"collection":[{"href":"https:\/\/roveyayinevi.com.tr\/index.php\/wp-json\/wp\/v2\/product"}],"about":[{"href":"https:\/\/roveyayinevi.com.tr\/index.php\/wp-json\/wp\/v2\/types\/product"}],"wp:attachment":[{"href":"https:\/\/roveyayinevi.com.tr\/index.php\/wp-json\/wp\/v2\/media?parent=737714"}],"wp:term":[{"taxonomy":"product_brand","embeddable":true,"href":"https:\/\/roveyayinevi.com.tr\/index.php\/wp-json\/wp\/v2\/product_brand?post=737714"},{"taxonomy":"product_cat","embeddable":true,"href":"https:\/\/roveyayinevi.com.tr\/index.php\/wp-json\/wp\/v2\/product_cat?post=737714"},{"taxonomy":"product_tag","embeddable":true,"href":"https:\/\/roveyayinevi.com.tr\/index.php\/wp-json\/wp\/v2\/product_tag?post=737714"}],"curies":[{"name":"wp","href":"https:\/\/api.w.org\/{rel}","templated":true}]}}