{"id":737697,"date":"2025-08-27T23:34:17","date_gmt":"2025-08-27T20:34:17","guid":{"rendered":"https:\/\/roveyayinevi.com.tr\/index.php\/urun\/keman-yapim-tarihi\/"},"modified":"2026-04-16T02:47:34","modified_gmt":"2026-04-15T23:47:34","slug":"keman-yapim-tarihi","status":"publish","type":"product","link":"https:\/\/roveyayinevi.com.tr\/index.php\/urun\/keman-yapim-tarihi\/","title":{"rendered":"Keman Yap\u0131m Tarihi"},"content":{"rendered":"<p>Soylu bir ladinle, ak\u00e7aa\u011fac\u0131n birlikteli\u011finden do\u011fan ola\u011fan\u00fcst\u00fc bir \u00e7alg\u0131n\u0131n \u00f6yk\u00fcs\u00fc.Yayl\u0131 \u00e7alg\u0131lar ailesinin bir \u00fcyesi olan keman, formunu bulana de\u011fin hangi evrelerden ge\u00e7ti?D\u00fcnyadaki \u00f6nemli keman yap\u0131m ustalar\u0131 ve \u00f6zellikleri\u2026.Osmanl\u0131ya keman\u0131n giri\u015fi\u2026 Keman tarihinde bir yolculu\u011fa \u00e7\u0131kmak i\u00e7in\u2019\u2019 Keman Yap\u0131m Tarihi\u2019\u2019 yol g\u00f6sterici nitelikler ta\u015f\u0131yor.\u2018\u2019Keman sevgi ile t\u0131nlar\u2019\u2019 diyen Prof.Hazar Alap\u0131nar; kitab\u0131, keman\u0131 sevenlere ona ilgi duyanlara adam\u0131\u015f. <\/p>\n","protected":false},"excerpt":{"rendered":"<p>Soylu bir ladinle, ak\u00e7aa\u011fac\u0131n birlikteli\u011finden do\u011fan ola\u011fan\u00fcst\u00fc bir \u00e7alg\u0131n\u0131n \u00f6yk\u00fcs\u00fc.Yayl\u0131 \u00e7alg\u0131lar ailesinin bir \u00fcyesi olan keman, formunu bulana de\u011fin hangi evrelerden ge\u00e7ti?D\u00fcnyadaki \u00f6nemli keman yap\u0131m ustalar\u0131<span class=\"excerpt-hellip\"> [\u2026]<\/span><\/p>\n","protected":false},"featured_media":0,"template":"","meta":{"_monsterinsights_skip_tracking":false,"_monsterinsights_sitenote_active":false,"_monsterinsights_sitenote_note":"","_monsterinsights_sitenote_category":0},"product_brand":[],"product_cat":[14591,14556],"product_tag":[],"class_list":{"0":"post-737697","1":"product","2":"type-product","3":"status-publish","5":"product_cat-genel-kavramlar-kuram-ve-tarihce","6":"product_cat-muzik","7":"pa_cilt-ciltsiz","8":"pa_tur-kitap","9":"pa_yayinevi-sevda-cenap-and-muzik-vakfi-yayinlari","10":"pa_yazar-hazar-alapinar","12":"first","13":"instock","14":"sale","15":"shipping-taxable","16":"purchasable","17":"product-type-simple"},"_links":{"self":[{"href":"https:\/\/roveyayinevi.com.tr\/index.php\/wp-json\/wp\/v2\/product\/737697","targetHints":{"allow":["GET"]}}],"collection":[{"href":"https:\/\/roveyayinevi.com.tr\/index.php\/wp-json\/wp\/v2\/product"}],"about":[{"href":"https:\/\/roveyayinevi.com.tr\/index.php\/wp-json\/wp\/v2\/types\/product"}],"wp:attachment":[{"href":"https:\/\/roveyayinevi.com.tr\/index.php\/wp-json\/wp\/v2\/media?parent=737697"}],"wp:term":[{"taxonomy":"product_brand","embeddable":true,"href":"https:\/\/roveyayinevi.com.tr\/index.php\/wp-json\/wp\/v2\/product_brand?post=737697"},{"taxonomy":"product_cat","embeddable":true,"href":"https:\/\/roveyayinevi.com.tr\/index.php\/wp-json\/wp\/v2\/product_cat?post=737697"},{"taxonomy":"product_tag","embeddable":true,"href":"https:\/\/roveyayinevi.com.tr\/index.php\/wp-json\/wp\/v2\/product_tag?post=737697"}],"curies":[{"name":"wp","href":"https:\/\/api.w.org\/{rel}","templated":true}]}}