{"id":737694,"date":"2025-08-27T23:34:13","date_gmt":"2025-08-27T20:34:13","guid":{"rendered":"https:\/\/roveyayinevi.com.tr\/index.php\/urun\/cevat-memduh-altar\/"},"modified":"2026-04-16T02:47:34","modified_gmt":"2026-04-15T23:47:34","slug":"cevat-memduh-altar","status":"publish","type":"product","link":"https:\/\/roveyayinevi.com.tr\/index.php\/urun\/cevat-memduh-altar\/","title":{"rendered":"Cevat Memduh Altar"},"content":{"rendered":"<p>Cumhuriyet d\u00f6neminin unutulmaz m\u00fczik tarih\u00e7esi, e\u011fitimcisi ve yazar\u0131&#8230; D\u00f6rt ciltlik &#8220;Opera Tarihi&#8221; kitab\u0131, konusunda halen \u00fclkemizin en \u00f6nemli kayna\u011f\u0131. Pek \u00e7ok kurumda \u00f6\u011fretmenlik ve y\u00f6neticilik yapt\u0131, m\u00fczik tekniklerini \u00f6\u011freten yabanc\u0131 kaynaklar\u0131 dilimize \u00e7evirdi&#8230; Cumhuriyet d\u00f6nemi m\u00fczik k\u00fclt\u00fcr\u00fcm\u00fcz\u00fc yabanc\u0131 \u00fclkelerde tan\u0131tan say\u0131s\u0131z bildiri haz\u0131rlad\u0131, konferanslar verdi. K\u0131saca Altar, Atat\u00fcrk&#8217;\u00fcn m\u00fczik devriminin yerle\u015fip k\u00f6kle\u015fmesi i\u00e7in, bu yap\u0131n\u0131n temellerine har\u00e7 koyan bir nefer, her t\u00fcrl\u00fc engele kar\u015f\u0131 cesaretle kar\u015f\u0131 koyan bir \u015f\u00f6valyeydi. Hizmetleri nedeniyle 1989&#8217;da Sevda-Cenap And M\u00fczik Vakf\u0131 Onur \u00d6d\u00fcl\u00fc Alt\u0131n Madalyas\u0131 ile \u00f6d\u00fcllendirildi. Bu kitapta Dr. Erdo\u011fan Okyay taraf\u0131ndan derlenen Cevat Memduh Altar&#8217;dan se\u00e7me yaz\u0131lar\u0131 bulacaks\u0131n\u0131z.  <\/p>\n","protected":false},"excerpt":{"rendered":"<p>Cumhuriyet d\u00f6neminin unutulmaz m\u00fczik tarih\u00e7esi, e\u011fitimcisi ve yazar\u0131&#8230; D\u00f6rt ciltlik &#8220;Opera Tarihi&#8221; kitab\u0131, konusunda halen \u00fclkemizin en \u00f6nemli kayna\u011f\u0131. Pek \u00e7ok kurumda \u00f6\u011fretmenlik ve y\u00f6neticilik yapt\u0131,<span class=\"excerpt-hellip\"> [\u2026]<\/span><\/p>\n","protected":false},"featured_media":0,"template":"","meta":{"_monsterinsights_skip_tracking":false,"_monsterinsights_sitenote_active":false,"_monsterinsights_sitenote_note":"","_monsterinsights_sitenote_category":0},"product_brand":[],"product_cat":[14009,12291],"product_tag":[],"class_list":{"0":"post-737694","1":"product","2":"type-product","3":"status-publish","5":"product_cat-biyografi-otobiyografi-edebiyat","6":"product_cat-edebiyat","7":"pa_cilt-ciltsiz","8":"pa_tur-kitap","9":"pa_yayinevi-sevda-cenap-and-muzik-vakfi-yayinlari","10":"pa_yazar-erdogan-okyay","12":"first","13":"instock","14":"sale","15":"shipping-taxable","16":"purchasable","17":"product-type-simple"},"_links":{"self":[{"href":"https:\/\/roveyayinevi.com.tr\/index.php\/wp-json\/wp\/v2\/product\/737694","targetHints":{"allow":["GET"]}}],"collection":[{"href":"https:\/\/roveyayinevi.com.tr\/index.php\/wp-json\/wp\/v2\/product"}],"about":[{"href":"https:\/\/roveyayinevi.com.tr\/index.php\/wp-json\/wp\/v2\/types\/product"}],"wp:attachment":[{"href":"https:\/\/roveyayinevi.com.tr\/index.php\/wp-json\/wp\/v2\/media?parent=737694"}],"wp:term":[{"taxonomy":"product_brand","embeddable":true,"href":"https:\/\/roveyayinevi.com.tr\/index.php\/wp-json\/wp\/v2\/product_brand?post=737694"},{"taxonomy":"product_cat","embeddable":true,"href":"https:\/\/roveyayinevi.com.tr\/index.php\/wp-json\/wp\/v2\/product_cat?post=737694"},{"taxonomy":"product_tag","embeddable":true,"href":"https:\/\/roveyayinevi.com.tr\/index.php\/wp-json\/wp\/v2\/product_tag?post=737694"}],"curies":[{"name":"wp","href":"https:\/\/api.w.org\/{rel}","templated":true}]}}