{"id":737693,"date":"2025-08-27T23:34:13","date_gmt":"2025-08-27T20:34:13","guid":{"rendered":"https:\/\/roveyayinevi.com.tr\/index.php\/urun\/ustam-alerio-diaz\/"},"modified":"2025-10-23T07:43:15","modified_gmt":"2025-10-23T04:43:15","slug":"ustam-alerio-diaz","status":"publish","type":"product","link":"https:\/\/roveyayinevi.com.tr\/index.php\/urun\/ustam-alerio-diaz\/","title":{"rendered":"Ustam Alerio Diaz"},"content":{"rendered":"<p>USTAM ALIRIO DIAZ \u201c50.Sanat Y\u0131l\u0131\u201d 7 y\u0131l \u00f6nce, Venezuela\u2019n\u0131n Carora kentine ba\u011fl\u0131 k\u00fc\u00e7\u00fck bir k\u00f6yde, La Candeleria\u2019da, annelerin ve dad\u0131lar\u0131n \u00e7ocuklar\u0131 i\u00e7in s\u00f6yledikleri ninniler aras\u0131nda bir bebek d\u00fcnyaya geldi. Ailesinin ya\u015fad\u0131\u011f\u0131 yokluklarla dolu k\u00f6y hayat\u0131 i\u00e7inde, tek bir zenginli\u011fi vard\u0131: Gitar&#8230; Y\u0131llar sonra, y\u00fczy\u0131l\u0131n m\u00fczik d\u00fcnyas\u0131na y\u00f6n verecek yorumun ilk notas\u0131n\u0131, yedi ya\u015f\u0131nda \u00e7ald\u0131. Ondaki cevheri ise herkesten \u00f6nce besteci ve bandeneoncu Tino Carroso ke\u015ffetti.   O, hayat\u0131n daha \u00e7ok yoku\u015flarla dolu oldu\u011fu La Candeleria\u2019da \u201cdikenden \u00e7\u0131kan bir \u00e7i\u00e7ek\u201dti&#8230; La Candeleria ve Munoz\u2019da ki karnavallar ard\u0131ndan, 12 ya\u015f\u0131nda tan\u0131\u015ft\u0131\u011f\u0131 kent hayat\u0131n\u0131n t\u0131ls\u0131ml\u0131 yolunda ilerlerken, tek bir \u015feyi unutmad\u0131, varl\u0131\u011f\u0131n\u0131 bor\u00e7lu oldu\u011fu k\u00f6klerini&#8230; Criollo, Guarani, \u0130nca, Aztek topraklar\u0131nda ba\u015flaya ve d\u00fcnyay\u0131 dola\u015fan k\u00fclt\u00fcr k\u00f6pr\u00fcs\u00fcn\u00fcn ta\u015flar\u0131n\u0131, y\u0131llar i\u00e7inde, Raul Borges, Regino Sainz de la Maza, Andres Segovia gibi \u00fcnl\u00fc besteci ve yorumcularla yapt\u0131\u011f\u0131 \u00e7al\u0131\u015fmalarda d\u00f6\u015fedi.   Bir \u00e7ok yolun kesi\u015fti\u011fi bir evren olarak tan\u0131mlad\u0131\u011f\u0131 m\u00fczi\u011fi ile geldi\u011fi T\u00fcrkiye\u2019ye ise hayat\u0131n\u0131n \u00f6nemli varl\u0131klar\u0131n\u0131, gitar\u0131n\u0131 ve kalbini hediye etti&#8230;   \u00d6\u011frencisi olma ayr\u0131cal\u0131\u011f\u0131n\u0131 ya\u015fayan Ahmet Kanneci, \u015fimdi, T\u00fcrkiye\u2019de ki sanatseverler ad\u0131na bir hediye veriyor. O\u2019na, Son Romantik\u2019e Alirio Diaz\u2019a&#8230; <\/p>\n","protected":false},"excerpt":{"rendered":"<p>USTAM ALIRIO DIAZ \u201c50.Sanat Y\u0131l\u0131\u201d 7 y\u0131l \u00f6nce, Venezuela\u2019n\u0131n Carora kentine ba\u011fl\u0131 k\u00fc\u00e7\u00fck bir k\u00f6yde, La Candeleria\u2019da, annelerin ve dad\u0131lar\u0131n \u00e7ocuklar\u0131 i\u00e7in s\u00f6yledikleri ninniler aras\u0131nda bir<span class=\"excerpt-hellip\"> [\u2026]<\/span><\/p>\n","protected":false},"featured_media":0,"template":"","meta":{"_monsterinsights_skip_tracking":false,"_monsterinsights_sitenote_active":false,"_monsterinsights_sitenote_note":"","_monsterinsights_sitenote_category":0},"product_brand":[],"product_cat":[14556,40131],"product_tag":[],"class_list":{"0":"post-737693","1":"product","2":"type-product","3":"status-publish","5":"product_cat-muzik","6":"product_cat-sanatcilar","7":"pa_cilt-ciltsiz","8":"pa_tur-kitap","9":"pa_yayinevi-sevda-cenap-and-muzik-vakfi-yayinlari","10":"pa_yazar-ahmet-kanneci","12":"first","13":"instock","14":"sale","15":"shipping-taxable","16":"purchasable","17":"product-type-simple"},"_links":{"self":[{"href":"https:\/\/roveyayinevi.com.tr\/index.php\/wp-json\/wp\/v2\/product\/737693","targetHints":{"allow":["GET"]}}],"collection":[{"href":"https:\/\/roveyayinevi.com.tr\/index.php\/wp-json\/wp\/v2\/product"}],"about":[{"href":"https:\/\/roveyayinevi.com.tr\/index.php\/wp-json\/wp\/v2\/types\/product"}],"wp:attachment":[{"href":"https:\/\/roveyayinevi.com.tr\/index.php\/wp-json\/wp\/v2\/media?parent=737693"}],"wp:term":[{"taxonomy":"product_brand","embeddable":true,"href":"https:\/\/roveyayinevi.com.tr\/index.php\/wp-json\/wp\/v2\/product_brand?post=737693"},{"taxonomy":"product_cat","embeddable":true,"href":"https:\/\/roveyayinevi.com.tr\/index.php\/wp-json\/wp\/v2\/product_cat?post=737693"},{"taxonomy":"product_tag","embeddable":true,"href":"https:\/\/roveyayinevi.com.tr\/index.php\/wp-json\/wp\/v2\/product_tag?post=737693"}],"curies":[{"name":"wp","href":"https:\/\/api.w.org\/{rel}","templated":true}]}}