{"id":737692,"date":"2025-08-27T23:34:11","date_gmt":"2025-08-27T20:34:11","guid":{"rendered":"https:\/\/roveyayinevi.com.tr\/index.php\/urun\/ulvi-cemal-erkin-duyuslardan-kocekceye\/"},"modified":"2026-04-16T02:47:34","modified_gmt":"2026-04-15T23:47:34","slug":"ulvi-cemal-erkin-duyuslardan-kocekceye","status":"publish","type":"product","link":"https:\/\/roveyayinevi.com.tr\/index.php\/urun\/ulvi-cemal-erkin-duyuslardan-kocekceye\/","title":{"rendered":"Ulvi Cemal Erkin Duyu\u015flar&#8217;dan K\u00f6\u00e7ek\u00e7e&#8217;ye"},"content":{"rendered":"<p>T\u00fcrk Be\u015fleri\u2019nin en duygulusu\u2026 Yap\u0131tlar\u0131nda hep duygusall\u0131k egemen oldu. Cumhuriyet d\u00f6nemi ilk ku\u015fak bestecilerimizin en lirik olan\u0131yd\u0131, ku\u015fkusuz\u2026 Halk m\u00fczikleri ve eski makamsal m\u00fczi\u011fimizden esintileri, duygusall\u0131\u011f\u0131yla b\u00fct\u00fcnle\u015ftirince ortaya kolay unutulmayacak yap\u0131tlar \u00e7\u0131kt\u0131. Dans rapsodisi \u201cK\u00f6\u00e7ek\u00e7e\u201d adeta \u00e7oksesli ulusal m\u00fczi\u011fimizin \u00f6ncelikli simgesi haline geldi.   1991\u2019de Sevda-Cenap And M\u00fczik Vakf\u0131\u2019nca Onur \u00d6d\u00fcl\u00fc Alt\u0131n Madalyas\u0131 ile \u00f6d\u00fcllendirildi. Bu kitapta \u00f6\u011frencilerinden, viyola sanat\u00e7\u0131s\u0131, orkestra \u015fefi Prof. Koral \u00c7algan\u2019\u0131n kaleminden Erkin\u2019in ya\u015fam \u00f6yk\u00fcs\u00fcn\u00fc, hakk\u0131nda yaz\u0131lanlar ve eserleriyle ilgili ayr\u0131nt\u0131lar\u0131 bulacaks\u0131n\u0131z. <\/p>\n","protected":false},"excerpt":{"rendered":"<p>T\u00fcrk Be\u015fleri\u2019nin en duygulusu\u2026 Yap\u0131tlar\u0131nda hep duygusall\u0131k egemen oldu. Cumhuriyet d\u00f6nemi ilk ku\u015fak bestecilerimizin en lirik olan\u0131yd\u0131, ku\u015fkusuz\u2026 Halk m\u00fczikleri ve eski makamsal m\u00fczi\u011fimizden esintileri, duygusall\u0131\u011f\u0131yla<span class=\"excerpt-hellip\"> [\u2026]<\/span><\/p>\n","protected":false},"featured_media":0,"template":"","meta":{"_monsterinsights_skip_tracking":false,"_monsterinsights_sitenote_active":false,"_monsterinsights_sitenote_note":"","_monsterinsights_sitenote_category":0},"product_brand":[],"product_cat":[14009,12291],"product_tag":[],"class_list":{"0":"post-737692","1":"product","2":"type-product","3":"status-publish","5":"product_cat-biyografi-otobiyografi-edebiyat","6":"product_cat-edebiyat","7":"pa_cilt-ciltsiz","8":"pa_tur-kitap","9":"pa_yayinevi-sevda-cenap-and-muzik-vakfi-yayinlari","10":"pa_yazar-koral-calgan","12":"first","13":"instock","14":"sale","15":"shipping-taxable","16":"purchasable","17":"product-type-simple"},"_links":{"self":[{"href":"https:\/\/roveyayinevi.com.tr\/index.php\/wp-json\/wp\/v2\/product\/737692","targetHints":{"allow":["GET"]}}],"collection":[{"href":"https:\/\/roveyayinevi.com.tr\/index.php\/wp-json\/wp\/v2\/product"}],"about":[{"href":"https:\/\/roveyayinevi.com.tr\/index.php\/wp-json\/wp\/v2\/types\/product"}],"wp:attachment":[{"href":"https:\/\/roveyayinevi.com.tr\/index.php\/wp-json\/wp\/v2\/media?parent=737692"}],"wp:term":[{"taxonomy":"product_brand","embeddable":true,"href":"https:\/\/roveyayinevi.com.tr\/index.php\/wp-json\/wp\/v2\/product_brand?post=737692"},{"taxonomy":"product_cat","embeddable":true,"href":"https:\/\/roveyayinevi.com.tr\/index.php\/wp-json\/wp\/v2\/product_cat?post=737692"},{"taxonomy":"product_tag","embeddable":true,"href":"https:\/\/roveyayinevi.com.tr\/index.php\/wp-json\/wp\/v2\/product_tag?post=737692"}],"curies":[{"name":"wp","href":"https:\/\/api.w.org\/{rel}","templated":true}]}}