{"id":737681,"date":"2025-08-27T23:33:58","date_gmt":"2025-08-27T20:33:58","guid":{"rendered":"https:\/\/roveyayinevi.com.tr\/index.php\/urun\/icimdeki-ben\/"},"modified":"2025-10-21T07:25:57","modified_gmt":"2025-10-21T04:25:57","slug":"icimdeki-ben","status":"publish","type":"product","link":"https:\/\/roveyayinevi.com.tr\/index.php\/urun\/icimdeki-ben\/","title":{"rendered":"\u0130\u00e7imdeki Ben"},"content":{"rendered":"<p>De\u011fi\u015fim ve d\u00f6n\u00fc\u015f\u00fcm ki\u015finin kendisinde i\u00e7sel olarak ba\u015flar. Hayat\u0131n\u0131zda de\u011fi\u015ftirmek istedi\u011finiz her \u015feyi d\u00f6n\u00fc\u015ft\u00fcrebilirsiniz. Yapman\u0131z gereken tek \u015fey d\u00fc\u015f\u00fcnce bi\u00e7iminizi de\u011fi\u015ftirmektir. Hayat bir enerjidir. Hayal etti\u011finiz ve istedi\u011finiz her \u015feyin bir frekans\u0131 vard\u0131r. Hayat\u0131n\u0131za ku\u015f bak\u0131\u015f\u0131 ile de\u011fil ruh bak\u0131\u015f\u0131yla bakmaya ve anlamaya haz\u0131r m\u0131s\u0131n\u0131z? Zihniniz hi\u00e7 durmadan d\u00fc\u015f\u00fcnce \u00fcretiyor. D\u00fc\u015f\u00fcnce g\u00fcc\u00fcn\u00fcz\u00fcn fark\u0131na var\u0131p onu kendiniz i\u00e7in do\u011fru bir \u015fekilde kullanman\u0131n zaman\u0131 geldi. Bu kitapla de\u011fi\u015fime ve d\u00f6n\u00fc\u015f\u00fcme var m\u0131s\u0131n\u0131z? DE\u011e\u0130\u015e, D\u00d6N\u00dc\u015e, AN\u2019DA KAL, MUTLU OL&#8230; <\/p>\n","protected":false},"excerpt":{"rendered":"<p>De\u011fi\u015fim ve d\u00f6n\u00fc\u015f\u00fcm ki\u015finin kendisinde i\u00e7sel olarak ba\u015flar. Hayat\u0131n\u0131zda de\u011fi\u015ftirmek istedi\u011finiz her \u015feyi d\u00f6n\u00fc\u015ft\u00fcrebilirsiniz. Yapman\u0131z gereken tek \u015fey d\u00fc\u015f\u00fcnce bi\u00e7iminizi de\u011fi\u015ftirmektir. Hayat bir enerjidir. Hayal etti\u011finiz<span class=\"excerpt-hellip\"> [\u2026]<\/span><\/p>\n","protected":false},"featured_media":0,"template":"","meta":{"_monsterinsights_skip_tracking":false,"_monsterinsights_sitenote_active":false,"_monsterinsights_sitenote_note":"","_monsterinsights_sitenote_category":0},"product_brand":[],"product_cat":[12364,12376],"product_tag":[],"class_list":{"0":"post-737681","1":"product","2":"type-product","3":"status-publish","5":"product_cat-genel-konular","6":"product_cat-kisisel-gelisim","7":"pa_cilt-ciltsiz","8":"pa_tur-kitap","9":"pa_yayinevi-us-yayinlari","10":"pa_yazar-fadime-uysal","12":"first","13":"instock","14":"sale","15":"shipping-taxable","16":"purchasable","17":"product-type-simple"},"_links":{"self":[{"href":"https:\/\/roveyayinevi.com.tr\/index.php\/wp-json\/wp\/v2\/product\/737681","targetHints":{"allow":["GET"]}}],"collection":[{"href":"https:\/\/roveyayinevi.com.tr\/index.php\/wp-json\/wp\/v2\/product"}],"about":[{"href":"https:\/\/roveyayinevi.com.tr\/index.php\/wp-json\/wp\/v2\/types\/product"}],"wp:attachment":[{"href":"https:\/\/roveyayinevi.com.tr\/index.php\/wp-json\/wp\/v2\/media?parent=737681"}],"wp:term":[{"taxonomy":"product_brand","embeddable":true,"href":"https:\/\/roveyayinevi.com.tr\/index.php\/wp-json\/wp\/v2\/product_brand?post=737681"},{"taxonomy":"product_cat","embeddable":true,"href":"https:\/\/roveyayinevi.com.tr\/index.php\/wp-json\/wp\/v2\/product_cat?post=737681"},{"taxonomy":"product_tag","embeddable":true,"href":"https:\/\/roveyayinevi.com.tr\/index.php\/wp-json\/wp\/v2\/product_tag?post=737681"}],"curies":[{"name":"wp","href":"https:\/\/api.w.org\/{rel}","templated":true}]}}