{"id":737679,"date":"2025-08-27T23:33:56","date_gmt":"2025-08-27T20:33:56","guid":{"rendered":"https:\/\/roveyayinevi.com.tr\/index.php\/urun\/ibn-hallikanin-selcuklu-biyografileri-ve-cagdas-simalar\/"},"modified":"2026-04-16T02:47:33","modified_gmt":"2026-04-15T23:47:33","slug":"ibn-hallikanin-selcuklu-biyografileri-ve-cagdas-simalar","status":"publish","type":"product","link":"https:\/\/roveyayinevi.com.tr\/index.php\/urun\/ibn-hallikanin-selcuklu-biyografileri-ve-cagdas-simalar\/","title":{"rendered":"\u0130bn Hallikan&#8217;\u0131n Sel\u00e7uklu Biyografileri Ve \u00c7a\u011fda\u015f Simalar"},"content":{"rendered":"<p>Kitapta incelenen ve tahlil edilen kay\u0131tlar iki b\u00f6l\u00fcm halinde d\u00fczenlenmi\u015ftir. \u0130lk b\u00f6l\u00fcmde Sel\u00e7uklu hanedan mensuplar\u0131, ikinci b\u00f6l\u00fcmde ise hanedan \u00fcyesi olmayan fakat devrin ileri gelen \u015fahsiyetlerinden baz\u0131lar\u0131na ait hal terc\u00fcmeleri yer almaktad\u0131r. Hanedan mensuplar\u0131n\u0131n s\u0131ralamas\u0131nda sultanlar a\u00e7\u0131s\u0131ndan tahta ge\u00e7i\u015f s\u0131ras\u0131 esas al\u0131nm\u0131\u015ft\u0131r. \u00c7a\u011fda\u015f Simalar olarak kitapta yer verilen ve Sel\u00e7uklu d\u00f6neminde tarihi izler b\u0131rakm\u0131\u015f ki\u015filerden olu\u015fan ikinci grubun s\u0131ralamas\u0131nda ise \u00f6l\u00fcm tarihleri esas al\u0131nm\u0131\u015ft\u0131r. \u0130bn Hallik\u00e2n, kay\u0131tlar\u0131nda hicri tarihleri s\u0131kl\u0131kla vermi\u015ftir. Terc\u00fcme k\u0131sm\u0131nda bunlar dikkate al\u0131nm\u0131\u015f, bununla birlikte yanlar\u0131na miladi kar\u015f\u0131l\u0131klar\u0131 eklenmi\u015ftir. Arap\u00e7a isimlerin Latinize edilmesi s\u0131ras\u0131nda transkripsiyon i\u015faretleri yerine T\u00fcrk\u00e7e iml\u00e2 d\u00fczeni tercih edilmi\u015ftir. Bununla birlikte spesifik isimlerde transkripsiyon i\u015faretlerinden yararlan\u0131lm\u0131\u015ft\u0131r. <\/p>\n","protected":false},"excerpt":{"rendered":"<p>Kitapta incelenen ve tahlil edilen kay\u0131tlar iki b\u00f6l\u00fcm halinde d\u00fczenlenmi\u015ftir. \u0130lk b\u00f6l\u00fcmde Sel\u00e7uklu hanedan mensuplar\u0131, ikinci b\u00f6l\u00fcmde ise hanedan \u00fcyesi olmayan fakat devrin ileri gelen \u015fahsiyetlerinden<span class=\"excerpt-hellip\"> [\u2026]<\/span><\/p>\n","protected":false},"featured_media":0,"template":"","meta":{"_monsterinsights_skip_tracking":false,"_monsterinsights_sitenote_active":false,"_monsterinsights_sitenote_note":"","_monsterinsights_sitenote_category":0},"product_brand":[],"product_cat":[12370,12304],"product_tag":[],"class_list":{"0":"post-737679","1":"product","2":"type-product","3":"status-publish","5":"product_cat-arastirma-inceleme","6":"product_cat-tarih","7":"pa_cilt-ciltsiz","8":"pa_tur-kitap","9":"pa_yayinevi-altinordu-yayinlari","10":"pa_yazar-halil-ibrahim-gokboru","12":"first","13":"instock","14":"sale","15":"shipping-taxable","16":"purchasable","17":"product-type-simple"},"_links":{"self":[{"href":"https:\/\/roveyayinevi.com.tr\/index.php\/wp-json\/wp\/v2\/product\/737679","targetHints":{"allow":["GET"]}}],"collection":[{"href":"https:\/\/roveyayinevi.com.tr\/index.php\/wp-json\/wp\/v2\/product"}],"about":[{"href":"https:\/\/roveyayinevi.com.tr\/index.php\/wp-json\/wp\/v2\/types\/product"}],"wp:attachment":[{"href":"https:\/\/roveyayinevi.com.tr\/index.php\/wp-json\/wp\/v2\/media?parent=737679"}],"wp:term":[{"taxonomy":"product_brand","embeddable":true,"href":"https:\/\/roveyayinevi.com.tr\/index.php\/wp-json\/wp\/v2\/product_brand?post=737679"},{"taxonomy":"product_cat","embeddable":true,"href":"https:\/\/roveyayinevi.com.tr\/index.php\/wp-json\/wp\/v2\/product_cat?post=737679"},{"taxonomy":"product_tag","embeddable":true,"href":"https:\/\/roveyayinevi.com.tr\/index.php\/wp-json\/wp\/v2\/product_tag?post=737679"}],"curies":[{"name":"wp","href":"https:\/\/api.w.org\/{rel}","templated":true}]}}