{"id":737678,"date":"2025-08-27T23:33:54","date_gmt":"2025-08-27T20:33:54","guid":{"rendered":"https:\/\/roveyayinevi.com.tr\/index.php\/urun\/son-kalem\/"},"modified":"2026-04-16T02:47:33","modified_gmt":"2026-04-15T23:47:33","slug":"son-kalem","status":"publish","type":"product","link":"https:\/\/roveyayinevi.com.tr\/index.php\/urun\/son-kalem\/","title":{"rendered":"Son Kalem"},"content":{"rendered":"<p>Damla T. her bir sat\u0131r\u0131 ya\u015fanm\u0131\u015fl\u0131k kokan, duygu y\u00fckl\u00fc \u015fiirlerini derledi\u011fi Son Kalem\u2019le, okurun kalbine ula\u015farak unutulmas\u0131 zor eserler aras\u0131na girmeyi zahmetsizce ba\u015far\u0131yor. Bana bir kalem hediye etmi\u015fti. Son Kalem&#8230; Bir tek onu yazd\u0131m o kalemle, Yaln\u0131z onu&#8230; Zaten yazacak ba\u015fka hi\u00e7bir \u015feyim yoktu. O\u2019ndan ba\u015fka ne yaz\u0131l\u0131rd\u0131 bilmiyordum&#8230; <\/p>\n","protected":false},"excerpt":{"rendered":"<p>Damla T. her bir sat\u0131r\u0131 ya\u015fanm\u0131\u015fl\u0131k kokan, duygu y\u00fckl\u00fc \u015fiirlerini derledi\u011fi Son Kalem\u2019le, okurun kalbine ula\u015farak unutulmas\u0131 zor eserler aras\u0131na girmeyi zahmetsizce ba\u015far\u0131yor. Bana bir kalem<span class=\"excerpt-hellip\"> [\u2026]<\/span><\/p>\n","protected":false},"featured_media":0,"template":"","meta":{"_monsterinsights_skip_tracking":false,"_monsterinsights_sitenote_active":false,"_monsterinsights_sitenote_note":"","_monsterinsights_sitenote_category":0},"product_brand":[],"product_cat":[12291,12509],"product_tag":[],"class_list":{"0":"post-737678","1":"product","2":"type-product","3":"status-publish","5":"product_cat-edebiyat","6":"product_cat-siir","7":"pa_cilt-ciltsiz","8":"pa_tur-kitap","9":"pa_yayinevi-luna-yayinlari","10":"pa_yazar-damla-t","12":"first","13":"instock","14":"sale","15":"shipping-taxable","16":"purchasable","17":"product-type-simple"},"_links":{"self":[{"href":"https:\/\/roveyayinevi.com.tr\/index.php\/wp-json\/wp\/v2\/product\/737678","targetHints":{"allow":["GET"]}}],"collection":[{"href":"https:\/\/roveyayinevi.com.tr\/index.php\/wp-json\/wp\/v2\/product"}],"about":[{"href":"https:\/\/roveyayinevi.com.tr\/index.php\/wp-json\/wp\/v2\/types\/product"}],"wp:attachment":[{"href":"https:\/\/roveyayinevi.com.tr\/index.php\/wp-json\/wp\/v2\/media?parent=737678"}],"wp:term":[{"taxonomy":"product_brand","embeddable":true,"href":"https:\/\/roveyayinevi.com.tr\/index.php\/wp-json\/wp\/v2\/product_brand?post=737678"},{"taxonomy":"product_cat","embeddable":true,"href":"https:\/\/roveyayinevi.com.tr\/index.php\/wp-json\/wp\/v2\/product_cat?post=737678"},{"taxonomy":"product_tag","embeddable":true,"href":"https:\/\/roveyayinevi.com.tr\/index.php\/wp-json\/wp\/v2\/product_tag?post=737678"}],"curies":[{"name":"wp","href":"https:\/\/api.w.org\/{rel}","templated":true}]}}