{"id":737677,"date":"2025-08-27T23:33:53","date_gmt":"2025-08-27T20:33:53","guid":{"rendered":"https:\/\/roveyayinevi.com.tr\/index.php\/urun\/cagsizim\/"},"modified":"2026-04-16T02:47:33","modified_gmt":"2026-04-15T23:47:33","slug":"cagsizim","status":"publish","type":"product","link":"https:\/\/roveyayinevi.com.tr\/index.php\/urun\/cagsizim\/","title":{"rendered":"\u00c7a\u011fs\u0131z\u0131m"},"content":{"rendered":"<p>\u00c7a\u011fs\u0131z\u0131m ben. Ne bir g\u00fcn \u00f6ncesine ne on y\u0131l sonras\u0131na S\u0131\u011fm\u0131\u015f, s\u0131\u011facak ve s\u0131\u011fmak \u00fczereyim. Belki bin y\u0131l \u00f6ncesine, \u00c7ok \u00f6tesinde kalmam\u0131\u015f, Kalacak ve kalmak \u00fczereyim. Ne g\u00f6zya\u015flar\u0131 kurutmak i\u00e7in Tutturulan mandal\u0131n ucunda ya\u011fm\u0131\u015f, ya\u011facak Ve ya\u011fmak \u00fczere olan damla Ne de bir tutam kahkahay\u0131 tohum yap\u0131p, An\u0131lara katm\u0131\u015f, katacak ve katmak \u00fczereyim. \u00c7a\u011fs\u0131z\u0131m ben. Yeni nesil h\u0131zl\u0131 duygularla, Y\u00fczy\u0131llardan gelen derin bir tutkuyla, Uykuya ge\u00e7memi\u015f, ge\u00e7meyecek Ve ge\u00e7mek \u00fczere olmayan\u0131m. Ser\u00e7in \u00c7elik, d\u00fczyaz\u0131lar\u0131yla da harmanlad\u0131\u011f\u0131 \u015fiir kitab\u0131nda derinlemesine inceledi\u011fi duygular\u0131n\u0131n yan\u0131 s\u0131ra, \u00e7e\u015fitli toplumsal olay ve durumlarla ilgili d\u00fc\u015f\u00fcncelerine de yer vererek her sat\u0131r\u0131nda okuyucuyu bamba\u015fka hislere s\u00fcr\u00fcklemeyi b\u00fcy\u00fck bir ustal\u0131kla ba\u015far\u0131yor.<\/p>\n","protected":false},"excerpt":{"rendered":"<p>\u00c7a\u011fs\u0131z\u0131m ben. Ne bir g\u00fcn \u00f6ncesine ne on y\u0131l sonras\u0131na S\u0131\u011fm\u0131\u015f, s\u0131\u011facak ve s\u0131\u011fmak \u00fczereyim. Belki bin y\u0131l \u00f6ncesine, \u00c7ok \u00f6tesinde kalmam\u0131\u015f, Kalacak ve kalmak \u00fczereyim.<span class=\"excerpt-hellip\"> [\u2026]<\/span><\/p>\n","protected":false},"featured_media":0,"template":"","meta":{"_monsterinsights_skip_tracking":false,"_monsterinsights_sitenote_active":false,"_monsterinsights_sitenote_note":"","_monsterinsights_sitenote_category":0},"product_brand":[],"product_cat":[12291,12509],"product_tag":[],"class_list":{"0":"post-737677","1":"product","2":"type-product","3":"status-publish","5":"product_cat-edebiyat","6":"product_cat-siir","7":"pa_cilt-ciltsiz","8":"pa_tur-kitap","9":"pa_yayinevi-luna-yayinlari","10":"pa_yazar-sercin-celik","12":"first","13":"instock","14":"sale","15":"shipping-taxable","16":"purchasable","17":"product-type-simple"},"_links":{"self":[{"href":"https:\/\/roveyayinevi.com.tr\/index.php\/wp-json\/wp\/v2\/product\/737677","targetHints":{"allow":["GET"]}}],"collection":[{"href":"https:\/\/roveyayinevi.com.tr\/index.php\/wp-json\/wp\/v2\/product"}],"about":[{"href":"https:\/\/roveyayinevi.com.tr\/index.php\/wp-json\/wp\/v2\/types\/product"}],"wp:attachment":[{"href":"https:\/\/roveyayinevi.com.tr\/index.php\/wp-json\/wp\/v2\/media?parent=737677"}],"wp:term":[{"taxonomy":"product_brand","embeddable":true,"href":"https:\/\/roveyayinevi.com.tr\/index.php\/wp-json\/wp\/v2\/product_brand?post=737677"},{"taxonomy":"product_cat","embeddable":true,"href":"https:\/\/roveyayinevi.com.tr\/index.php\/wp-json\/wp\/v2\/product_cat?post=737677"},{"taxonomy":"product_tag","embeddable":true,"href":"https:\/\/roveyayinevi.com.tr\/index.php\/wp-json\/wp\/v2\/product_tag?post=737677"}],"curies":[{"name":"wp","href":"https:\/\/api.w.org\/{rel}","templated":true}]}}