{"id":737675,"date":"2025-08-27T23:33:51","date_gmt":"2025-08-27T20:33:51","guid":{"rendered":"https:\/\/roveyayinevi.com.tr\/index.php\/urun\/sertlesme-sorunu\/"},"modified":"2026-03-12T02:57:01","modified_gmt":"2026-03-11T23:57:01","slug":"sertlesme-sorunu","status":"publish","type":"product","link":"https:\/\/roveyayinevi.com.tr\/index.php\/urun\/sertlesme-sorunu\/","title":{"rendered":"Sertle\u015fme Sorunu"},"content":{"rendered":"<p>Biblioterapi ama\u00e7l\u0131 yaz\u0131lm\u0131\u015f bu kitapta, \u00fcrolojik muayene, ay\u0131rt edici tan\u0131 ve cinsel terapi s\u00fcreci vaka \u00fczerinden aktar\u0131lm\u0131\u015ft\u0131r. \u00d6zellikle psikolojik,  seksolojik ve ili\u015fkisel fakt\u00f6rlere ba\u011fl\u0131 geli\u015fen sertle\u015fme sorununun tedavi teknikleri cinsel terapi \u00e7er\u00e7evesinde kademeli ve detayl\u0131 olarak i\u015flenmi\u015ftir. Psikolojik ve cinsel de\u011ferlendirme, cinsel bilgilendirme, \u00e7ift dinamiklerini iyile\u015ftirme, duyusall\u0131\u011f\u0131 geli\u015ftirme, bili\u015fsel yap\u0131land\u0131rma, cinsel uyar\u0131c\u0131lar\u0131 dikkate alma, fanteziler gibi konular\u0131n cinsel terapi s\u00fcrecinde nas\u0131l kullan\u0131ld\u0131\u011f\u0131 uygulamal\u0131 g\u00f6sterilmi\u015ftir. Bu kitapta; sertle\u015fme sorunu ya\u015fayan erkekler, \u00e7iftler ve uzmanlar \u00e7\u00f6z\u00fcm \u00fcreten bilgi ve teknikleri bulabilirler.<\/p>\n","protected":false},"excerpt":{"rendered":"<p>Biblioterapi ama\u00e7l\u0131 yaz\u0131lm\u0131\u015f bu kitapta, \u00fcrolojik muayene, ay\u0131rt edici tan\u0131 ve cinsel terapi s\u00fcreci vaka \u00fczerinden aktar\u0131lm\u0131\u015ft\u0131r. \u00d6zellikle psikolojik, seksolojik ve ili\u015fkisel fakt\u00f6rlere ba\u011fl\u0131 geli\u015fen sertle\u015fme<span class=\"excerpt-hellip\"> [\u2026]<\/span><\/p>\n","protected":false},"featured_media":0,"template":"","meta":{"_monsterinsights_skip_tracking":false,"_monsterinsights_sitenote_active":false,"_monsterinsights_sitenote_note":"","_monsterinsights_sitenote_category":0},"product_brand":[],"product_cat":[35288,13365],"product_tag":[],"class_list":{"0":"post-737675","1":"product","2":"type-product","3":"status-publish","5":"product_cat-cinsellik-saglik","6":"product_cat-saglik","7":"pa_cilt-ciltsiz","8":"pa_tur-kitap","9":"pa_yayinevi-kirmizi-cati-yayinlari","10":"pa_yazar-ertugrul-tas-mustafa-caglar","12":"first","13":"instock","14":"sale","15":"shipping-taxable","16":"purchasable","17":"product-type-simple"},"_links":{"self":[{"href":"https:\/\/roveyayinevi.com.tr\/index.php\/wp-json\/wp\/v2\/product\/737675","targetHints":{"allow":["GET"]}}],"collection":[{"href":"https:\/\/roveyayinevi.com.tr\/index.php\/wp-json\/wp\/v2\/product"}],"about":[{"href":"https:\/\/roveyayinevi.com.tr\/index.php\/wp-json\/wp\/v2\/types\/product"}],"wp:attachment":[{"href":"https:\/\/roveyayinevi.com.tr\/index.php\/wp-json\/wp\/v2\/media?parent=737675"}],"wp:term":[{"taxonomy":"product_brand","embeddable":true,"href":"https:\/\/roveyayinevi.com.tr\/index.php\/wp-json\/wp\/v2\/product_brand?post=737675"},{"taxonomy":"product_cat","embeddable":true,"href":"https:\/\/roveyayinevi.com.tr\/index.php\/wp-json\/wp\/v2\/product_cat?post=737675"},{"taxonomy":"product_tag","embeddable":true,"href":"https:\/\/roveyayinevi.com.tr\/index.php\/wp-json\/wp\/v2\/product_tag?post=737675"}],"curies":[{"name":"wp","href":"https:\/\/api.w.org\/{rel}","templated":true}]}}