{"id":737674,"date":"2025-08-27T23:33:50","date_gmt":"2025-08-27T20:33:50","guid":{"rendered":"https:\/\/roveyayinevi.com.tr\/index.php\/urun\/yapay-kader\/"},"modified":"2026-03-13T02:45:34","modified_gmt":"2026-03-12T23:45:34","slug":"yapay-kader","status":"publish","type":"product","link":"https:\/\/roveyayinevi.com.tr\/index.php\/urun\/yapay-kader\/","title":{"rendered":"Yapay Kader"},"content":{"rendered":"<p>Ara\u00e7lar\u0131 kullanan insanlar vard\u0131r, t\u0131pk\u0131 bedenlerimizi kullanan ruhlar oldu\u011fu gibi.  Herkesin farkl\u0131 renkte, g\u00fc\u00e7te, modelde ara\u00e7lar\u0131 var; t\u0131pk\u0131 farkl\u0131 renk, \u015fekil, g\u00fc\u00e7, ya\u015f ve zekaya sahip bedenlerimiz gibi. Uzaktan bakt\u0131\u011f\u0131m\u0131zda sadece ara\u00e7 g\u00f6r\u00fcyoruz arac\u0131 kullanan\u0131 g\u00f6rebilmemiz i\u00e7in daha yak\u0131ndan bakmam\u0131z gerekiyor. Peki bedenimizi kullanan ruhumuzu  g\u00f6rebilmemiz i\u00e7in ne kadar yak\u0131ndan bakmam\u0131z gerekir?    Kendi cennetimizin bir ba\u015fkas\u0131n\u0131n cehennemine yol a\u00e7aca\u011f\u0131n\u0131 bilseydik yine de o cennetin kap\u0131s\u0131ndan i\u00e7eri girmek ister miydik?    Bu ve bunun gibi sorularla cebelle\u015firken kimsenin yanl\u0131\u015f bir se\u00e7im yapmamas\u0131 i\u00e7in ge\u00e7mi\u015fi de\u011fi\u015ftirme  ve gelece\u011fi \u00f6ng\u00f6rme ad\u0131na ya\u015fad\u0131\u011f\u0131 hayat\u0131n alternatiflerini bulmaya \u00e7al\u0131\u015fan bir bilim insan\u0131n\u0131n ba\u015f\u0131ndan ge\u00e7en ak\u0131lalmaz olaylar\u0131n b\u00fcy\u00fcs\u00fcne kap\u0131lmaya haz\u0131r m\u0131s\u0131n\u0131z?   <\/p>\n","protected":false},"excerpt":{"rendered":"<p>Ara\u00e7lar\u0131 kullanan insanlar vard\u0131r, t\u0131pk\u0131 bedenlerimizi kullanan ruhlar oldu\u011fu gibi. Herkesin farkl\u0131 renkte, g\u00fc\u00e7te, modelde ara\u00e7lar\u0131 var; t\u0131pk\u0131 farkl\u0131 renk, \u015fekil, g\u00fc\u00e7, ya\u015f ve zekaya sahip<span class=\"excerpt-hellip\"> [\u2026]<\/span><\/p>\n","protected":false},"featured_media":0,"template":"","meta":{"_monsterinsights_skip_tracking":false,"_monsterinsights_sitenote_active":false,"_monsterinsights_sitenote_note":"","_monsterinsights_sitenote_category":0},"product_brand":[],"product_cat":[12540,12291],"product_tag":[],"class_list":{"0":"post-737674","1":"product","2":"type-product","3":"status-publish","5":"product_cat-bilim-kurgu","6":"product_cat-edebiyat","7":"pa_cilt-ciltsiz","8":"pa_tur-kitap","9":"pa_yayinevi-kirmizi-cati-yayinlari","10":"pa_yazar-volkan-cekirdek","12":"first","13":"instock","14":"sale","15":"shipping-taxable","16":"purchasable","17":"product-type-simple"},"_links":{"self":[{"href":"https:\/\/roveyayinevi.com.tr\/index.php\/wp-json\/wp\/v2\/product\/737674","targetHints":{"allow":["GET"]}}],"collection":[{"href":"https:\/\/roveyayinevi.com.tr\/index.php\/wp-json\/wp\/v2\/product"}],"about":[{"href":"https:\/\/roveyayinevi.com.tr\/index.php\/wp-json\/wp\/v2\/types\/product"}],"wp:attachment":[{"href":"https:\/\/roveyayinevi.com.tr\/index.php\/wp-json\/wp\/v2\/media?parent=737674"}],"wp:term":[{"taxonomy":"product_brand","embeddable":true,"href":"https:\/\/roveyayinevi.com.tr\/index.php\/wp-json\/wp\/v2\/product_brand?post=737674"},{"taxonomy":"product_cat","embeddable":true,"href":"https:\/\/roveyayinevi.com.tr\/index.php\/wp-json\/wp\/v2\/product_cat?post=737674"},{"taxonomy":"product_tag","embeddable":true,"href":"https:\/\/roveyayinevi.com.tr\/index.php\/wp-json\/wp\/v2\/product_tag?post=737674"}],"curies":[{"name":"wp","href":"https:\/\/api.w.org\/{rel}","templated":true}]}}