{"id":737673,"date":"2025-08-27T23:33:49","date_gmt":"2025-08-27T20:33:49","guid":{"rendered":"https:\/\/roveyayinevi.com.tr\/index.php\/urun\/anksiyete-toplumu\/"},"modified":"2026-03-13T02:45:34","modified_gmt":"2026-03-12T23:45:34","slug":"anksiyete-toplumu","status":"publish","type":"product","link":"https:\/\/roveyayinevi.com.tr\/index.php\/urun\/anksiyete-toplumu\/","title":{"rendered":"Anksiyete Toplumu"},"content":{"rendered":"<p>&#8220;Bir \u00f6m\u00fcr u\u011fruna yitirilen mutluluk&#8230; Daha iyi, daha m\u00fcreffeh olma u\u011fruna edilen t\u00fcm m\u00fccadeleler. \u00d6m\u00fcr boyu edilen kavgalar. Ni\u00e7in? Sadece bir me\u015fgale u\u011fruna m\u0131? Daha itibarl\u0131 olmak i\u00e7in mi? Ba\u015fkalar\u0131na g\u00f6stermek niyetiyle mi? Kendini kand\u0131rmak \u00fczerine mi? Cehennemler \u00fclkesinde, zebanilerin at ko\u015fturdu\u011fu bir zamanda, varolu\u015fu anlamland\u0131rman\u0131n verdi\u011fi ac\u0131yla bir me\u015fgale ar\u0131yoruz. Ni\u00e7inlerden ka\u00e7mak, daha g\u00fc\u00e7l\u00fc olmak, kendimizi kand\u0131rmak, sonsuzlu\u011fu elde etmek i\u00e7in. K\u00fcstah\u00e7a, bedbaht\u00e7a bir hi\u00e7 u\u011fruna oyalan\u0131p duruyoruz. Alt\u00fcst olmal\u0131y\u0131z. Par\u00e7alanmal\u0131 ve her \u015feyi birbirine kar\u0131\u015ft\u0131rmal\u0131y\u0131z. Hakikat u\u011fruna her \u015feyi allak bullak etmeliyiz. Kendimizi bilmeli, ger\u00e7eklerle y\u00fczle\u015fmeli ve hayat\u0131 bir ama\u00e7 u\u011fruna ya\u015famal\u0131y\u0131z. Hayvanlardan daha yukar\u0131lara do\u011fru \u00e7\u0131kmak i\u00e7in \u00f6nce \u0130nsan olmal\u0131, insanca ya\u015famal\u0131y\u0131z.&#8221; <\/p>\n","protected":false},"excerpt":{"rendered":"<p>&#8220;Bir \u00f6m\u00fcr u\u011fruna yitirilen mutluluk&#8230; Daha iyi, daha m\u00fcreffeh olma u\u011fruna edilen t\u00fcm m\u00fccadeleler. \u00d6m\u00fcr boyu edilen kavgalar. Ni\u00e7in? Sadece bir me\u015fgale u\u011fruna m\u0131? Daha itibarl\u0131<span class=\"excerpt-hellip\"> [\u2026]<\/span><\/p>\n","protected":false},"featured_media":0,"template":"","meta":{"_monsterinsights_skip_tracking":false,"_monsterinsights_sitenote_active":false,"_monsterinsights_sitenote_note":"","_monsterinsights_sitenote_category":0},"product_brand":[],"product_cat":[12358,12357],"product_tag":[],"class_list":{"0":"post-737673","1":"product","2":"type-product","3":"status-publish","5":"product_cat-genel-psikoloji","6":"product_cat-psikoloji","7":"pa_cilt-ciltsiz","8":"pa_tur-kitap","9":"pa_yayinevi-kirmizi-cati-yayinlari","10":"pa_yazar-ahmet-ozkaya","12":"first","13":"instock","14":"sale","15":"shipping-taxable","16":"purchasable","17":"product-type-simple"},"_links":{"self":[{"href":"https:\/\/roveyayinevi.com.tr\/index.php\/wp-json\/wp\/v2\/product\/737673","targetHints":{"allow":["GET"]}}],"collection":[{"href":"https:\/\/roveyayinevi.com.tr\/index.php\/wp-json\/wp\/v2\/product"}],"about":[{"href":"https:\/\/roveyayinevi.com.tr\/index.php\/wp-json\/wp\/v2\/types\/product"}],"wp:attachment":[{"href":"https:\/\/roveyayinevi.com.tr\/index.php\/wp-json\/wp\/v2\/media?parent=737673"}],"wp:term":[{"taxonomy":"product_brand","embeddable":true,"href":"https:\/\/roveyayinevi.com.tr\/index.php\/wp-json\/wp\/v2\/product_brand?post=737673"},{"taxonomy":"product_cat","embeddable":true,"href":"https:\/\/roveyayinevi.com.tr\/index.php\/wp-json\/wp\/v2\/product_cat?post=737673"},{"taxonomy":"product_tag","embeddable":true,"href":"https:\/\/roveyayinevi.com.tr\/index.php\/wp-json\/wp\/v2\/product_tag?post=737673"}],"curies":[{"name":"wp","href":"https:\/\/api.w.org\/{rel}","templated":true}]}}