{"id":737669,"date":"2025-08-27T23:33:45","date_gmt":"2025-08-27T20:33:45","guid":{"rendered":"https:\/\/roveyayinevi.com.tr\/index.php\/urun\/yol-8\/"},"modified":"2026-04-16T02:47:33","modified_gmt":"2026-04-15T23:47:33","slug":"yol-8","status":"publish","type":"product","link":"https:\/\/roveyayinevi.com.tr\/index.php\/urun\/yol-8\/","title":{"rendered":"Yol"},"content":{"rendered":"<p>1955 y\u0131l\u0131nda Sivas\u2019\u0131n \u015eark\u0131\u015fla il\u00e7esinin Ortak\u00f6y\u2019\u00fcnde d\u00fcnyaya gelmi\u015fim. 1964 de  Ankara&#8217;ya yerle\u015ftik. \u00c7ok istememe ra\u011fmen  olumsuz \u015fartlar nedeniyle tahsil yapamad\u0131m. Ama kendi kendime \u00e7ok az yard\u0131m alarak okuma yazmay\u0131 \u00f6\u011frendim ve kendimi geli\u015ftirmeye \u00e7al\u0131\u015ft\u0131m. On d\u00f6rt ya\u015flar\u0131ndayken bir terzi yan\u0131nda \u00e7\u0131rakl\u0131k yapmaya ba\u015flad\u0131m ve zamanla usta terzi olup bu i\u015fe uzun y\u0131llar devam ettim. Daha sonra bir kamu kurumuna ba\u015flay\u0131p oradan da emekli oldum.          Rahmetli Babam\u0131n ( S\u00fcleyman ERDO\u011eMU\u015e ) \u015fiir yaz\u0131yor olmas\u0131 zamanla beni de \u015fiir yazmaya y\u00f6neltti. Babam yanl\u0131\u015flar\u0131m\u0131 g\u00f6r\u00fcp d\u00fczeltmek yerine bana fikirler verip \u015fiir alan\u0131nda geli\u015fmemi sa\u011flad\u0131. \u00d6\u011frenmenin sonu yok deyip hi\u00e7 bir zaman \u015fair oldum demedim. Yazd\u0131\u011f\u0131m \u015fiirler  Bir\u2019iz Edebiyat&#8217;\u0131n \u00e7\u0131kard\u0131\u011f\u0131  Antolojilerde ve bir \u00e7ok farkl\u0131 antolojilerde &#8211; sitelerde yay\u0131mland\u0131.   \u015eiir de incisin t\u00fcrk\u00fc de usta. Erenler badeyi sundular tasta. S\u00e2firi ad\u0131n\u0131 verdik mahlasta. Bil ki ozanl\u0131kta Pirsin S\u00c2F\u0130R\u0130. \u015eiirlerimde kulland\u0131\u011f\u0131m S\u00c2F\u0130R\u0130 mahlas\u0131 bana \u00c2\u015f\u0131k Korhani taraf\u0131ndan verilmi\u015ftir.   \u015eiir insan\u0131n t\u00fcm duygular\u0131n\u0131n d\u0131\u015fa vurumudur. Bazen  dile getiremedi\u011fimiz s\u00f6zleri \u015fiirle anlatmaya \u00e7al\u0131\u015fmak, bazen de sevgiyi, hasreti, ac\u0131lar\u0131 ve daha bir \u00e7ok duyguyu d\u0131\u015fa vurmak, k\u0131sacas\u0131 ya\u015famakt\u0131r \u015fiir..<\/p>\n","protected":false},"excerpt":{"rendered":"<p>1955 y\u0131l\u0131nda Sivas\u2019\u0131n \u015eark\u0131\u015fla il\u00e7esinin Ortak\u00f6y\u2019\u00fcnde d\u00fcnyaya gelmi\u015fim. 1964 de Ankara&#8217;ya yerle\u015ftik. \u00c7ok istememe ra\u011fmen olumsuz \u015fartlar nedeniyle tahsil yapamad\u0131m. Ama kendi kendime \u00e7ok az yard\u0131m<span class=\"excerpt-hellip\"> [\u2026]<\/span><\/p>\n","protected":false},"featured_media":0,"template":"","meta":{"_monsterinsights_skip_tracking":false,"_monsterinsights_sitenote_active":false,"_monsterinsights_sitenote_note":"","_monsterinsights_sitenote_category":0},"product_brand":[],"product_cat":[12291,12509],"product_tag":[],"class_list":{"0":"post-737669","1":"product","2":"type-product","3":"status-publish","5":"product_cat-edebiyat","6":"product_cat-siir","7":"pa_cilt-ciltsiz","8":"pa_tur-kitap","9":"pa_yayinevi-kultur-ajans-yayinlari","10":"pa_yazar-ismihan-erdogmus","12":"first","13":"instock","14":"sale","15":"shipping-taxable","16":"purchasable","17":"product-type-simple"},"_links":{"self":[{"href":"https:\/\/roveyayinevi.com.tr\/index.php\/wp-json\/wp\/v2\/product\/737669","targetHints":{"allow":["GET"]}}],"collection":[{"href":"https:\/\/roveyayinevi.com.tr\/index.php\/wp-json\/wp\/v2\/product"}],"about":[{"href":"https:\/\/roveyayinevi.com.tr\/index.php\/wp-json\/wp\/v2\/types\/product"}],"wp:attachment":[{"href":"https:\/\/roveyayinevi.com.tr\/index.php\/wp-json\/wp\/v2\/media?parent=737669"}],"wp:term":[{"taxonomy":"product_brand","embeddable":true,"href":"https:\/\/roveyayinevi.com.tr\/index.php\/wp-json\/wp\/v2\/product_brand?post=737669"},{"taxonomy":"product_cat","embeddable":true,"href":"https:\/\/roveyayinevi.com.tr\/index.php\/wp-json\/wp\/v2\/product_cat?post=737669"},{"taxonomy":"product_tag","embeddable":true,"href":"https:\/\/roveyayinevi.com.tr\/index.php\/wp-json\/wp\/v2\/product_tag?post=737669"}],"curies":[{"name":"wp","href":"https:\/\/api.w.org\/{rel}","templated":true}]}}