{"id":737666,"date":"2025-08-27T23:33:41","date_gmt":"2025-08-27T20:33:41","guid":{"rendered":"https:\/\/roveyayinevi.com.tr\/index.php\/urun\/faili-malum\/"},"modified":"2026-04-16T02:47:33","modified_gmt":"2026-04-15T23:47:33","slug":"faili-malum","status":"publish","type":"product","link":"https:\/\/roveyayinevi.com.tr\/index.php\/urun\/faili-malum\/","title":{"rendered":"Faili Malum"},"content":{"rendered":"<p>\u201c\u0130nsan\u0131, b\u00fct\u00fcn \u00f6mr\u00fcyle beraber bir \u00e7ukura koyuyorlar. G\u00fcld\u00fc\u011f\u00fcn, a\u011flad\u0131\u011f\u0131n, mutlu oldu\u011fun, bekledi\u011fin, durdu\u011fun, \u00fcmit etti\u011fin, k\u0131zd\u0131\u011f\u0131n, ne\u015felendi\u011fin, ya\u015fad\u0131\u011f\u0131n b\u00fct\u00fcn zamanlar\u0131nla birlikte. Bu d\u00fcnyan\u0131n topra\u011f\u0131, binlerce y\u0131ld\u0131r \u00f6l\u00fcp \u00f6l\u00fcp g\u00f6m\u00fclenlerin hat\u0131ralar\u0131yla \u00e7atlayacak bir g\u00fcn.\u201dSaba Alt\u0131nsay\u2019\u0131n roman\u0131 Faili Malum, T\u00fcrkiye\u2019nin 1998 ile 2021 y\u0131llar\u0131 aras\u0131na i\u015faret ediyor ve s\u0131radan bir cinayet \u00fczerinden geli\u015firken bizi, hepimizinkine benzeyen bir aile ve yak\u0131n \u00e7evresiyle bulu\u015fturuyor. Ailenin b\u00fcy\u00fck k\u0131z\u0131 Nihan\u2019\u0131n merkezde oldu\u011fu roman, k\u0131sa de\u011finmelerle 12 Eyl\u00fcl \u00f6ncesine ve sonras\u0131na uzan\u0131rken bu co\u011frafyada ya\u015fayan herkesi hik\u00e2yeye konuk ederek adalet ve su\u00e7 kavramlar\u0131n\u0131 sorguluyor.Faili Malum\u2019da sadece aileyi saran ac\u0131n\u0131n failiyle de\u011fil, \u0130stanbul\u2019dan Dersim\u2019e, bu co\u011frafyadaki b\u00fct\u00fcn malum faillerle y\u00fczle\u015fiyor, hal\u0131 alt\u0131na s\u00fcp\u00fcr\u00fclm\u00fc\u015f toplumsal travmalar\u0131n hayat\u0131m\u0131za yans\u0131malar\u0131n\u0131 e\u015f zamanl\u0131 olarak izliyoruz.Bizi, bir kad\u0131n\u0131n cinnetten cinayete, cinayetten cinnete s\u00fcr\u00fcklenen hik\u00e2yesine ortak eden Sab\u00e2 Alt\u0131nsay, karakterlerle beraber \u00fcslubunu da derinle\u015ftirerek dile yeni formlar kat\u0131yor, kelimelerle ustaca oynayarak hayal g\u00fcc\u00fcm\u00fcz\u00fc geni\u015fletiyor ve en nihayet s\u00fcrpriz bir sonla, bizi de anlat\u0131ya dahil ediveriyor.<\/p>\n","protected":false},"excerpt":{"rendered":"<p>\u201c\u0130nsan\u0131, b\u00fct\u00fcn \u00f6mr\u00fcyle beraber bir \u00e7ukura koyuyorlar. G\u00fcld\u00fc\u011f\u00fcn, a\u011flad\u0131\u011f\u0131n, mutlu oldu\u011fun, bekledi\u011fin, durdu\u011fun, \u00fcmit etti\u011fin, k\u0131zd\u0131\u011f\u0131n, ne\u015felendi\u011fin, ya\u015fad\u0131\u011f\u0131n b\u00fct\u00fcn zamanlar\u0131nla birlikte. Bu d\u00fcnyan\u0131n topra\u011f\u0131, binlerce y\u0131ld\u0131r<span class=\"excerpt-hellip\"> [\u2026]<\/span><\/p>\n","protected":false},"featured_media":0,"template":"","meta":{"_monsterinsights_skip_tracking":false,"_monsterinsights_sitenote_active":false,"_monsterinsights_sitenote_note":"","_monsterinsights_sitenote_category":0},"product_brand":[],"product_cat":[12291,12711],"product_tag":[],"class_list":{"0":"post-737666","1":"product","2":"type-product","3":"status-publish","5":"product_cat-edebiyat","6":"product_cat-roman-oyku","7":"pa_cilt-ciltsiz","8":"pa_tur-kitap","9":"pa_yayinevi-dusbaz-kitaplar","10":"pa_yazar-saba-altinsay","12":"first","13":"instock","14":"sale","15":"shipping-taxable","16":"purchasable","17":"product-type-simple"},"_links":{"self":[{"href":"https:\/\/roveyayinevi.com.tr\/index.php\/wp-json\/wp\/v2\/product\/737666","targetHints":{"allow":["GET"]}}],"collection":[{"href":"https:\/\/roveyayinevi.com.tr\/index.php\/wp-json\/wp\/v2\/product"}],"about":[{"href":"https:\/\/roveyayinevi.com.tr\/index.php\/wp-json\/wp\/v2\/types\/product"}],"wp:attachment":[{"href":"https:\/\/roveyayinevi.com.tr\/index.php\/wp-json\/wp\/v2\/media?parent=737666"}],"wp:term":[{"taxonomy":"product_brand","embeddable":true,"href":"https:\/\/roveyayinevi.com.tr\/index.php\/wp-json\/wp\/v2\/product_brand?post=737666"},{"taxonomy":"product_cat","embeddable":true,"href":"https:\/\/roveyayinevi.com.tr\/index.php\/wp-json\/wp\/v2\/product_cat?post=737666"},{"taxonomy":"product_tag","embeddable":true,"href":"https:\/\/roveyayinevi.com.tr\/index.php\/wp-json\/wp\/v2\/product_tag?post=737666"}],"curies":[{"name":"wp","href":"https:\/\/api.w.org\/{rel}","templated":true}]}}