{"id":737665,"date":"2025-08-27T23:33:40","date_gmt":"2025-08-27T20:33:40","guid":{"rendered":"https:\/\/roveyayinevi.com.tr\/index.php\/urun\/cigdem-koroglu-2-kitap-seti\/"},"modified":"2026-04-03T02:53:11","modified_gmt":"2026-04-02T23:53:11","slug":"cigdem-koroglu-2-kitap-seti","status":"publish","type":"product","link":"https:\/\/roveyayinevi.com.tr\/index.php\/urun\/cigdem-koroglu-2-kitap-seti\/","title":{"rendered":"\u00c7i\u011fdem K\u00f6ro\u011flu 2 Kitap Seti"},"content":{"rendered":"<p>Setimiz \u00c7i\u011fdem K\u00f6ro\u011flu&#8217;na Dans\u00f6z ve \u0130stasyon eserlerinden olu\u015fmaktad\u0131r.DANS\u00d6Z:Her sonlar\u0131n bir cesareti vard\u0131r!Son bak\u0131\u015fSon dokunu\u015fSon \u00f6p\u00fc\u015fmeSon sevi\u015fme\u2026Her sonlar\u0131n bir cesareti vard\u0131r!Son aldan\u0131\u015fSon g\u00f6zya\u015f\u0131Son tebess\u00fcmSon veda\u2026Her sonlar\u0131n dudaklardan d\u00f6k\u00fclmez kelimeleri!Ho\u015f\u00e7a kal yerine derin bir sessizlik i\u00e7indeSon kez gidilir!..Sizce ben \u00e2\u015f\u0131k m\u0131y\u0131m \u015fair miyim? Hay\u0131r de\u011filim! O halde ben, giderken de\u011fil gittikten sonra de\u011fil \u00e7ok \u00e7ok \u00f6nceden veda ederim.\u0130STASYON:Vedalar\u0131n yeri de\u011fil midir istasyonlar? Beraber ya\u015fanan, ge\u00e7mi\u015fin ve ya\u015fanmak istenen gelece\u011fin terkedili\u015fi\u2026 Kavu\u015fmalar\u0131n yeri de\u011fil midir istasyonlar? Hesapl\u0131 bir ayr\u0131l\u0131k \u00f6zleminin, bekleyene sanc\u0131 i\u00e7erisinde dakikalar\u0131 sayd\u0131ran\u2026 S\u0131f\u0131rdan ba\u015flayanlar\u0131n yeri de\u011fil midir istasyonlar? Ne yolcu edeni vard\u0131r ne gidece\u011fi yerde kar\u015f\u0131layan\u0131\u2026 Giden kendine gider, gitti\u011fi yerde kar\u015f\u0131layan yine kendisi. Bu istasyonda, cam kenar\u0131na oturup ba\u015f\u0131n\u0131z\u0131 yaslad\u0131\u011f\u0131n\u0131zda de\u011fi\u015fen yol manzaras\u0131 e\u015fli\u011finde d\u00fc\u015f\u00fcn\u00fcp hayaller kuraca\u011f\u0131n\u0131z otob\u00fcsler yok. G\u00fcvertesine \u00e7\u0131kt\u0131\u011f\u0131n\u0131zda dalgalar\u0131n k\u00f6p\u00fc\u011f\u00fcn\u00fc izlerken s\u0131y\u0131r\u0131p ataca\u011f\u0131n\u0131z ac\u0131lar\u0131n i\u00e7erisinde bir mart\u0131 sesine g\u00fcl\u00fcmseyece\u011finiz gemiler de yok. Bu istasyonda t\u00fcrk\u00fclerin kara treni de yok. \u00c7\u00fcnk\u00fc bu istasyonda vedalar yok, kavu\u015fmalar da. Bir mecburiyet yeri bu istasyon\u2026<\/p>\n","protected":false},"excerpt":{"rendered":"<p>Setimiz \u00c7i\u011fdem K\u00f6ro\u011flu&#8217;na Dans\u00f6z ve \u0130stasyon eserlerinden olu\u015fmaktad\u0131r.DANS\u00d6Z:Her sonlar\u0131n bir cesareti vard\u0131r!Son bak\u0131\u015fSon dokunu\u015fSon \u00f6p\u00fc\u015fmeSon sevi\u015fme\u2026Her sonlar\u0131n bir cesareti vard\u0131r!Son aldan\u0131\u015fSon g\u00f6zya\u015f\u0131Son tebess\u00fcmSon veda\u2026Her sonlar\u0131n dudaklardan<span class=\"excerpt-hellip\"> [\u2026]<\/span><\/p>\n","protected":false},"featured_media":0,"template":"","meta":{"_monsterinsights_skip_tracking":false,"_monsterinsights_sitenote_active":false,"_monsterinsights_sitenote_note":"","_monsterinsights_sitenote_category":0},"product_brand":[],"product_cat":[12291,12711],"product_tag":[],"class_list":{"0":"post-737665","1":"product","2":"type-product","3":"status-publish","5":"product_cat-edebiyat","6":"product_cat-roman-oyku","7":"pa_cilt-set","8":"pa_tur-kitap","9":"pa_yayinevi-vaveyla-yayincilik","10":"pa_yazar-cigdem-koroglu","12":"first","13":"instock","14":"sale","15":"shipping-taxable","16":"purchasable","17":"product-type-simple"},"_links":{"self":[{"href":"https:\/\/roveyayinevi.com.tr\/index.php\/wp-json\/wp\/v2\/product\/737665","targetHints":{"allow":["GET"]}}],"collection":[{"href":"https:\/\/roveyayinevi.com.tr\/index.php\/wp-json\/wp\/v2\/product"}],"about":[{"href":"https:\/\/roveyayinevi.com.tr\/index.php\/wp-json\/wp\/v2\/types\/product"}],"wp:attachment":[{"href":"https:\/\/roveyayinevi.com.tr\/index.php\/wp-json\/wp\/v2\/media?parent=737665"}],"wp:term":[{"taxonomy":"product_brand","embeddable":true,"href":"https:\/\/roveyayinevi.com.tr\/index.php\/wp-json\/wp\/v2\/product_brand?post=737665"},{"taxonomy":"product_cat","embeddable":true,"href":"https:\/\/roveyayinevi.com.tr\/index.php\/wp-json\/wp\/v2\/product_cat?post=737665"},{"taxonomy":"product_tag","embeddable":true,"href":"https:\/\/roveyayinevi.com.tr\/index.php\/wp-json\/wp\/v2\/product_tag?post=737665"}],"curies":[{"name":"wp","href":"https:\/\/api.w.org\/{rel}","templated":true}]}}