{"id":737664,"date":"2025-08-27T23:33:39","date_gmt":"2025-08-27T20:33:39","guid":{"rendered":"https:\/\/roveyayinevi.com.tr\/index.php\/urun\/dunyalar-kadar\/"},"modified":"2026-04-16T02:47:33","modified_gmt":"2026-04-15T23:47:33","slug":"dunyalar-kadar","status":"publish","type":"product","link":"https:\/\/roveyayinevi.com.tr\/index.php\/urun\/dunyalar-kadar\/","title":{"rendered":"D\u00fcnyalar Kadar"},"content":{"rendered":"<p>\u201cAsl\u0131nda her \u015feyin haritas\u0131n\u0131 \u00e7izebilirsin. Y\u0131ld\u0131zlardan bakt\u0131\u011f\u0131m\u0131zda d\u00fcnyam\u0131z bile bir nokta kadar.\u201d \u00c7\u0131nar penceresinin \u00f6n\u00fcndeki a\u011fac\u0131 kendisi gibi yaln\u0131z bulmaktad\u0131r. D\u00fcnyay\u0131 gezmeyi ve ke\u015ffetmeyi \u00e7ok seven \u00c7\u0131nar, a\u011fac\u0131n oldu\u011fu yerde \u00e7ak\u0131l\u0131 kalmas\u0131ndan dolay\u0131 \u00e7ok \u00fczg\u00fcnd\u00fcr. \u201cAma asl\u0131nda A\u011fa\u00e7 hi\u00e7 de \u00c7\u0131nar\u2019\u0131n pencereden bakt\u0131\u011f\u0131 gibi yaln\u0131z de\u011fildi. T\u00fcrl\u00fc b\u00f6cek sakinleri, ku\u015f yuvalar\u0131 ve kedi ziyaret\u00e7ileri vard\u0131. Bu a\u011fa\u00e7 ger\u00e7ekten tek ba\u015f\u0131na bir d\u00fcnyayd\u0131.\u201d <\/p>\n","protected":false},"excerpt":{"rendered":"<p>\u201cAsl\u0131nda her \u015feyin haritas\u0131n\u0131 \u00e7izebilirsin. Y\u0131ld\u0131zlardan bakt\u0131\u011f\u0131m\u0131zda d\u00fcnyam\u0131z bile bir nokta kadar.\u201d \u00c7\u0131nar penceresinin \u00f6n\u00fcndeki a\u011fac\u0131 kendisi gibi yaln\u0131z bulmaktad\u0131r. D\u00fcnyay\u0131 gezmeyi ve ke\u015ffetmeyi \u00e7ok seven<span class=\"excerpt-hellip\"> [\u2026]<\/span><\/p>\n","protected":false},"featured_media":0,"template":"","meta":{"_monsterinsights_skip_tracking":false,"_monsterinsights_sitenote_active":false,"_monsterinsights_sitenote_note":"","_monsterinsights_sitenote_category":0},"product_brand":[],"product_cat":[12275,12274],"product_tag":[],"class_list":{"0":"post-737664","1":"product","2":"type-product","3":"status-publish","5":"product_cat-6-12-yas-kitaplari","6":"product_cat-cocuk-ve-genclik-kitaplari","7":"pa_cilt-ciltsiz","8":"pa_tur-kitap","9":"pa_yayinevi-dinozor-cocuk","10":"pa_yazar-gizem-kiygi","12":"first","13":"instock","14":"sale","15":"shipping-taxable","16":"purchasable","17":"product-type-simple"},"_links":{"self":[{"href":"https:\/\/roveyayinevi.com.tr\/index.php\/wp-json\/wp\/v2\/product\/737664","targetHints":{"allow":["GET"]}}],"collection":[{"href":"https:\/\/roveyayinevi.com.tr\/index.php\/wp-json\/wp\/v2\/product"}],"about":[{"href":"https:\/\/roveyayinevi.com.tr\/index.php\/wp-json\/wp\/v2\/types\/product"}],"wp:attachment":[{"href":"https:\/\/roveyayinevi.com.tr\/index.php\/wp-json\/wp\/v2\/media?parent=737664"}],"wp:term":[{"taxonomy":"product_brand","embeddable":true,"href":"https:\/\/roveyayinevi.com.tr\/index.php\/wp-json\/wp\/v2\/product_brand?post=737664"},{"taxonomy":"product_cat","embeddable":true,"href":"https:\/\/roveyayinevi.com.tr\/index.php\/wp-json\/wp\/v2\/product_cat?post=737664"},{"taxonomy":"product_tag","embeddable":true,"href":"https:\/\/roveyayinevi.com.tr\/index.php\/wp-json\/wp\/v2\/product_tag?post=737664"}],"curies":[{"name":"wp","href":"https:\/\/api.w.org\/{rel}","templated":true}]}}