{"id":737661,"date":"2025-08-27T23:33:35","date_gmt":"2025-08-27T20:33:35","guid":{"rendered":"https:\/\/roveyayinevi.com.tr\/index.php\/urun\/travma-terapi\/"},"modified":"2026-04-16T02:47:33","modified_gmt":"2026-04-15T23:47:33","slug":"travma-terapi","status":"publish","type":"product","link":"https:\/\/roveyayinevi.com.tr\/index.php\/urun\/travma-terapi\/","title":{"rendered":"Travma Terapi"},"content":{"rendered":"<p>Enderemiro\u011flu, yirmi y\u0131la yak\u0131n bir s\u00fcre sonra yay\u0131mlad\u0131\u011f\u0131m\u0131z yeni kitab\u0131 travma terapi\u2019de hayata \u201ckana kesmi\u015f bir k\u0131r\u0131k cam\u201d i\u00e7inden bakmaya devam ediyor. Orhan Kahyao\u011flu\u2019nun yorumuyla \u015fiirsel dil, bi\u00e7im ve teknik aray\u0131\u015flar\u0131n\u0131 dize yap\u0131s\u0131 i\u00e7inde zorlayarak, s\u00f6zc\u00fck \u00e7e\u015fitlili\u011fi i\u00e7inde geli\u015ftirdi\u011fi i\u00e7 ses \u00f6rg\u00fcs\u00fc arac\u0131l\u0131\u011f\u0131yla dikkat \u00e7ekici bir imge d\u00fcnyas\u0131 olu\u015fturuyor. travma terapi, \u201cdibe do\u011fru, karanl\u0131\u011fa do\u011fru gittik\u00e7e \u00e7atalla\u015fan insan ruhunun \u00e7are ile \u00e7aresizlik aras\u0131nda gidip gelen varl\u0131\u011f\u0131n\u0131 sorgulayan\u201d, \u015fairin kendi deyi\u015fiyle \u201chayat\u0131 anlamaktan \u00e7ok anlama hayat katmak i\u00e7in\u201d yaz\u0131lan bir \u201c\u015fahs\u00ee\u201d yak\u0131n tarih. Kara bir denizden kara bir da\u011fa \u00e7\u0131k\u0131lan noktada \u201ckim hat\u0131rlar karde\u015fli\u011fimizi kim bilir \u015fimdi o g\u00fcnlere kim gidebilir\u201d sorusunu sormay\u0131 s\u00fcrd\u00fcrenler i\u00e7in&#8230;<\/p>\n","protected":false},"excerpt":{"rendered":"<p>Enderemiro\u011flu, yirmi y\u0131la yak\u0131n bir s\u00fcre sonra yay\u0131mlad\u0131\u011f\u0131m\u0131z yeni kitab\u0131 travma terapi\u2019de hayata \u201ckana kesmi\u015f bir k\u0131r\u0131k cam\u201d i\u00e7inden bakmaya devam ediyor. Orhan Kahyao\u011flu\u2019nun yorumuyla \u015fiirsel<span class=\"excerpt-hellip\"> [\u2026]<\/span><\/p>\n","protected":false},"featured_media":0,"template":"","meta":{"_monsterinsights_skip_tracking":false,"_monsterinsights_sitenote_active":false,"_monsterinsights_sitenote_note":"","_monsterinsights_sitenote_category":0},"product_brand":[],"product_cat":[12291,12509],"product_tag":[],"class_list":{"0":"post-737661","1":"product","2":"type-product","3":"status-publish","5":"product_cat-edebiyat","6":"product_cat-siir","7":"pa_cilt-ciltsiz","8":"pa_tur-kitap","9":"pa_yayinevi-ayrinti-yayinlari","10":"pa_yazar-ender-emiroglu","12":"first","13":"instock","14":"sale","15":"shipping-taxable","16":"purchasable","17":"product-type-simple"},"_links":{"self":[{"href":"https:\/\/roveyayinevi.com.tr\/index.php\/wp-json\/wp\/v2\/product\/737661","targetHints":{"allow":["GET"]}}],"collection":[{"href":"https:\/\/roveyayinevi.com.tr\/index.php\/wp-json\/wp\/v2\/product"}],"about":[{"href":"https:\/\/roveyayinevi.com.tr\/index.php\/wp-json\/wp\/v2\/types\/product"}],"wp:attachment":[{"href":"https:\/\/roveyayinevi.com.tr\/index.php\/wp-json\/wp\/v2\/media?parent=737661"}],"wp:term":[{"taxonomy":"product_brand","embeddable":true,"href":"https:\/\/roveyayinevi.com.tr\/index.php\/wp-json\/wp\/v2\/product_brand?post=737661"},{"taxonomy":"product_cat","embeddable":true,"href":"https:\/\/roveyayinevi.com.tr\/index.php\/wp-json\/wp\/v2\/product_cat?post=737661"},{"taxonomy":"product_tag","embeddable":true,"href":"https:\/\/roveyayinevi.com.tr\/index.php\/wp-json\/wp\/v2\/product_tag?post=737661"}],"curies":[{"name":"wp","href":"https:\/\/api.w.org\/{rel}","templated":true}]}}