{"id":737659,"date":"2025-08-27T23:33:33","date_gmt":"2025-08-27T20:33:33","guid":{"rendered":"https:\/\/roveyayinevi.com.tr\/index.php\/urun\/sivil-toplum-bir-fikrin-elestirel-tarihi\/"},"modified":"2026-04-16T02:47:33","modified_gmt":"2026-04-15T23:47:33","slug":"sivil-toplum-bir-fikrin-elestirel-tarihi","status":"publish","type":"product","link":"https:\/\/roveyayinevi.com.tr\/index.php\/urun\/sivil-toplum-bir-fikrin-elestirel-tarihi\/","title":{"rendered":"Sivil Toplum &#8211; Bir Fikrin Ele\u015ftirel Tarihi"},"content":{"rendered":"<p>Topluluklar\u0131n \u00e7\u00f6z\u00fcld\u00fc\u011f\u00fc, siyasete y\u00f6nelik ilgisizli\u011fin her ge\u00e7en g\u00fcn artt\u0131\u011f\u0131 bir ortamda kamusal ya\u015fam\u0131 yeniden canland\u0131rmak m\u00fcmk\u00fcn m\u00fc?   Sivil Toplum kitab\u0131nda, sivil toplumun hem yararlar\u0131n\u0131 hem de s\u0131n\u0131rlar\u0131n\u0131 inceleyen John Ehrenberg, kavram\u0131n siyasal ve kuramsal evrimini \u00f6zetlerken, akademik ve kamusal s\u00f6ylemdeki yerini de tan\u0131ml\u0131yor. Aristoteles&#8217;ten ve Ayd\u0131nlanma fliozoflar\u0131ndan Black Lives Matter ve Occupy hareketlerine kadar her d\u00f6nemde \u00f6nemli yans\u0131malar\u0131 olan sivil toplum kavram\u0131n\u0131n \u00e7a\u011fda\u015f siyasal meselelere dair neler sunabilece\u011fini ara\u015ft\u0131ran Ehrenberg, 11 Eyl\u00fcl, k\u00fcresel finans krizi, ekonomik e\u015fitsizlik ve h\u0131zla geli\u015fen teknolojiler gibi olaylar\u0131n \u00e7a\u011fda\u015f sivil toplumla ili\u015fkimizi nas\u0131l \u015fekillendirdi\u011fini \u00e7arp\u0131c\u0131 bir dille ortaya koyuyor. Giderek artan e\u015fitsizliklere kar\u015f\u0131 harekete ge\u00e7me \u00e7a\u011fr\u0131s\u0131nda bulunan Sivil Toplum, siyasal ya\u015fam\u0131n temel bir \u00f6\u011fesine dair kapsaml\u0131 bir bak\u0131\u015f sunuyor.   John Ehrenberg&#8217;in Sivil Toplum&#8217;u, Ko\u00e7 \u00dcniversitesi Yay\u0131nlar\u0131\u2019n\u0131n, T\u00fcrkiye \u00dc\u00e7\u00fcnc\u00fc Sekt\u00f6r Vakf\u0131 (T\u00dcSEV) ve Ko\u00e7 \u00dcniversitesi Sivil Toplum ve Hay\u0131rseverlik Ara\u015ft\u0131rmalar\u0131 Merkezi\u2019nin (KUS\u0130THAM) i\u015f birli\u011fiyle ba\u015flatt\u0131\u011f\u0131 \u201cSivil Toplum Serisi\u201dnin de ilk kitab\u0131 ayn\u0131 zamanda. Bu seri kapsam\u0131nda, sivil toplum alan\u0131nda yabanc\u0131 dillerde yaz\u0131lm\u0131\u015f de\u011ferli kaynak kitaplar\u0131n ve temel eserlerin T\u00fcrk\u00e7ede yay\u0131mlanmas\u0131yla, sivil toplum tart\u0131\u015fmalar\u0131na yeniden bir canl\u0131l\u0131k getirmek ama\u00e7lan\u0131yor. <\/p>\n","protected":false},"excerpt":{"rendered":"<p>Topluluklar\u0131n \u00e7\u00f6z\u00fcld\u00fc\u011f\u00fc, siyasete y\u00f6nelik ilgisizli\u011fin her ge\u00e7en g\u00fcn artt\u0131\u011f\u0131 bir ortamda kamusal ya\u015fam\u0131 yeniden canland\u0131rmak m\u00fcmk\u00fcn m\u00fc? Sivil Toplum kitab\u0131nda, sivil toplumun hem yararlar\u0131n\u0131 hem de<span class=\"excerpt-hellip\"> [\u2026]<\/span><\/p>\n","protected":false},"featured_media":0,"template":"","meta":{"_monsterinsights_skip_tracking":false,"_monsterinsights_sitenote_active":false,"_monsterinsights_sitenote_note":"","_monsterinsights_sitenote_category":0},"product_brand":[],"product_cat":[12835,12324],"product_tag":[],"class_list":{"0":"post-737659","1":"product","2":"type-product","3":"status-publish","5":"product_cat-genel-sosyoloji","6":"product_cat-sosyoloji","7":"pa_cilt-ciltsiz","8":"pa_tur-kitap","9":"pa_yayinevi-koc-universitesi-yayinlari","10":"pa_yazar-john-ehrenberg","12":"first","13":"instock","14":"sale","15":"shipping-taxable","16":"purchasable","17":"product-type-simple"},"_links":{"self":[{"href":"https:\/\/roveyayinevi.com.tr\/index.php\/wp-json\/wp\/v2\/product\/737659","targetHints":{"allow":["GET"]}}],"collection":[{"href":"https:\/\/roveyayinevi.com.tr\/index.php\/wp-json\/wp\/v2\/product"}],"about":[{"href":"https:\/\/roveyayinevi.com.tr\/index.php\/wp-json\/wp\/v2\/types\/product"}],"wp:attachment":[{"href":"https:\/\/roveyayinevi.com.tr\/index.php\/wp-json\/wp\/v2\/media?parent=737659"}],"wp:term":[{"taxonomy":"product_brand","embeddable":true,"href":"https:\/\/roveyayinevi.com.tr\/index.php\/wp-json\/wp\/v2\/product_brand?post=737659"},{"taxonomy":"product_cat","embeddable":true,"href":"https:\/\/roveyayinevi.com.tr\/index.php\/wp-json\/wp\/v2\/product_cat?post=737659"},{"taxonomy":"product_tag","embeddable":true,"href":"https:\/\/roveyayinevi.com.tr\/index.php\/wp-json\/wp\/v2\/product_tag?post=737659"}],"curies":[{"name":"wp","href":"https:\/\/api.w.org\/{rel}","templated":true}]}}