{"id":737657,"date":"2025-08-27T23:33:31","date_gmt":"2025-08-27T20:33:31","guid":{"rendered":"https:\/\/roveyayinevi.com.tr\/index.php\/urun\/antik-caglardan-gunumuze-kent-alani-ve-peyzaj-kulturu\/"},"modified":"2026-04-16T02:47:33","modified_gmt":"2026-04-15T23:47:33","slug":"antik-caglardan-gunumuze-kent-alani-ve-peyzaj-kulturu","status":"publish","type":"product","link":"https:\/\/roveyayinevi.com.tr\/index.php\/urun\/antik-caglardan-gunumuze-kent-alani-ve-peyzaj-kulturu\/","title":{"rendered":"Antik \u00c7a\u011flardan G\u00fcn\u00fcm\u00fcze Kent Alan\u0131 ve Peyzaj  K\u00fclt\u00fcr\u00fc"},"content":{"rendered":"<p>Bu kitap, Ko\u00e7 \u00dcniversitesi VEKAM taraf\u0131ndan 9 May\u0131s 2019 tarihinde ger\u00e7ekle\u015ftirilen \u201cAntik \u00c7a\u011flardan G\u00fcn\u00fcm\u00fcze Kent Alan\u0131 ve Peyzaj K\u00fclt\u00fcr\u00fc\u201d adl\u0131 sempozyumda sunulan bildirilerin bir derlemesidir.   Anadolu, Mezopotamya, M\u0131s\u0131r\u2019da M\u00d6 3. biny\u0131ldan beri ya\u015fanan kentle\u015fme s\u00fcrecinde se\u00e7ilen yerle\u015fim alanlar\u0131, isk\u00e2n \u00f6zellikleri ile verimli topraklar, su kaynaklar\u0131 ve do\u011fal kaynaklar\u0131n kullan\u0131m\u0131 yay\u0131nda bir araya getirilmi\u015ftir. Ayr\u0131ca askeri seferler s\u0131ras\u0131nda bah\u00e7e bitkilerinin farkl\u0131 b\u00f6lgelerden getirilip dikilmesi ile k\u00fclt\u00fcrlerin y\u00f6netim propagandas\u0131ndaki rol\u00fc tart\u0131\u015f\u0131lm\u0131\u015f; Roma k\u00fclt\u00fcr\u00fcnde ya\u015fam ve \u00fcretimi birlikte bar\u0131nd\u0131ran evin (domus), \u00e7oklu de\u011fere sahip bir yap\u0131 b\u00fct\u00fcn\u00fc olarak y\u00f6netimi, s\u0131n\u0131f\u0131 belgelemesi ve sanata katk\u0131s\u0131 incelenmi\u015ftir.   Konstantinopolis\u2019in Do\u011fu Roma\u2019n\u0131n ba\u015fkenti yap\u0131lmas\u0131n\u0131n ard\u0131ndan  artan n\u00fcfus do\u011frultusunda tar\u0131m alanlar\u0131n\u0131n y\u00f6netimi, meyve, sebze yeti\u015ftiricili\u011fi; 20. y\u00fczy\u0131l\u0131n ba\u015flar\u0131na kadar ba\u011f olarak kullan\u0131lm\u0131\u015f teras ekim alan\u0131na sahip Mavrucandere ve \u00dcrg\u00fcp yak\u0131nlar\u0131ndaki Karl\u0131k k\u00f6y\u00fcnde yeni ke\u015ffedilen \u015farap i\u015flikleri; Orta\u00e7a\u011f\u2019da kilisenin y\u00f6netiminde olan ila\u00e7 yap\u0131m\u0131 i\u00e7in \u00f6zel bitki ekimleri ve t\u0131bbi bitki bah\u00e7eleri yay\u0131nda i\u015flenen di\u011fer konulard\u0131r.   Yay\u0131nda ayr\u0131ca Osmanl\u0131 d\u00f6nemi bah\u00e7e k\u00fclt\u00fcr\u00fc; yabanc\u0131 gezginlerin aktar\u0131mlar\u0131, vak\u0131f kay\u0131tlar\u0131 ve edebi kaynaklarla incelenmi\u015f, 18. y\u00fczy\u0131ldan sonra saray k\u00f6\u015fkler ve kentsoylu evlerinde yer alan ya\u011fl\u0131boya peyzaj ve nat\u00fcrmortlardan \u00f6rneklerle sunulmu\u015ftur. Lale Devri\u2019nde saray mimarisindeki de\u011fi\u015fimin bah\u00e7eye nas\u0131l yans\u0131d\u0131\u011f\u0131 ve 19. y\u00fczy\u0131lda Osmanl\u0131 saray bah\u00e7elerinin tasar\u0131m\u0131nda peyzaj \u00f6\u011feleri ile yeni egzotik, yaprak d\u00f6kmeyen \u00e7i\u00e7ekli bitkilerin iklime al\u0131\u015ft\u0131r\u0131larak bah\u00e7elere dikilmesi konular\u0131 ele al\u0131nm\u0131\u015ft\u0131r.   Yay\u0131nda son olarak Cumhuriyet d\u00f6neminde Ankara\u2019daki imar faaliyetlerinde ve k\u00fclt\u00fcrel peyzaj\u0131n bi\u00e7imlenmesinde peyzaj\u0131n rol\u00fc, 1940\u2019lardan 1960\u2019lara bu d\u00f6n\u00fc\u015f\u00fcm s\u00fcrecini ya\u015fam\u0131\u015f kent halk\u0131n\u0131n zihin haritas\u0131ndan izlenmi\u015ftir.   Kitab\u0131n, kent peyzaj\u0131 \u00fczerine \u00e7al\u0131\u015fmalar y\u00fcr\u00fcten ara\u015ft\u0131rmac\u0131lar i\u00e7in \u00f6nemli bir ba\u015fvuru kayna\u011f\u0131 olmas\u0131 hedeflenmektedir<\/p>\n","protected":false},"excerpt":{"rendered":"<p>Bu kitap, Ko\u00e7 \u00dcniversitesi VEKAM taraf\u0131ndan 9 May\u0131s 2019 tarihinde ger\u00e7ekle\u015ftirilen \u201cAntik \u00c7a\u011flardan G\u00fcn\u00fcm\u00fcze Kent Alan\u0131 ve Peyzaj K\u00fclt\u00fcr\u00fc\u201d adl\u0131 sempozyumda sunulan bildirilerin bir derlemesidir. Anadolu,<span class=\"excerpt-hellip\"> [\u2026]<\/span><\/p>\n","protected":false},"featured_media":0,"template":"","meta":{"_monsterinsights_skip_tracking":false,"_monsterinsights_sitenote_active":false,"_monsterinsights_sitenote_note":"","_monsterinsights_sitenote_category":0},"product_brand":[],"product_cat":[52477,52478],"product_tag":[],"class_list":{"0":"post-737657","1":"product","2":"type-product","3":"status-publish","5":"product_cat-arastirma","6":"product_cat-arkeoloji","7":"pa_cilt-ciltsiz","8":"pa_tur-kitap","9":"pa_yayinevi-koc-universitesi-yayinlari","10":"pa_yazar-koc-universitesi-yayinlari-kolektif","12":"first","13":"instock","14":"sale","15":"shipping-taxable","16":"purchasable","17":"product-type-simple"},"_links":{"self":[{"href":"https:\/\/roveyayinevi.com.tr\/index.php\/wp-json\/wp\/v2\/product\/737657","targetHints":{"allow":["GET"]}}],"collection":[{"href":"https:\/\/roveyayinevi.com.tr\/index.php\/wp-json\/wp\/v2\/product"}],"about":[{"href":"https:\/\/roveyayinevi.com.tr\/index.php\/wp-json\/wp\/v2\/types\/product"}],"wp:attachment":[{"href":"https:\/\/roveyayinevi.com.tr\/index.php\/wp-json\/wp\/v2\/media?parent=737657"}],"wp:term":[{"taxonomy":"product_brand","embeddable":true,"href":"https:\/\/roveyayinevi.com.tr\/index.php\/wp-json\/wp\/v2\/product_brand?post=737657"},{"taxonomy":"product_cat","embeddable":true,"href":"https:\/\/roveyayinevi.com.tr\/index.php\/wp-json\/wp\/v2\/product_cat?post=737657"},{"taxonomy":"product_tag","embeddable":true,"href":"https:\/\/roveyayinevi.com.tr\/index.php\/wp-json\/wp\/v2\/product_tag?post=737657"}],"curies":[{"name":"wp","href":"https:\/\/api.w.org\/{rel}","templated":true}]}}