{"id":737654,"date":"2025-08-27T23:33:28","date_gmt":"2025-08-27T20:33:28","guid":{"rendered":"https:\/\/roveyayinevi.com.tr\/index.php\/urun\/sanat-dunyamiz-187-mart-nisan-2022\/"},"modified":"2026-04-16T02:47:32","modified_gmt":"2026-04-15T23:47:32","slug":"sanat-dunyamiz-187-mart-nisan-2022","status":"publish","type":"product","link":"https:\/\/roveyayinevi.com.tr\/index.php\/urun\/sanat-dunyamiz-187-mart-nisan-2022\/","title":{"rendered":"Sanat D\u00fcnyam\u0131z 187 \/ Mart &#8211; Nisan 2022"},"content":{"rendered":"<p>Sanat D\u00fcnyam\u0131z\u2019dan M\u00fcze dosyas\u0131   Sanat D\u00fcnyam\u0131z dergisi 187. say\u0131s\u0131nda okurlarla M\u00fczeler\/Haf\u0131zalar ba\u015fl\u0131kl\u0131 bir dosyay\u0131 okurlar\u0131yla bulu\u015fturuyor. Mimar Sinan G\u00fczel Sanatlar \u00dcniversitesi \u0130stanbul Resim ve Heykel M\u00fczesi\u2019nin \u201cSerginin Sergisi II\u201d ile a\u00e7\u0131lmas\u0131 vesilesiyle dergide kapsaml\u0131 bir dosyada hem T\u00fcrkiye\u2019deki hem de d\u00fcnyadaki m\u00fczeler de\u011ferlendiriliyor. Dergide akademisyen Ay\u015fe H. K\u00f6ksal m\u00fczelerin gereklili\u011fi ve vazge\u00e7ilmezli\u011fini sorgulad\u0131\u011f\u0131 yaz\u0131s\u0131nda \u0130stanbul ve Ankara\u2019daki m\u00fczelerin kurulu\u015funu ve bug\u00fcn geldikleri durumu de\u011ferlendiriyor. Elif Kam\u0131\u015fl\u0131 \u201cSerginin Sergisi II\u201dden yola \u00e7\u0131kt\u0131\u011f\u0131 yaz\u0131s\u0131nda tekrarlar ve m\u00fczelere bak\u0131yor. Derya Say\u0131n \u201cGuerilla Girls\u2019ten Bu Yana&#8230;\u201d ba\u015fl\u0131kl\u0131 yaz\u0131s\u0131nda m\u00fczelerdeki kad\u0131n ve kuir temsilleri inceliyor. Rana Kelleci ise d\u00fcnya m\u00fczelerinin sorgulan\u0131\u015flar\u0131n\u0131n ve bug\u00fcnk\u00fc hesap verebilir hale nas\u0131l geldiklerinin tarihini de\u011ferlendiriyor. \u0130lker Hepkaner, m\u00fczelerdeki temsiliyetleri kendi ki\u015fisel \u00f6yk\u00fcs\u00fc \u00fczerinden ele al\u0131rken, Hatice Utkan \u00d6zden m\u00fczecili\u011fin bitmeyen yenilenme s\u00fcrecini anlat\u0131yor.   Sanat\u00e7\u0131 Esra Oskay ise, dergide \u201cAyvazovski ve Di\u011ferleri: Resmi Makamlar\u0131n Resimli Bir \u0130ncelemesi\u201d adl\u0131 foto-makalesinde g\u00f6r\u00fcnmez olan eserlerin varl\u0131\u011f\u0131n\u0131 inceliyor.   S\u00fcreyyya Evren Sarmal Senaryolar V\u2019te bu kez senaryolar\u0131 \u00c7atlak filminden Burak Delier\u2019in Kar\u015f\u0131 Sanat \u00c7al\u0131\u015fmalar\u0131\u2019ndaki sergisine do\u011fru bir yola \u00e7\u0131kar\u0131yor.   Derginin ele\u015ftiri ve de\u011ferlendirme yaz\u0131lar\u0131na yer verdi\u011fi +\u0130z b\u00f6l\u00fcm\u00fcnde Se\u00e7il Epik sanat\u00e7\u0131 \u0130pek Duben\u2019in sanat prati\u011fine yer veren \u201cTen, Beden, Ben\u201d sergisini yaz\u0131yor. \u015e\u00fckran \u00c7akmak ise bu b\u00f6l\u00fcmdeki yaz\u0131s\u0131nda Auido Koreografi: M\u00fcze Gazhane adl\u0131 performatif eserin deneyimlerini anlat\u0131yor. Eser Selen Bora Ba\u015fkan\u2019\u0131n ki\u015fisel sergisini de\u011ferlendirdi\u011fi yaz\u0131s\u0131nda soyut resim \u00fczerine bir deneme sunuyor. <\/p>\n","protected":false},"excerpt":{"rendered":"<p>Sanat D\u00fcnyam\u0131z\u2019dan M\u00fcze dosyas\u0131 Sanat D\u00fcnyam\u0131z dergisi 187. say\u0131s\u0131nda okurlarla M\u00fczeler\/Haf\u0131zalar ba\u015fl\u0131kl\u0131 bir dosyay\u0131 okurlar\u0131yla bulu\u015fturuyor. Mimar Sinan G\u00fczel Sanatlar \u00dcniversitesi \u0130stanbul Resim ve Heykel M\u00fczesi\u2019nin<span class=\"excerpt-hellip\"> [\u2026]<\/span><\/p>\n","protected":false},"featured_media":0,"template":"","meta":{"_monsterinsights_skip_tracking":false,"_monsterinsights_sitenote_active":false,"_monsterinsights_sitenote_note":"","_monsterinsights_sitenote_category":0},"product_brand":[],"product_cat":[22066,13527],"product_tag":[],"class_list":{"0":"post-737654","1":"product","2":"type-product","3":"status-publish","5":"product_cat-sanat-sureli-yayinlar","6":"product_cat-sureli-yayinlar","7":"pa_cilt-ciltsiz","8":"pa_tur-dergi","9":"pa_yayinevi-yapi-kredi-yayinlari","10":"pa_yazar-yapi-kredi-yayinlari-kolektif","12":"first","13":"instock","14":"sale","15":"shipping-taxable","16":"purchasable","17":"product-type-simple"},"_links":{"self":[{"href":"https:\/\/roveyayinevi.com.tr\/index.php\/wp-json\/wp\/v2\/product\/737654","targetHints":{"allow":["GET"]}}],"collection":[{"href":"https:\/\/roveyayinevi.com.tr\/index.php\/wp-json\/wp\/v2\/product"}],"about":[{"href":"https:\/\/roveyayinevi.com.tr\/index.php\/wp-json\/wp\/v2\/types\/product"}],"wp:attachment":[{"href":"https:\/\/roveyayinevi.com.tr\/index.php\/wp-json\/wp\/v2\/media?parent=737654"}],"wp:term":[{"taxonomy":"product_brand","embeddable":true,"href":"https:\/\/roveyayinevi.com.tr\/index.php\/wp-json\/wp\/v2\/product_brand?post=737654"},{"taxonomy":"product_cat","embeddable":true,"href":"https:\/\/roveyayinevi.com.tr\/index.php\/wp-json\/wp\/v2\/product_cat?post=737654"},{"taxonomy":"product_tag","embeddable":true,"href":"https:\/\/roveyayinevi.com.tr\/index.php\/wp-json\/wp\/v2\/product_tag?post=737654"}],"curies":[{"name":"wp","href":"https:\/\/api.w.org\/{rel}","templated":true}]}}