{"id":737653,"date":"2025-08-27T23:33:27","date_gmt":"2025-08-27T20:33:27","guid":{"rendered":"https:\/\/roveyayinevi.com.tr\/index.php\/urun\/kitaplik-220-mart-nisan-2022\/"},"modified":"2026-04-16T02:47:32","modified_gmt":"2026-04-15T23:47:32","slug":"kitaplik-220-mart-nisan-2022","status":"publish","type":"product","link":"https:\/\/roveyayinevi.com.tr\/index.php\/urun\/kitaplik-220-mart-nisan-2022\/","title":{"rendered":"Kitapl\u0131k 220 \/ Mart &#8211; Nisan 2022"},"content":{"rendered":"<p>Yap\u0131 Kredi Yay\u0131nlar\u0131 taraf\u0131ndan yay\u0131mlanmakta olan kitap-l\u0131k dergisinin 220. say\u0131s\u0131nda dosya konusu F\u00fcruzan\u2019\u0131n Gecenin \u00d6teki Y\u00fcz\u00fc kitab\u0131. 1982\u2019de \u00e7\u0131kan kitab\u0131n 40. y\u0131l\u0131 dolay\u0131s\u0131yla haz\u0131rlanan dosyada \u00dclker \u0130nce, Haydar Erg\u00fclen, Semiramis Ya\u011fc\u0131o\u011flu, Ayd\u0131n Afacan, Ay\u015fe Sar\u0131say\u0131n, Ula\u015f Bager Aldemir yaz\u0131lar\u0131 ve kitab\u0131n televizyon dizisinin oyuncular\u0131ndan Zuhal Olcay ile bir s\u00f6yle\u015fi yer al\u0131yor. \u0130smail Uyaro\u011flu, H\u00fcseyin Ferhad, \u0130smail Karakurt, Elif Sofya, Levent Karata\u015f, Ersun \u00c7\u0131plak, Ey\u00fcp Ya\u015far, Yal\u00e7\u0131n Tosun ve Janset Karavin \u015fiirleri; Nuray Tekin, Haydar Erg\u00fclen, B. Nihan Eren, Enis Ak\u0131n, Eylem Ata G\u00fcle\u00e7, Elif Erdo\u011fan ve Hatice Sabah \u00f6yk\u00fcleri; Mehmet Erg\u00fcven, Abdullah U\u00e7man ve Ege Berensel yaz\u0131lar\u0131yla; G\u00fcltekin Emre (A. Ezik), Sine Erg\u00fcn (M. Atalay), H\u00fcseyin Peker (B. \u00c7elik) s\u00f6yle\u015fileriyle kitap-l\u0131k dergisinin 220. say\u0131s\u0131nda. kitap-l\u0131k 29 y\u0131ld\u0131r iyi edebiyat\u0131n adresi. <\/p>\n","protected":false},"excerpt":{"rendered":"<p>Yap\u0131 Kredi Yay\u0131nlar\u0131 taraf\u0131ndan yay\u0131mlanmakta olan kitap-l\u0131k dergisinin 220. say\u0131s\u0131nda dosya konusu F\u00fcruzan\u2019\u0131n Gecenin \u00d6teki Y\u00fcz\u00fc kitab\u0131. 1982\u2019de \u00e7\u0131kan kitab\u0131n 40. y\u0131l\u0131 dolay\u0131s\u0131yla haz\u0131rlanan dosyada \u00dclker<span class=\"excerpt-hellip\"> [\u2026]<\/span><\/p>\n","protected":false},"featured_media":0,"template":"","meta":{"_monsterinsights_skip_tracking":false,"_monsterinsights_sitenote_active":false,"_monsterinsights_sitenote_note":"","_monsterinsights_sitenote_category":0},"product_brand":[],"product_cat":[30023,13527],"product_tag":[],"class_list":{"0":"post-737653","1":"product","2":"type-product","3":"status-publish","5":"product_cat-edebiyat-sureli-yayinlar","6":"product_cat-sureli-yayinlar","7":"pa_cilt-ciltsiz","8":"pa_tur-dergi","9":"pa_yayinevi-yapi-kredi-yayinlari-dergi","10":"pa_yazar-yapi-kredi-yayinlari-dergi-kolektif","12":"first","13":"instock","14":"sale","15":"shipping-taxable","16":"purchasable","17":"product-type-simple"},"_links":{"self":[{"href":"https:\/\/roveyayinevi.com.tr\/index.php\/wp-json\/wp\/v2\/product\/737653","targetHints":{"allow":["GET"]}}],"collection":[{"href":"https:\/\/roveyayinevi.com.tr\/index.php\/wp-json\/wp\/v2\/product"}],"about":[{"href":"https:\/\/roveyayinevi.com.tr\/index.php\/wp-json\/wp\/v2\/types\/product"}],"wp:attachment":[{"href":"https:\/\/roveyayinevi.com.tr\/index.php\/wp-json\/wp\/v2\/media?parent=737653"}],"wp:term":[{"taxonomy":"product_brand","embeddable":true,"href":"https:\/\/roveyayinevi.com.tr\/index.php\/wp-json\/wp\/v2\/product_brand?post=737653"},{"taxonomy":"product_cat","embeddable":true,"href":"https:\/\/roveyayinevi.com.tr\/index.php\/wp-json\/wp\/v2\/product_cat?post=737653"},{"taxonomy":"product_tag","embeddable":true,"href":"https:\/\/roveyayinevi.com.tr\/index.php\/wp-json\/wp\/v2\/product_tag?post=737653"}],"curies":[{"name":"wp","href":"https:\/\/api.w.org\/{rel}","templated":true}]}}