{"id":737651,"date":"2025-08-27T23:33:26","date_gmt":"2025-08-27T20:33:26","guid":{"rendered":"https:\/\/roveyayinevi.com.tr\/index.php\/urun\/kaplumbaga-geldi-bir-gun-tek-basina-the-tortoise-arrived-alone-one-day\/"},"modified":"2026-04-16T02:47:32","modified_gmt":"2026-04-15T23:47:32","slug":"kaplumbaga-geldi-bir-gun-tek-basina-the-tortoise-arrived-alone-one-day","status":"publish","type":"product","link":"https:\/\/roveyayinevi.com.tr\/index.php\/urun\/kaplumbaga-geldi-bir-gun-tek-basina-the-tortoise-arrived-alone-one-day\/","title":{"rendered":"Kaplumba\u011fa Geldi Bir G\u00fcn Tek Ba\u015f\u0131na &#8211; The Tortoise Arrived Alone One Day"},"content":{"rendered":"<p>Sanat\u00e7\u0131lar Bruno Vandermeulen ve Danny Veys\u2019in g\u00fcn\u00fcm\u00fczde Isparta, Burdur ve Antalya&#8217;n\u0131n bir k\u0131sm\u0131n\u0131 kapsayan tarihi Pisidya b\u00f6lgesi ve \u00e7evresinde \u00e7ektikleri foto\u011fraflardan olu\u015fan Kaplumba\u011fa Geldi Bir G\u00fcn Tek Ba\u015f\u0131na \/ The Tortoise Arrived Alone One Day kitab\u0131 Yap\u0131 Kredi Yay\u0131nlar\u0131\u2019ndan \u00e7\u0131kt\u0131.Ko\u00e7 \u00dcniversitesi Anadolu Medeniyetleri Ara\u015ft\u0131rma Merkezi (ANAMED) de kitaptan yola \u00e7\u0131karak bir sergi haz\u0131rlad\u0131. \u201cGe\u00e7mi\u015f ve \u015eimdinin Bulu\u015fmas\u0131: Foto\u011frafik Bir Ke\u015fif\u201d sergisi, 27 \u015eubat \u2013 17 Ekim 2022 tarihleri aras\u0131nda ANAMED\u2019de ziyaret edilebilir.Sanat\u00e7\u0131lar Bruno Vandermeulen ve Danny Veys\u2019in \u201ctarihi de\u011fi\u015ftirilmi\u015f manzara\u201d kavram\u0131na odaklanan foto\u011fraflar\u0131ndan olu\u015fan Kaplumba\u011fa Geldi Bir Gu\u0308n Tek Ba\u015f\u0131na \/ The Tortoise Arrived Alone One Day adl\u0131 foto\u011fraf kitab\u0131na Sagalassos Arkeolojik Ara\u015ft\u0131rmalar\u0131 Projesi Direkt\u00f6r\u00fc Jeroen Poblome\u2019un metinleri e\u015flik ediyor.Kitap, Poblome\u2019un yaz\u0131lar\u0131yla birlikte, Judith Desmyttere\u2019in kitaba da ad\u0131n\u0131 veren \u015fiirini, Me\u015fher Direkt\u00f6r\u00fc Bahattin \u00d6ztuncay\u2019\u0131n bask\u0131 tekniklerine dair yaz\u0131s\u0131n\u0131 ve Jan Baetens\u2019in \u201cRetorik Olarak Foto\u011fraf\u201d ba\u015fl\u0131kl\u0131 metnini \u0130ngilizce ve T\u00fcrk\u00e7e olarak okurla bulu\u015fturuyor.Ko\u00e7 \u00dcniversitesi Anadolu Medeniyetleri Ara\u015ft\u0131rma Merkezi (ANAMED)\u2019in kitaptan yola \u00e7\u0131karak haz\u0131rlad\u0131\u011f\u0131 \u201cGe\u00e7mi\u015f ve \u015eimdinin Bulu\u015fmas\u0131: Foto\u011frafik Bir Ke\u015fif\u201d sergisi de kitapla e\u015fzamanl\u0131 olarak izleyiciyle bulu\u015fuyor.Vehbi Ko\u00e7 Vakf\u0131, Yap\u0131 Kredi Yay\u0131nlar\u0131, KU Leuven, LUCA School of Arts ve Sagalassos Arkeolojik Ara\u015ft\u0131rmalar\u0131 Projesi katk\u0131lar\u0131yla 27 \u015eubat-17 Ekim 2022 tarihleri aras\u0131nda d\u00fczenlenen sergide Bruno Vandermeulen ve Danny Veys\u2019in geni\u015f format analog foto\u011fraf makinesiyle siyah-beyaz film \u00fczerine olu\u015fturdu\u011fu foto\u011fraflar\u0131n yan\u0131 s\u0131ra \u00d6mer M. Ko\u00e7 Koleksiyonu\u2019ndan 19. y\u00fczy\u0131l foto\u011fraf ve alb\u00fcmleri de yer al\u0131yor.Sanat\u00e7\u0131lar Hakk\u0131nda:Bruno Vandermeulen (1972) G\u00f6rsel sanatlar, foto\u011fraf\u00e7\u0131l\u0131k alan\u0131nda y\u00fcksek lisans derecesi sahibi (LUCA School of Arts, Campus Sint-Lukas Br\u00fcksel, Bel\u00e7ika, 1995). 2002 Y\u0131l\u0131nda KU Leuven\u2019e kat\u0131ld\u0131 ve halen KU Leuven K\u00fct\u00fcphanelerinde Dijitalle\u015ftirme ve Dok\u00fcmantasyon \u00e7al\u0131\u015fmalar\u0131n\u0131 y\u00f6netiyor.Danny Veys (1970) G\u00f6rsel sanatlar, foto\u011fraf\u00e7\u0131l\u0131k alan\u0131nda y\u00fcksek lisans derecesi sahibi (LUCA School of Arts, Campus Sint-Lukas Br\u00fcksel, Bel\u00e7ika, 1995). 2003 y\u0131l\u0131ndan bu yana LUCA Sanat Okulu\u2019nda film temelli foto\u011fraf\u00e7\u0131l\u0131k dersleri veriyor.Bruno Vandermeulen ve Danny Veys 2003 y\u0131l\u0131ndan beri Sagalassos Arkeolojik Ara\u015ft\u0131rmalar Projesi\u2019ne ba\u011fl\u0131 olarak \u00e7al\u0131\u015f\u0131yor. 2008 y\u0131l\u0131ndan bu yana Sagalassos ve \u00e7evresinde tarih ile manzara ili\u015fkisi \u00fczerinde \u00e7al\u0131\u015f\u0131yorlar.<\/p>\n","protected":false},"excerpt":{"rendered":"<p>Sanat\u00e7\u0131lar Bruno Vandermeulen ve Danny Veys\u2019in g\u00fcn\u00fcm\u00fczde Isparta, Burdur ve Antalya&#8217;n\u0131n bir k\u0131sm\u0131n\u0131 kapsayan tarihi Pisidya b\u00f6lgesi ve \u00e7evresinde \u00e7ektikleri foto\u011fraflardan olu\u015fan Kaplumba\u011fa Geldi Bir G\u00fcn<span class=\"excerpt-hellip\"> [\u2026]<\/span><\/p>\n","protected":false},"featured_media":0,"template":"","meta":{"_monsterinsights_skip_tracking":false,"_monsterinsights_sitenote_active":false,"_monsterinsights_sitenote_note":"","_monsterinsights_sitenote_category":0},"product_brand":[],"product_cat":[44608,12408],"product_tag":[],"class_list":{"0":"post-737651","1":"product","2":"type-product","3":"status-publish","5":"product_cat-diger-sanat","6":"product_cat-sanat","7":"pa_cilt-ciltsiz","8":"pa_tur-kitap","9":"pa_yayinevi-yapi-kredi-yayinlari-kultur","10":"pa_yazar-yapi-kredi-yayinlari-kolektif","12":"first","13":"instock","14":"sale","15":"shipping-taxable","16":"purchasable","17":"product-type-simple"},"_links":{"self":[{"href":"https:\/\/roveyayinevi.com.tr\/index.php\/wp-json\/wp\/v2\/product\/737651","targetHints":{"allow":["GET"]}}],"collection":[{"href":"https:\/\/roveyayinevi.com.tr\/index.php\/wp-json\/wp\/v2\/product"}],"about":[{"href":"https:\/\/roveyayinevi.com.tr\/index.php\/wp-json\/wp\/v2\/types\/product"}],"wp:attachment":[{"href":"https:\/\/roveyayinevi.com.tr\/index.php\/wp-json\/wp\/v2\/media?parent=737651"}],"wp:term":[{"taxonomy":"product_brand","embeddable":true,"href":"https:\/\/roveyayinevi.com.tr\/index.php\/wp-json\/wp\/v2\/product_brand?post=737651"},{"taxonomy":"product_cat","embeddable":true,"href":"https:\/\/roveyayinevi.com.tr\/index.php\/wp-json\/wp\/v2\/product_cat?post=737651"},{"taxonomy":"product_tag","embeddable":true,"href":"https:\/\/roveyayinevi.com.tr\/index.php\/wp-json\/wp\/v2\/product_tag?post=737651"}],"curies":[{"name":"wp","href":"https:\/\/api.w.org\/{rel}","templated":true}]}}