{"id":737649,"date":"2025-08-27T23:33:23","date_gmt":"2025-08-27T20:33:23","guid":{"rendered":"https:\/\/roveyayinevi.com.tr\/index.php\/urun\/incelikler-tarihi-gulten-akin-siiri\/"},"modified":"2026-04-16T02:47:32","modified_gmt":"2026-04-15T23:47:32","slug":"incelikler-tarihi-gulten-akin-siiri","status":"publish","type":"product","link":"https:\/\/roveyayinevi.com.tr\/index.php\/urun\/incelikler-tarihi-gulten-akin-siiri\/","title":{"rendered":"\u0130ncelikler Tarihi \u2013 G\u00fclten Ak\u0131n \u015eiiri"},"content":{"rendered":"<p>G\u00fclten Ak\u0131n \u015fiiri \u00fcst\u00fcne incelemeler \u0130ncelikler Tarihi 21 yazar\u0131n katk\u0131s\u0131yla ortaya \u00e7\u0131kan \u0130ncelikler Tarihi, ortak bir G\u00fclten Ak\u0131n kitab\u0131. Kitab\u0131 haz\u0131rlayan \u015fairler Asuman Susam\u2019la Duygu Kankayts\u0131n\u2019\u0131n \u00fc\u00e7 b\u00f6l\u00fcmde toplad\u0131\u011f\u0131 yaz\u0131larda G\u00fclten Ak\u0131n \u015fiiri t\u00fcm y\u00f6nleriyle ele al\u0131n\u0131yor. \u201cG\u00fclten Ak\u0131n\u2019da \u015eair Olu\u015f\u201d ba\u015fl\u0131kl\u0131 ilk b\u00f6l\u00fcmde Necmiye Alpay, Saliha Paker, Mahmut Temizy\u00fcrek, Sevilay \u00c7elenk, Olcay Aky\u0131ld\u0131z ve Metin Cel\u00e2l ki\u015fili\u011fi ve \u015fiirimizdeki yeri \u00e7er\u00e7evesinde \u015faire yakla\u015f\u0131yorlar. \u201cG\u00fclten Ak\u0131n\u2019\u0131 Okumak\u201d ba\u015fl\u0131kl\u0131 ikinci b\u00f6l\u00fcmde Cevat \u00c7apan, Haydar Erg\u00fclen, Roman Karavadi, \u00d6mer Erdem, Semih \u00c7elenk, Pelin \u00d6zer ve \u0130nan\u00e7 Avadit \u015fairle etkile\u015fimlerini anlat\u0131yorlar. \u201cG\u00fclten Ak\u0131n \u015eiirinin Y\u00fczleri\u201d ba\u015fl\u0131kl\u0131 \u00fc\u00e7\u00fcnc\u00fc b\u00f6l\u00fcmdeyse Bet\u00fcl Mutlu, H\u00fcseyin K\u00f6se, Yusuf Alper, Emel Kaya, Hayri K. Yetik, Ali \u00d6zg\u00fcr \u00d6zkarc\u0131, Didem G\u00fcl\u00e7in Erdem ve Ruken Alp esteti\u011fin ve ele\u015ftirinin kavramsal, y\u00f6ntemsel bilgisinin i\u015fletildi\u011fi bir yerden G\u00fclten Ak\u0131n \u015fiirine bak\u0131yorlar. \u0130ncelikler Tarihi &#8211; G\u00fclten Ak\u0131n \u015eiiri modern \u015fiir tarihimizde kad\u0131n\u0131n bireysel-toplumsal duru\u015funu g\u00f6sterme ve \u00f6zellikle \u201c\u015fair olu\u015f\u201d ve \u201ckad\u0131n olu\u015f\u201d imgelerinin katmanlar\u0131n\u0131 birlikte a\u00e7ma amac\u0131n\u0131 da ta\u015f\u0131yor. <\/p>\n","protected":false},"excerpt":{"rendered":"<p>G\u00fclten Ak\u0131n \u015fiiri \u00fcst\u00fcne incelemeler \u0130ncelikler Tarihi 21 yazar\u0131n katk\u0131s\u0131yla ortaya \u00e7\u0131kan \u0130ncelikler Tarihi, ortak bir G\u00fclten Ak\u0131n kitab\u0131. Kitab\u0131 haz\u0131rlayan \u015fairler Asuman Susam\u2019la Duygu Kankayts\u0131n\u2019\u0131n<span class=\"excerpt-hellip\"> [\u2026]<\/span><\/p>\n","protected":false},"featured_media":0,"template":"","meta":{"_monsterinsights_skip_tracking":false,"_monsterinsights_sitenote_active":false,"_monsterinsights_sitenote_note":"","_monsterinsights_sitenote_category":0},"product_brand":[],"product_cat":[12291,12509],"product_tag":[],"class_list":{"0":"post-737649","1":"product","2":"type-product","3":"status-publish","5":"product_cat-edebiyat","6":"product_cat-siir","7":"pa_cilt-ciltsiz","8":"pa_tur-kitap","9":"pa_yayinevi-yapi-kredi-yayinlari","10":"pa_yazar-gulten-akin","12":"first","13":"instock","14":"sale","15":"shipping-taxable","16":"purchasable","17":"product-type-simple"},"_links":{"self":[{"href":"https:\/\/roveyayinevi.com.tr\/index.php\/wp-json\/wp\/v2\/product\/737649","targetHints":{"allow":["GET"]}}],"collection":[{"href":"https:\/\/roveyayinevi.com.tr\/index.php\/wp-json\/wp\/v2\/product"}],"about":[{"href":"https:\/\/roveyayinevi.com.tr\/index.php\/wp-json\/wp\/v2\/types\/product"}],"wp:attachment":[{"href":"https:\/\/roveyayinevi.com.tr\/index.php\/wp-json\/wp\/v2\/media?parent=737649"}],"wp:term":[{"taxonomy":"product_brand","embeddable":true,"href":"https:\/\/roveyayinevi.com.tr\/index.php\/wp-json\/wp\/v2\/product_brand?post=737649"},{"taxonomy":"product_cat","embeddable":true,"href":"https:\/\/roveyayinevi.com.tr\/index.php\/wp-json\/wp\/v2\/product_cat?post=737649"},{"taxonomy":"product_tag","embeddable":true,"href":"https:\/\/roveyayinevi.com.tr\/index.php\/wp-json\/wp\/v2\/product_tag?post=737649"}],"curies":[{"name":"wp","href":"https:\/\/api.w.org\/{rel}","templated":true}]}}