{"id":737646,"date":"2025-08-27T23:33:20","date_gmt":"2025-08-27T20:33:20","guid":{"rendered":"https:\/\/roveyayinevi.com.tr\/index.php\/urun\/bir-yolculugun-hikayesi-yusuf-u-zuleyha-mesnevisinde-kemalat\/"},"modified":"2026-04-16T02:47:32","modified_gmt":"2026-04-15T23:47:32","slug":"bir-yolculugun-hikayesi-yusuf-u-zuleyha-mesnevisinde-kemalat","status":"publish","type":"product","link":"https:\/\/roveyayinevi.com.tr\/index.php\/urun\/bir-yolculugun-hikayesi-yusuf-u-zuleyha-mesnevisinde-kemalat\/","title":{"rendered":"Bir Yolculu\u011fun Hikayesi- Yusuf U Z\u00fcleyha Mesnevisinde Kemalat"},"content":{"rendered":"<p>Bir Yolculu\u011fun Hikayesi:Yusuf U Z\u00fcleyha Mesnevisinde Kemalat<\/p>\n","protected":false},"excerpt":{"rendered":"<p>Bir Yolculu\u011fun Hikayesi:Yusuf U Z\u00fcleyha Mesnevisinde Kemalat<\/p>\n","protected":false},"featured_media":0,"template":"","meta":{"_monsterinsights_skip_tracking":false,"_monsterinsights_sitenote_active":false,"_monsterinsights_sitenote_note":"","_monsterinsights_sitenote_category":0},"product_brand":[],"product_cat":[12573,12566],"product_tag":[],"class_list":{"0":"post-737646","1":"product","2":"type-product","3":"status-publish","5":"product_cat-akademik-kitaplar","6":"product_cat-egitim","7":"pa_cilt-ciltsiz","8":"pa_tur-kitap","9":"pa_yayinevi-soncag-akademik-kitaplar","10":"pa_yazar-tuba-bezenmis","12":"first","13":"instock","14":"sale","15":"shipping-taxable","16":"purchasable","17":"product-type-simple"},"_links":{"self":[{"href":"https:\/\/roveyayinevi.com.tr\/index.php\/wp-json\/wp\/v2\/product\/737646","targetHints":{"allow":["GET"]}}],"collection":[{"href":"https:\/\/roveyayinevi.com.tr\/index.php\/wp-json\/wp\/v2\/product"}],"about":[{"href":"https:\/\/roveyayinevi.com.tr\/index.php\/wp-json\/wp\/v2\/types\/product"}],"wp:attachment":[{"href":"https:\/\/roveyayinevi.com.tr\/index.php\/wp-json\/wp\/v2\/media?parent=737646"}],"wp:term":[{"taxonomy":"product_brand","embeddable":true,"href":"https:\/\/roveyayinevi.com.tr\/index.php\/wp-json\/wp\/v2\/product_brand?post=737646"},{"taxonomy":"product_cat","embeddable":true,"href":"https:\/\/roveyayinevi.com.tr\/index.php\/wp-json\/wp\/v2\/product_cat?post=737646"},{"taxonomy":"product_tag","embeddable":true,"href":"https:\/\/roveyayinevi.com.tr\/index.php\/wp-json\/wp\/v2\/product_tag?post=737646"}],"curies":[{"name":"wp","href":"https:\/\/api.w.org\/{rel}","templated":true}]}}