{"id":737645,"date":"2025-08-27T23:33:19","date_gmt":"2025-08-27T20:33:19","guid":{"rendered":"https:\/\/roveyayinevi.com.tr\/index.php\/urun\/kritimu\/"},"modified":"2026-04-16T02:47:32","modified_gmt":"2026-04-15T23:47:32","slug":"kritimu","status":"publish","type":"product","link":"https:\/\/roveyayinevi.com.tr\/index.php\/urun\/kritimu\/","title":{"rendered":"Kritimu"},"content":{"rendered":"<p>\u0130\u00c7ER\u0130K TANITIM (Arka Kapak) M\u00fcbadil bir ailenin \u00fc\u00e7\u00fcnc\u00fc nesli olan Sab\u00e2 Alt\u0131nsay\u2019\u0131n ilk roman\u0131 Kritimu, Girit\u2019im Benim, yak\u0131\u015f\u0131kl\u0131 kuyumcu \u0130brahim Yarmakamakis\u2019in ve e\u015fi kuyumcinan\u0131n hik\u00e2yeleri \u00fczerinden okuru, m\u00fcbadelenin yirmi be\u015f sene \u00f6ncesine g\u00f6t\u00fcr\u00fcrken Giritli M\u00fcsl\u00fcman ve H\u0131ristiyan halklar\u0131n bu kopu\u015fa uzanan m\u00fccadelesine de ortak ediyor. Kritimu, Girit\u2019im Benim, insanlar\u0131n adadan kopu\u015f s\u00fcrecini, iki bavula s\u0131\u011fd\u0131rmaya \u00e7al\u0131\u015ft\u0131klar\u0131 hayatlar\u0131n\u0131, geride b\u0131rakt\u0131klar\u0131 \u00f6l\u00fclerini, vedala\u015famad\u0131klar\u0131 evlerini, g\u00fczeller g\u00fczeli Hanya\u2019dan ayr\u0131l\u0131\u015flar\u0131n\u0131 anlat\u0131rken, kelimelerinin ta\u015f\u0131d\u0131\u011f\u0131 h\u00fcz\u00fcnle y\u00fcreklerimizi burkuyor: \u201cT\u0131pk\u0131 insanlar gibi toplumlar\u0131n da kaderleri vard\u0131r. Bu kader, bazen \u00e7ok ac\u0131 yaz\u0131l\u0131r.\u201d Bin dokuz y\u00fcz yirmi \u00fc\u00e7 y\u0131l\u0131n\u0131n yirmi \u00fc\u00e7 kas\u0131m sabah\u0131, Hanya Liman\u0131\u2019na \u00e7\u00f6km\u00fc\u015f ayr\u0131l\u0131k ac\u0131s\u0131n\u0131n dili olan Sab\u00e2 Alt\u0131nsay, bizi adeta \u0130brahim ve ailesinin bindi\u011fi gemiye bindiriyor ve k\u0131y\u0131dan uzakla\u015ft\u0131k\u00e7a Girit\u2019e do\u011fru akan o ac\u0131 dolu feryad\u0131 kulaklar\u0131m\u0131za f\u0131s\u0131ld\u0131yor: \u201cKritimu! Benim g\u00fczel adam!\u201d Girit\u2019i ve orada ya\u015fananlar\u0131 ele almas\u0131 a\u00e7\u0131s\u0131ndan m\u00fcbadele romanlar\u0131 aras\u0131nda \u00f6nemli bir yeri olan Kritimu, Girit\u2019im Benim, b\u00fct\u00fcn Giritlilerin hik\u00e2yesini anlatsa da benzersiz do\u011fas\u0131 ve insan\u0131n ruhunu \u00e7alan kokusuyla Girit Adas\u0131\u2019n\u0131 roman\u0131n as\u0131l kahraman\u0131 yap\u0131yor. \u201cG\u00f6\u00e7 sadece gideni de\u011fil, kalan\u0131 da pe\u015finden s\u00fcr\u00fckl\u00fcyordu\u201d, diyor Sab\u00e2 Alt\u0131nsay, \u201cinsan\u0131n do\u011fdu\u011fu toprak ile g\u00f6m\u00fclece\u011fi toprak ayn\u0131 toprak olmayacaksa, ne kal\u0131r ki geriye, \u00f6l\u00fcrken, ya\u015famdan? Bu soruya yan\u0131t bulma \u00e7abas\u0131 bu roman.\u201d      Oru\u00e7 Aruoba \u201cArt\u0131k bizim de bir Dido Sotiriyu\u2019muz var,\u201d diyebiliriz g\u00f6n\u00fcl rahatl\u0131\u011f\u0131yla&#8230; Benden Selam S\u00f6yle Anadolu\u2019yay\u0131 severek okuyanlar\u0131n ka\u00e7\u0131rmamas\u0131 gereken bir roman Kritimu, Girit\u2019im Benim&#8230;\u201d       Vatan Gazetesi, Yi\u011fiter Ulu\u011f     sab\u00e2 alt\u0131nsay: 1961 y\u0131l\u0131nda \u00c7anakkale\u2019de do\u011fdu. Orta\u00f6\u011frenimini TED Ankara Koleji\u2019nde, lise \u00f6\u011frenimini Bornova Anadolu Lisesi\u2019nde tamamlad\u0131. Ankara \u00dcniversitesi, \u0130leti\u015fim Fak\u00fcltesi mezunu olan Alt\u0131nsay\u2019\u0131n ilk roman\u0131 Kritimu, Girit\u2019im Benim ilk olarak 2004 y\u0131l\u0131nda Can Yay\u0131nlar\u0131 taraf\u0131ndan yay\u0131mland\u0131 ve T\u00fcrkiye\u2019den sonra Yunanistan, Bulgaristan, H\u0131rvatistan ve Suriye\u2019de okurlar\u0131yla bulu\u015ftu. Yazar\u0131n ikinci roman\u0131 Benim Hi\u00e7 Su\u00e7um Yok, 2011 y\u0131l\u0131nda yay\u0131mland\u0131 ve ayn\u0131 y\u0131l, Saint Joseph Lisesi Y\u0131l\u0131n En \u0130yi Roman\u0131 \u00f6d\u00fcl\u00fcn\u00fc ald\u0131. Alt\u0131nsay, Kad\u0131n \u00d6yk\u00fclerinde \u0130stanbul adl\u0131 antolojide \u201cKedi\u201d ba\u015fl\u0131kl\u0131 \u00f6yk\u00fcs\u00fcyle yer ald\u0131. \u201cKimsecik\u201d ise Unser Istanbul, Junge turkishe Literatur adl\u0131 antolojide Almanca olarak yay\u0131mland\u0131. Yazar\u0131n \u00fc\u00e7\u00fcnc\u00fc roman\u0131 Faili Malum ilk kez D\u00fc\u015fbaz Kitaplar taraf\u0131ndan Mart 2022 tarihinde yay\u0131mland\u0131.   Kullan\u0131lan Reklam Mecralar\u0131: Sosyal Medya ve Gazete\/Dergiler <\/p>\n","protected":false},"excerpt":{"rendered":"<p>\u0130\u00c7ER\u0130K TANITIM (Arka Kapak) M\u00fcbadil bir ailenin \u00fc\u00e7\u00fcnc\u00fc nesli olan Sab\u00e2 Alt\u0131nsay\u2019\u0131n ilk roman\u0131 Kritimu, Girit\u2019im Benim, yak\u0131\u015f\u0131kl\u0131 kuyumcu \u0130brahim Yarmakamakis\u2019in ve e\u015fi kuyumcinan\u0131n hik\u00e2yeleri \u00fczerinden<span class=\"excerpt-hellip\"> [\u2026]<\/span><\/p>\n","protected":false},"featured_media":0,"template":"","meta":{"_monsterinsights_skip_tracking":false,"_monsterinsights_sitenote_active":false,"_monsterinsights_sitenote_note":"","_monsterinsights_sitenote_category":0},"product_brand":[],"product_cat":[12291,12711],"product_tag":[],"class_list":{"0":"post-737645","1":"product","2":"type-product","3":"status-publish","5":"product_cat-edebiyat","6":"product_cat-roman-oyku","7":"pa_cilt-ciltsiz","8":"pa_tur-kitap","9":"pa_yayinevi-dusbaz-kitaplar","10":"pa_yazar-saba-altinsay","12":"first","13":"instock","14":"sale","15":"shipping-taxable","16":"purchasable","17":"product-type-simple"},"_links":{"self":[{"href":"https:\/\/roveyayinevi.com.tr\/index.php\/wp-json\/wp\/v2\/product\/737645","targetHints":{"allow":["GET"]}}],"collection":[{"href":"https:\/\/roveyayinevi.com.tr\/index.php\/wp-json\/wp\/v2\/product"}],"about":[{"href":"https:\/\/roveyayinevi.com.tr\/index.php\/wp-json\/wp\/v2\/types\/product"}],"wp:attachment":[{"href":"https:\/\/roveyayinevi.com.tr\/index.php\/wp-json\/wp\/v2\/media?parent=737645"}],"wp:term":[{"taxonomy":"product_brand","embeddable":true,"href":"https:\/\/roveyayinevi.com.tr\/index.php\/wp-json\/wp\/v2\/product_brand?post=737645"},{"taxonomy":"product_cat","embeddable":true,"href":"https:\/\/roveyayinevi.com.tr\/index.php\/wp-json\/wp\/v2\/product_cat?post=737645"},{"taxonomy":"product_tag","embeddable":true,"href":"https:\/\/roveyayinevi.com.tr\/index.php\/wp-json\/wp\/v2\/product_tag?post=737645"}],"curies":[{"name":"wp","href":"https:\/\/api.w.org\/{rel}","templated":true}]}}