{"id":737644,"date":"2025-08-27T23:33:18","date_gmt":"2025-08-27T20:33:18","guid":{"rendered":"https:\/\/roveyayinevi.com.tr\/index.php\/urun\/dil-muhendisligi-ve-turkiyede-uluslasma\/"},"modified":"2026-04-16T02:47:32","modified_gmt":"2026-04-15T23:47:32","slug":"dil-muhendisligi-ve-turkiyede-uluslasma","status":"publish","type":"product","link":"https:\/\/roveyayinevi.com.tr\/index.php\/urun\/dil-muhendisligi-ve-turkiyede-uluslasma\/","title":{"rendered":"Dil M\u00fchendisli\u011fi ve T\u00fcrkiye\u2019de Ulusla\u015fma"},"content":{"rendered":"<p>Modern zamanlarda dil, bir ileti\u015fim arac\u0131 olman\u0131n \u00f6tesinde, siyasetin de konusudur. Ulus devlet olu\u015fum s\u00fcre\u00e7lerinde, kendi haline b\u0131rak\u0131lmay\u0131p, siyasi hedeflerle planl\u0131 bi\u00e7imde reforme edilir. T\u00fcrkiye Cumhuriyeti\u2019nin kurulu\u015f y\u0131llar\u0131da, bu istikametteki &#8220;m\u00fchendislik&#8221; faaliyetlerinin karakteristik bir \u00f6rne\u011fi olmu\u015ftur.<\/p>\n","protected":false},"excerpt":{"rendered":"<p>Modern zamanlarda dil, bir ileti\u015fim arac\u0131 olman\u0131n \u00f6tesinde, siyasetin de konusudur. Ulus devlet olu\u015fum s\u00fcre\u00e7lerinde, kendi haline b\u0131rak\u0131lmay\u0131p, siyasi hedeflerle planl\u0131 bi\u00e7imde reforme edilir. T\u00fcrkiye Cumhuriyeti\u2019nin<span class=\"excerpt-hellip\"> [\u2026]<\/span><\/p>\n","protected":false},"featured_media":0,"template":"","meta":{"_monsterinsights_skip_tracking":false,"_monsterinsights_sitenote_active":false,"_monsterinsights_sitenote_note":"","_monsterinsights_sitenote_category":0},"product_brand":[],"product_cat":[13005,37328],"product_tag":[],"class_list":{"0":"post-737644","1":"product","2":"type-product","3":"status-publish","5":"product_cat-bilim-muhendislik","6":"product_cat-diger-bilim-muhendislik","7":"pa_cilt-ciltsiz","8":"pa_tur-kitap","9":"pa_yayinevi-siyasiyat-yayinlari","10":"pa_yazar-zafer-celik","12":"first","13":"instock","14":"sale","15":"shipping-taxable","16":"purchasable","17":"product-type-simple"},"_links":{"self":[{"href":"https:\/\/roveyayinevi.com.tr\/index.php\/wp-json\/wp\/v2\/product\/737644","targetHints":{"allow":["GET"]}}],"collection":[{"href":"https:\/\/roveyayinevi.com.tr\/index.php\/wp-json\/wp\/v2\/product"}],"about":[{"href":"https:\/\/roveyayinevi.com.tr\/index.php\/wp-json\/wp\/v2\/types\/product"}],"wp:attachment":[{"href":"https:\/\/roveyayinevi.com.tr\/index.php\/wp-json\/wp\/v2\/media?parent=737644"}],"wp:term":[{"taxonomy":"product_brand","embeddable":true,"href":"https:\/\/roveyayinevi.com.tr\/index.php\/wp-json\/wp\/v2\/product_brand?post=737644"},{"taxonomy":"product_cat","embeddable":true,"href":"https:\/\/roveyayinevi.com.tr\/index.php\/wp-json\/wp\/v2\/product_cat?post=737644"},{"taxonomy":"product_tag","embeddable":true,"href":"https:\/\/roveyayinevi.com.tr\/index.php\/wp-json\/wp\/v2\/product_tag?post=737644"}],"curies":[{"name":"wp","href":"https:\/\/api.w.org\/{rel}","templated":true}]}}