{"id":737643,"date":"2025-08-27T23:33:18","date_gmt":"2025-08-27T20:33:18","guid":{"rendered":"https:\/\/roveyayinevi.com.tr\/index.php\/urun\/kendin-olma-hakki-ve-sinirlarina-hakim-olmak\/"},"modified":"2026-04-11T14:06:14","modified_gmt":"2026-04-11T11:06:14","slug":"kendin-olma-hakki-ve-sinirlarina-hakim-olmak","status":"publish","type":"product","link":"https:\/\/roveyayinevi.com.tr\/index.php\/urun\/kendin-olma-hakki-ve-sinirlarina-hakim-olmak\/","title":{"rendered":"Kendin Olma Hakk\u0131 ve S\u0131n\u0131rlar\u0131na Hakim Olmak"},"content":{"rendered":"<p>A\u015eIRI \u00c7ABA G\u00d6STERMEKTEN, BEKLENENDEN FAZLASINI YAPMAKTAN, S\u00dcREKL\u0130 BA\u015eKALARINI MEMNUN ETMEYE \u00c7ALI\u015eMAKTAN VE KEND\u0130 \u0130HT\u0130YA\u00c7LARINIZI G\u00d6Z ARDI ETMEKTEN KURTULUN VE  SONUNDA HAK ETT\u0130\u011e\u0130N\u0130Z HAYATI YA\u015eAYIN! Psikoterapist Terri Cole, basit ama \u00e7ok \u00f6nemli bir \u00f6nermeden yola \u00e7\u0131k\u0131yor: Sa\u011fl\u0131kl\u0131 s\u0131n\u0131rlar olmadan, hakiki ve mutlu bir hayat ya\u015fayamazs\u0131n\u0131z. Bu \u00f6zellikle g\u00fcn\u00fcm\u00fcz kad\u0131nlar\u0131 i\u00e7in ge\u00e7erli; s\u0131kl\u0131kla i\u00e7inde bulunduklar\u0131 k\u00fclt\u00fcr taraf\u0131ndan \u201ciyi\u201d olmaya ko\u015fulland\u0131r\u0131lan, ba\u015fkalar\u0131n\u0131 k\u0131rmaktan ya da k\u00f6t\u00fc biri gibi alg\u0131lanmaktan korkan ve bir yandan da kendi sa\u011fl\u0131k ve mutluluklar\u0131n\u0131 koruma ihtiyac\u0131 hisseden, bu ikisi aras\u0131nda s\u0131k\u0131\u015f\u0131p kalm\u0131\u015f kad\u0131nlar i\u00e7in. Bu d\u00fc\u015f\u00fcnceden hareket edilerek yaz\u0131lan Kendin Olma Hakk\u0131 ve S\u0131n\u0131rlar\u0131na Hakim Olmak, sa\u011fl\u0131kl\u0131 s\u0131n\u0131rlar \u00e7izme ve bu s\u0131n\u0131rlar\u0131 koruma konusunda ustala\u015fmak isteyen kad\u0131nlara y\u00f6nelik kapsaml\u0131 bir rehber g\u00f6revi g\u00f6r\u00fcyor. Kendin Olma Hakk\u0131 ve S\u0131n\u0131rlar\u0131na Hakim Olmak, su\u00e7luluk duymadan veya olay \u00e7\u0131karmadan, ba\u015fkalar\u0131 u\u011fruna kendinizden vazge\u00e7meyi b\u0131rakman\u0131za yard\u0131mc\u0131 olacak bir dizi beceri kazand\u0131rmay\u0131 ama\u00e7l\u0131yor. Bu kitapta, i\u015f ve \u00f6zel hayat\u0131n\u0131z\u0131n her y\u00f6n\u00fcn\u00fc bilin\u00e7li bir \u015fekilde kontrol alt\u0131na alabilmeniz i\u00e7in gerekli olan ve tecr\u00fcbeye dayal\u0131 birtak\u0131m uygulamalar bulacaks\u0131n\u0131z. Do\u011frular\u0131 kolayca dile getirebildi\u011finizi hayal edin. \u0130li\u015fkilerinizde kendinizi sakin ve emin bir \u015fekilde ifade edebildi\u011finizi, hayat\u0131n\u0131z\u0131n her alan\u0131nda ne isteyip ne istemedi\u011finizi tam olarak bildi\u011finizi\u2026 A\u015f\u0131r\u0131 vermekten, a\u015f\u0131r\u0131 yapmaktan ve hatta a\u015f\u0131r\u0131 hissetmekten yorulduysan\u0131z hayat\u0131n\u0131z\u0131 de\u011fi\u015ftirme vakti. Bu kitap, hak etti\u011finiz mutlu ve sa\u011fl\u0131kl\u0131 hayat\u0131 ya\u015fayabilmeniz i\u00e7in size tercih, istek ve s\u0131n\u0131rlar\u0131n\u0131z\u0131 do\u011fru bir \u015fekilde nas\u0131l ifade edebilece\u011finizi g\u00f6sterecek. <\/p>\n","protected":false},"excerpt":{"rendered":"<p>A\u015eIRI \u00c7ABA G\u00d6STERMEKTEN, BEKLENENDEN FAZLASINI YAPMAKTAN, S\u00dcREKL\u0130 BA\u015eKALARINI MEMNUN ETMEYE \u00c7ALI\u015eMAKTAN VE KEND\u0130 \u0130HT\u0130YA\u00c7LARINIZI G\u00d6Z ARDI ETMEKTEN KURTULUN VE SONUNDA HAK ETT\u0130\u011e\u0130N\u0130Z HAYATI YA\u015eAYIN! Psikoterapist Terri<span class=\"excerpt-hellip\"> [\u2026]<\/span><\/p>\n","protected":false},"featured_media":0,"template":"","meta":{"_monsterinsights_skip_tracking":false,"_monsterinsights_sitenote_active":false,"_monsterinsights_sitenote_note":"","_monsterinsights_sitenote_category":0},"product_brand":[],"product_cat":[12364,12376],"product_tag":[],"class_list":{"0":"post-737643","1":"product","2":"type-product","3":"status-publish","5":"product_cat-genel-konular","6":"product_cat-kisisel-gelisim","7":"pa_cilt-ciltsiz","8":"pa_tur-kitap","9":"pa_yayinevi-okuyan-us-yayin","10":"pa_yazar-terri-cole","12":"first","13":"instock","14":"sale","15":"shipping-taxable","16":"purchasable","17":"product-type-simple"},"_links":{"self":[{"href":"https:\/\/roveyayinevi.com.tr\/index.php\/wp-json\/wp\/v2\/product\/737643","targetHints":{"allow":["GET"]}}],"collection":[{"href":"https:\/\/roveyayinevi.com.tr\/index.php\/wp-json\/wp\/v2\/product"}],"about":[{"href":"https:\/\/roveyayinevi.com.tr\/index.php\/wp-json\/wp\/v2\/types\/product"}],"wp:attachment":[{"href":"https:\/\/roveyayinevi.com.tr\/index.php\/wp-json\/wp\/v2\/media?parent=737643"}],"wp:term":[{"taxonomy":"product_brand","embeddable":true,"href":"https:\/\/roveyayinevi.com.tr\/index.php\/wp-json\/wp\/v2\/product_brand?post=737643"},{"taxonomy":"product_cat","embeddable":true,"href":"https:\/\/roveyayinevi.com.tr\/index.php\/wp-json\/wp\/v2\/product_cat?post=737643"},{"taxonomy":"product_tag","embeddable":true,"href":"https:\/\/roveyayinevi.com.tr\/index.php\/wp-json\/wp\/v2\/product_tag?post=737643"}],"curies":[{"name":"wp","href":"https:\/\/api.w.org\/{rel}","templated":true}]}}