{"id":737642,"date":"2025-08-27T23:33:16","date_gmt":"2025-08-27T20:33:16","guid":{"rendered":"https:\/\/roveyayinevi.com.tr\/index.php\/urun\/benim-turkum\/"},"modified":"2026-04-16T02:47:32","modified_gmt":"2026-04-15T23:47:32","slug":"benim-turkum","status":"publish","type":"product","link":"https:\/\/roveyayinevi.com.tr\/index.php\/urun\/benim-turkum\/","title":{"rendered":"Benim T\u00fcrk\u00fcm"},"content":{"rendered":"<p>\u201cEmel G\u00fcney isimli bir \u00e7ocuk var. Bence T\u00fcrkiye\u2019nin de\u011fil, d\u00fcnyan\u0131n en g\u00fczel sesi. Ben bazen g\u00f6zlerimi kapat\u0131p, bu \u00e7ocu\u011fu dinliyorum. Beni al\u0131p ba\u015fka yerlere g\u00f6t\u00fcr\u00fcyor. Bazen o gitti\u011fim yerde kal\u0131yorum, geri gelemiyorum.\u201d                                                                                                                           Zeki M\u00fcren <\/p>\n","protected":false},"excerpt":{"rendered":"<p>\u201cEmel G\u00fcney isimli bir \u00e7ocuk var. Bence T\u00fcrkiye\u2019nin de\u011fil, d\u00fcnyan\u0131n en g\u00fczel sesi. Ben bazen g\u00f6zlerimi kapat\u0131p, bu \u00e7ocu\u011fu dinliyorum. Beni al\u0131p ba\u015fka yerlere g\u00f6t\u00fcr\u00fcyor. Bazen<span class=\"excerpt-hellip\"> [\u2026]<\/span><\/p>\n","protected":false},"featured_media":0,"template":"","meta":{"_monsterinsights_skip_tracking":false,"_monsterinsights_sitenote_active":false,"_monsterinsights_sitenote_note":"","_monsterinsights_sitenote_category":0},"product_brand":[],"product_cat":[13701,12291],"product_tag":[],"class_list":{"0":"post-737642","1":"product","2":"type-product","3":"status-publish","5":"product_cat-ani-mektup-gunluk","6":"product_cat-edebiyat","7":"pa_cilt-ciltsiz","8":"pa_tur-kitap","9":"pa_yayinevi-kirmizi-kedi-yayinevi","10":"pa_yazar-hatice-ikinci","12":"first","13":"instock","14":"sale","15":"shipping-taxable","16":"purchasable","17":"product-type-simple"},"_links":{"self":[{"href":"https:\/\/roveyayinevi.com.tr\/index.php\/wp-json\/wp\/v2\/product\/737642","targetHints":{"allow":["GET"]}}],"collection":[{"href":"https:\/\/roveyayinevi.com.tr\/index.php\/wp-json\/wp\/v2\/product"}],"about":[{"href":"https:\/\/roveyayinevi.com.tr\/index.php\/wp-json\/wp\/v2\/types\/product"}],"wp:attachment":[{"href":"https:\/\/roveyayinevi.com.tr\/index.php\/wp-json\/wp\/v2\/media?parent=737642"}],"wp:term":[{"taxonomy":"product_brand","embeddable":true,"href":"https:\/\/roveyayinevi.com.tr\/index.php\/wp-json\/wp\/v2\/product_brand?post=737642"},{"taxonomy":"product_cat","embeddable":true,"href":"https:\/\/roveyayinevi.com.tr\/index.php\/wp-json\/wp\/v2\/product_cat?post=737642"},{"taxonomy":"product_tag","embeddable":true,"href":"https:\/\/roveyayinevi.com.tr\/index.php\/wp-json\/wp\/v2\/product_tag?post=737642"}],"curies":[{"name":"wp","href":"https:\/\/api.w.org\/{rel}","templated":true}]}}