{"id":737641,"date":"2025-08-27T23:33:15","date_gmt":"2025-08-27T20:33:15","guid":{"rendered":"https:\/\/roveyayinevi.com.tr\/index.php\/urun\/seraph-of-the-end-kiyamet-melegi-18\/"},"modified":"2026-04-16T02:47:32","modified_gmt":"2026-04-15T23:47:32","slug":"seraph-of-the-end-kiyamet-melegi-18","status":"publish","type":"product","link":"https:\/\/roveyayinevi.com.tr\/index.php\/urun\/seraph-of-the-end-kiyamet-melegi-18\/","title":{"rendered":"Seraph of the End &#8211; K\u0131yamet Mele\u011fi 18"},"content":{"rendered":"<p>Gizemli bir vir\u00fcs d\u00fcnyaya yay\u0131ld\u0131 ve 13 ya\u015f\u0131n \u00fczerindeki herkesin \u00f6l\u00fcm\u00fcne neden oldu. Vampirler karanl\u0131k k\u00f6\u015felerinden \u00e7\u0131kt\u0131lar ve hayatta kalan \u00e7ocuklar\u0131 yer alt\u0131n\u0131n karanl\u0131\u011f\u0131na mahk\u00fbm ettiler. Bu \u00e7ocuklardan biri olan Yui\u00e7iro vampirlerin elinden kurtulmay\u0131 ba\u015fard\u0131. \u015eimdi istedi\u011fi tek bir \u015fey var: T\u00fcm vampirlerden intikam\u0131n\u0131 almak. Yui\u00e7iro ve arkada\u015flar\u0131, son sava\u015fa haz\u0131rlanmak i\u00e7in \u015eeytan Ordusu\u2019na d\u00f6nd\u00fcler. Kararg\u00e2hta, Kureto D\u00f6rt Orakl\u0131 \u00c7ocuk\u2019un v\u00fccuduna sahip olmas\u0131n\u0131 engellemek i\u00e7in b\u00fcy\u00fck \u00e7aba g\u00f6steriyor. Ancak D\u00f6rt Orakl\u0131 \u00c7ocuk, \u015einoa ve Yui\u00e7iro\u2019yu da ele ge\u00e7irmeye karar verince her \u015fey h\u0131zla de\u011fi\u015fecek. Acaba Kureto, \u015einoa ve Yui\u00e7iro ona engel olabilecekler mi yoksa v\u00fccutlar\u0131n\u0131 ilk ataya teslim etmek zorunda m\u0131 kalacaklar?<\/p>\n","protected":false},"excerpt":{"rendered":"<p>Gizemli bir vir\u00fcs d\u00fcnyaya yay\u0131ld\u0131 ve 13 ya\u015f\u0131n \u00fczerindeki herkesin \u00f6l\u00fcm\u00fcne neden oldu. Vampirler karanl\u0131k k\u00f6\u015felerinden \u00e7\u0131kt\u0131lar ve hayatta kalan \u00e7ocuklar\u0131 yer alt\u0131n\u0131n karanl\u0131\u011f\u0131na mahk\u00fbm ettiler.<span class=\"excerpt-hellip\"> [\u2026]<\/span><\/p>\n","protected":false},"featured_media":0,"template":"","meta":{"_monsterinsights_skip_tracking":false,"_monsterinsights_sitenote_active":false,"_monsterinsights_sitenote_note":"","_monsterinsights_sitenote_category":0},"product_brand":[],"product_cat":[12689,12274],"product_tag":[],"class_list":{"0":"post-737641","1":"product","2":"type-product","3":"status-publish","5":"product_cat-cizgi-roman-cocuk-ve-genclik-kitaplari","6":"product_cat-cocuk-ve-genclik-kitaplari","7":"pa_cilt-ciltsiz","8":"pa_tur-kitap","9":"pa_yayinevi-kurukafa","10":"pa_yazar-takaya-kagami","12":"first","13":"instock","14":"sale","15":"shipping-taxable","16":"purchasable","17":"product-type-simple"},"_links":{"self":[{"href":"https:\/\/roveyayinevi.com.tr\/index.php\/wp-json\/wp\/v2\/product\/737641","targetHints":{"allow":["GET"]}}],"collection":[{"href":"https:\/\/roveyayinevi.com.tr\/index.php\/wp-json\/wp\/v2\/product"}],"about":[{"href":"https:\/\/roveyayinevi.com.tr\/index.php\/wp-json\/wp\/v2\/types\/product"}],"wp:attachment":[{"href":"https:\/\/roveyayinevi.com.tr\/index.php\/wp-json\/wp\/v2\/media?parent=737641"}],"wp:term":[{"taxonomy":"product_brand","embeddable":true,"href":"https:\/\/roveyayinevi.com.tr\/index.php\/wp-json\/wp\/v2\/product_brand?post=737641"},{"taxonomy":"product_cat","embeddable":true,"href":"https:\/\/roveyayinevi.com.tr\/index.php\/wp-json\/wp\/v2\/product_cat?post=737641"},{"taxonomy":"product_tag","embeddable":true,"href":"https:\/\/roveyayinevi.com.tr\/index.php\/wp-json\/wp\/v2\/product_tag?post=737641"}],"curies":[{"name":"wp","href":"https:\/\/api.w.org\/{rel}","templated":true}]}}