{"id":737640,"date":"2025-08-27T23:33:14","date_gmt":"2025-08-27T20:33:14","guid":{"rendered":"https:\/\/roveyayinevi.com.tr\/index.php\/urun\/kaderle-savasilmaz\/"},"modified":"2026-04-16T02:47:32","modified_gmt":"2026-04-15T23:47:32","slug":"kaderle-savasilmaz","status":"publish","type":"product","link":"https:\/\/roveyayinevi.com.tr\/index.php\/urun\/kaderle-savasilmaz\/","title":{"rendered":"Kaderle Sava\u015f\u0131lmaz"},"content":{"rendered":"<p>Kaderle sava\u015fmak m\u0131? Bu da neyin nesi b\u00f6yle \u00d6mer? B\u00f6yle bir \u015feyi hi\u00e7 d\u00fc\u015f\u00fcnmedim. Ama sava\u015f\u0131yorsun. Devlet, adam\u0131 bir y\u0131l sonra serbest b\u0131rakt\u0131. Adalet bu mu? Devlet bu mu? Selim\u2019in isyan\u0131 \u00d6mer\u2019i tedirgin etmi\u015fti. Her ne kadar ba\u015f\u0131na gelen bu olaydan sonra inanc\u0131nda sars\u0131lmalar olmu\u015fsa da onu teselli etmenin ba\u015fka yolunu bulamad\u0131. Merak etme ger\u00e7ek adalet mah\u015ferde g\u00f6r\u00fclecek. O k\u0131z\u0131m\u0131 \u00f6ld\u00fcrd\u00fc. Bir can ald\u0131. Ahirete kadar bekleyemem. Kaderle sava\u015fmaksa\u2026. <\/p>\n","protected":false},"excerpt":{"rendered":"<p>Kaderle sava\u015fmak m\u0131? Bu da neyin nesi b\u00f6yle \u00d6mer? B\u00f6yle bir \u015feyi hi\u00e7 d\u00fc\u015f\u00fcnmedim. Ama sava\u015f\u0131yorsun. Devlet, adam\u0131 bir y\u0131l sonra serbest b\u0131rakt\u0131. Adalet bu mu?<span class=\"excerpt-hellip\"> [\u2026]<\/span><\/p>\n","protected":false},"featured_media":0,"template":"","meta":{"_monsterinsights_skip_tracking":false,"_monsterinsights_sitenote_active":false,"_monsterinsights_sitenote_note":"","_monsterinsights_sitenote_category":0},"product_brand":[],"product_cat":[12291,12711],"product_tag":[],"class_list":{"0":"post-737640","1":"product","2":"type-product","3":"status-publish","5":"product_cat-edebiyat","6":"product_cat-roman-oyku","7":"pa_cilt-ciltsiz","8":"pa_tur-kitap","9":"pa_yayinevi-altinordu-yayinlari","10":"pa_yazar-hasim-akten","12":"first","13":"instock","14":"sale","15":"shipping-taxable","16":"purchasable","17":"product-type-simple"},"_links":{"self":[{"href":"https:\/\/roveyayinevi.com.tr\/index.php\/wp-json\/wp\/v2\/product\/737640","targetHints":{"allow":["GET"]}}],"collection":[{"href":"https:\/\/roveyayinevi.com.tr\/index.php\/wp-json\/wp\/v2\/product"}],"about":[{"href":"https:\/\/roveyayinevi.com.tr\/index.php\/wp-json\/wp\/v2\/types\/product"}],"wp:attachment":[{"href":"https:\/\/roveyayinevi.com.tr\/index.php\/wp-json\/wp\/v2\/media?parent=737640"}],"wp:term":[{"taxonomy":"product_brand","embeddable":true,"href":"https:\/\/roveyayinevi.com.tr\/index.php\/wp-json\/wp\/v2\/product_brand?post=737640"},{"taxonomy":"product_cat","embeddable":true,"href":"https:\/\/roveyayinevi.com.tr\/index.php\/wp-json\/wp\/v2\/product_cat?post=737640"},{"taxonomy":"product_tag","embeddable":true,"href":"https:\/\/roveyayinevi.com.tr\/index.php\/wp-json\/wp\/v2\/product_tag?post=737640"}],"curies":[{"name":"wp","href":"https:\/\/api.w.org\/{rel}","templated":true}]}}