{"id":737635,"date":"2025-08-27T23:33:09","date_gmt":"2025-08-27T20:33:09","guid":{"rendered":"https:\/\/roveyayinevi.com.tr\/index.php\/urun\/kanku-badi-yansima\/"},"modified":"2026-04-16T02:47:32","modified_gmt":"2026-04-15T23:47:32","slug":"kanku-badi-yansima","status":"publish","type":"product","link":"https:\/\/roveyayinevi.com.tr\/index.php\/urun\/kanku-badi-yansima\/","title":{"rendered":"Kanku Badi &#8211; Yans\u0131ma"},"content":{"rendered":"<p>Lila, koruyucu yeti\u015ftirmek i\u00e7in kurulan Piramit\u2019i sanc\u0131l\u0131 aile hayat\u0131ndan ka\u00e7\u0131\u015f i\u00e7in bir f\u0131rsat olarak g\u00f6rmektedir fakat Piramit, bar\u0131nd\u0131rd\u0131\u011f\u0131 gizemler ile Lila\u2019n\u0131n hayat\u0131n\u0131 ak\u0131l almaz bir y\u00f6ne \u00e7ekecektir. M\u00fccadele edece\u011fi zorluklar ve psikolojik sava\u015flar\u0131n g\u00f6lgesinde, Piramit\u2019in s\u0131rlar\u0131n\u0131n pe\u015fine d\u00fc\u015fecek ve gizem perdelerini aralayacakt\u0131r. Piramit\u2019in ona haz\u0131rlad\u0131\u011f\u0131 en b\u00fcy\u00fck s\u00fcrpriz ise buradaki koruyuculuk g\u00f6revinin tan\u0131m\u0131d\u0131r: Onlar, d\u00fcnyan\u0131n varl\u0131\u011f\u0131ndan haberdar olmad\u0131\u011f\u0131 ve insanl\u0131\u011f\u0131 tehdit eden yarat\u0131klara kar\u015f\u0131 m\u00fccadele edecektir. Lila, bedenindeki i\u015faret sayesinde bu koruyucular aras\u0131nda \u00f6zel bir yere sahip oldu\u011funu anlar. Ancak bu i\u015faret ona bah\u015fetti\u011fi \u00f6zelliklerin yan\u0131nda, tehditler de sunacakt\u0131r. Kanku Badi, sizi fantastik bir d\u00fcnyay\u0131 ke\u015ffetmeye davet ediyor. \u201cSen devam edecek olan ki\u015fisin. Art\u0131k yans\u0131ma olmadan da onlar\u0131 g\u00f6rebileceksin.\u201d<\/p>\n","protected":false},"excerpt":{"rendered":"<p>Lila, koruyucu yeti\u015ftirmek i\u00e7in kurulan Piramit\u2019i sanc\u0131l\u0131 aile hayat\u0131ndan ka\u00e7\u0131\u015f i\u00e7in bir f\u0131rsat olarak g\u00f6rmektedir fakat Piramit, bar\u0131nd\u0131rd\u0131\u011f\u0131 gizemler ile Lila\u2019n\u0131n hayat\u0131n\u0131 ak\u0131l almaz bir y\u00f6ne<span class=\"excerpt-hellip\"> [\u2026]<\/span><\/p>\n","protected":false},"featured_media":0,"template":"","meta":{"_monsterinsights_skip_tracking":false,"_monsterinsights_sitenote_active":false,"_monsterinsights_sitenote_note":"","_monsterinsights_sitenote_category":0},"product_brand":[],"product_cat":[12291,12711],"product_tag":[],"class_list":{"0":"post-737635","1":"product","2":"type-product","3":"status-publish","5":"product_cat-edebiyat","6":"product_cat-roman-oyku","7":"pa_cilt-ciltsiz","8":"pa_tur-kitap","9":"pa_yayinevi-epsilon-yayinlari","10":"pa_yazar-funda-ayten","12":"first","13":"instock","14":"sale","15":"shipping-taxable","16":"purchasable","17":"product-type-simple"},"_links":{"self":[{"href":"https:\/\/roveyayinevi.com.tr\/index.php\/wp-json\/wp\/v2\/product\/737635","targetHints":{"allow":["GET"]}}],"collection":[{"href":"https:\/\/roveyayinevi.com.tr\/index.php\/wp-json\/wp\/v2\/product"}],"about":[{"href":"https:\/\/roveyayinevi.com.tr\/index.php\/wp-json\/wp\/v2\/types\/product"}],"wp:attachment":[{"href":"https:\/\/roveyayinevi.com.tr\/index.php\/wp-json\/wp\/v2\/media?parent=737635"}],"wp:term":[{"taxonomy":"product_brand","embeddable":true,"href":"https:\/\/roveyayinevi.com.tr\/index.php\/wp-json\/wp\/v2\/product_brand?post=737635"},{"taxonomy":"product_cat","embeddable":true,"href":"https:\/\/roveyayinevi.com.tr\/index.php\/wp-json\/wp\/v2\/product_cat?post=737635"},{"taxonomy":"product_tag","embeddable":true,"href":"https:\/\/roveyayinevi.com.tr\/index.php\/wp-json\/wp\/v2\/product_tag?post=737635"}],"curies":[{"name":"wp","href":"https:\/\/api.w.org\/{rel}","templated":true}]}}