{"id":737633,"date":"2025-08-27T23:33:06","date_gmt":"2025-08-27T20:33:06","guid":{"rendered":"https:\/\/roveyayinevi.com.tr\/index.php\/urun\/disk-dunya-26-zaman-hirsizi\/"},"modified":"2026-04-16T02:47:32","modified_gmt":"2026-04-15T23:47:32","slug":"disk-dunya-26-zaman-hirsizi","status":"publish","type":"product","link":"https:\/\/roveyayinevi.com.tr\/index.php\/urun\/disk-dunya-26-zaman-hirsizi\/","title":{"rendered":"Disk D\u00fcnya 26- Zaman H\u0131rs\u0131z\u0131"},"content":{"rendered":"<p>Diskd\u00fcnya&#8217;da zaman durursa, ya\u015fayanlar\u0131 kim kurtar\u0131r?Efsane yazar S\u00f6r Terry Pratchett&#8217;\u0131n benzersiz yarat\u0131m\u0131 \u201cDiskd\u00fcnya\u201d serisinin ilk kez T\u00fcrk\u00e7eye \u00e7evrilen yeni kitab\u0131 Zaman H\u0131rs\u0131z\u0131, hem eski dostlar\u0131 tekrardan bir araya getiren hem de nefes kesici heyecanlara k\u00fcrek \u00e7eken bir macera!D\u00fcnya \u00e7ap\u0131nda 100 milyonun \u00fczerinde satan k\u00fclliyat\u0131n yirmi alt\u0131nc\u0131 halkas\u0131 olan kitap, \u201c\u00d6l\u00fcm\u201d alt serisinin de be\u015finci ve son ser\u00fcveni.Zaman\u0131n do\u011fas\u0131n\u0131, k\u0131vrak bir \u00fcslup ve dahiyane bir kurgu e\u015fli\u011finde s\u00f6zc\u00fcklere d\u00f6ken Pratchett; insanl\u0131\u011f\u0131 yok etmek pahas\u0131na zaman\u0131 durdurmaya ant i\u00e7en \u201cfani\u201d \u00f6l\u00fcms\u00fczlerin \u00d6l\u00fcm&#8217;le imtihan\u0131n\u0131, su gibi ak\u0131p giden bir anlat\u0131ya d\u00f6n\u00fc\u015ft\u00fcr\u00fcyor. \u201cBirka\u00e7 dakikadan ne olur?\u201d dedi Lobsang. \u201cFazla bir zaman de\u011fil ki!\u201dZamandan ne \u00e7alabilirsiniz? Hayat\u0131? \u00d6l\u00fcm\u00fc? Ya da bizzat zaman\u0131n ta kendisini? Diskd\u00fcnya&#8217;n\u0131n k\u0131r\u0131lgan zaman yap\u0131s\u0131n\u0131 dikkatle izleyen Tarih Ke\u015fi\u015fleri&#8217;nin \u00e7\u00f6mezlerinden Lobsang bir i\u015fler \u00e7eviriyor. Bunun ay\u0131rd\u0131na varan ke\u015fi\u015fleri ise acayip bir tela\u015f sar\u0131yor. Tam da bu s\u0131rada evrenin ba\u015fkuralc\u0131lar\u0131 olan Denet\u00e7iler, zaman\u0131 kontrol alt\u0131na alabilmek i\u00e7in Ankh-Morpark&#8217;un d\u00e2hi saat\u00e7isinin kap\u0131s\u0131n\u0131 t\u0131ng\u0131rdat\u0131yor. \u00dcstelik bu ziyaretin ucunda emsalsiz bir cam saat var. Peh, hem de ne saat! \u0130\u015fler kar\u0131\u015fm\u0131\u015f olmal\u0131 ki Zaman Saklay\u0131c\u0131lar\u0131 tela\u015fla d\u00f6nmeye ba\u015fl\u0131yor. Bir \u015feylerin ters gitti\u011fi \u00e7ok belli. Ve e\u011fer Diskd\u00fcnya&#8217;da bir \u015feyler d\u00f6n\u00fcyorsa, bunu ilk \u00f6nce \u00d6l\u00fcm fark ediyor&#8230;\u00d6l\u00fcm&#8217;\u00fcn karanl\u0131\u011f\u0131ndan do\u011fan apayd\u0131nl\u0131k sat\u0131rlar\u0131yla, Diskd\u00fcnya&#8217;y\u0131 daha \u00f6nce hi\u00e7 ziyaret etmemi\u015f okurlar\u0131 bile k\u0131sk\u0131vrak yakalamay\u0131 ba\u015faran Terry Pratchett, zaman\u0131n felsefesini yapt\u0131\u011f\u0131 bu derinlikli roman\u0131nda, zaman denen \u015feyin ger\u00e7ekte ne denli yalan ve hatta u\u00e7ucu oldu\u011fundan dem vuruyor. \u201cKoskoca y\u00fczy\u0131llar bile, tek bir kusursuz \u00e2na boyun e\u011fer, ac\u0131 i\u00e7inde.\u201dVe yine de zaman\u0131n i\u00e7inde yitip gider o en kusursuz anlar da, boyunlar\u0131n\u0131 b\u00fcke b\u00fcke&#8230; <\/p>\n","protected":false},"excerpt":{"rendered":"<p>Diskd\u00fcnya&#8217;da zaman durursa, ya\u015fayanlar\u0131 kim kurtar\u0131r?Efsane yazar S\u00f6r Terry Pratchett&#8217;\u0131n benzersiz yarat\u0131m\u0131 \u201cDiskd\u00fcnya\u201d serisinin ilk kez T\u00fcrk\u00e7eye \u00e7evrilen yeni kitab\u0131 Zaman H\u0131rs\u0131z\u0131, hem eski dostlar\u0131 tekrardan<span class=\"excerpt-hellip\"> [\u2026]<\/span><\/p>\n","protected":false},"featured_media":0,"template":"","meta":{"_monsterinsights_skip_tracking":false,"_monsterinsights_sitenote_active":false,"_monsterinsights_sitenote_note":"","_monsterinsights_sitenote_category":0},"product_brand":[],"product_cat":[12275,12274],"product_tag":[],"class_list":{"0":"post-737633","1":"product","2":"type-product","3":"status-publish","5":"product_cat-6-12-yas-kitaplari","6":"product_cat-cocuk-ve-genclik-kitaplari","7":"pa_cilt-ciltsiz","8":"pa_tur-kitap","9":"pa_yayinevi-delidolu","10":"pa_yazar-terry-pratchett","12":"first","13":"instock","14":"sale","15":"shipping-taxable","16":"purchasable","17":"product-type-simple"},"_links":{"self":[{"href":"https:\/\/roveyayinevi.com.tr\/index.php\/wp-json\/wp\/v2\/product\/737633","targetHints":{"allow":["GET"]}}],"collection":[{"href":"https:\/\/roveyayinevi.com.tr\/index.php\/wp-json\/wp\/v2\/product"}],"about":[{"href":"https:\/\/roveyayinevi.com.tr\/index.php\/wp-json\/wp\/v2\/types\/product"}],"wp:attachment":[{"href":"https:\/\/roveyayinevi.com.tr\/index.php\/wp-json\/wp\/v2\/media?parent=737633"}],"wp:term":[{"taxonomy":"product_brand","embeddable":true,"href":"https:\/\/roveyayinevi.com.tr\/index.php\/wp-json\/wp\/v2\/product_brand?post=737633"},{"taxonomy":"product_cat","embeddable":true,"href":"https:\/\/roveyayinevi.com.tr\/index.php\/wp-json\/wp\/v2\/product_cat?post=737633"},{"taxonomy":"product_tag","embeddable":true,"href":"https:\/\/roveyayinevi.com.tr\/index.php\/wp-json\/wp\/v2\/product_tag?post=737633"}],"curies":[{"name":"wp","href":"https:\/\/api.w.org\/{rel}","templated":true}]}}