{"id":737631,"date":"2025-08-27T23:33:04","date_gmt":"2025-08-27T20:33:04","guid":{"rendered":"https:\/\/roveyayinevi.com.tr\/index.php\/urun\/kara-kedi-the-black-cat\/"},"modified":"2026-04-16T02:47:31","modified_gmt":"2026-04-15T23:47:31","slug":"kara-kedi-the-black-cat","status":"publish","type":"product","link":"https:\/\/roveyayinevi.com.tr\/index.php\/urun\/kara-kedi-the-black-cat\/","title":{"rendered":"Kara Kedi &#8211; The Black Cat"},"content":{"rendered":"<p>Kara bir kedi. Renginden dolay\u0131 utan\u0131yor ve karanl\u0131\u011f\u0131n arkas\u0131na saklan\u0131yor. Yaln\u0131z oldu\u011fu i\u00e7in \u00fcz\u00fcl\u00fcyor ve a\u011fl\u0131yor, a\u011flad\u0131\u011f\u0131nda ise t\u00fcyleri beyazl\u0131yor. Bu sefer de karanl\u0131kta saklanamayaca\u011f\u0131 i\u00e7in \u00fcz\u00fcl\u00fcyor ve t\u00fcylerini boyamaya ba\u015fl\u0131yor. Renklerin \u00f6nemsiz oldu\u011funu, herkesin \u00f6zel oldu\u011funu ona kim hat\u0131rlat\u0131yor dersiniz? * T\u00fcrk\u00e7e-\u0130ngilizce iki dilli olarak haz\u0131rlanan bu resimli \u00f6yk\u00fc kitab\u0131, ayn\u0131 zamanda \u00e7ocuklar\u0131n \u0130ngilizce e\u011fitimine de yard\u0131mc\u0131 olacak. 6 ya\u015f ve \u00fczeri i\u00e7in uygundur.<\/p>\n","protected":false},"excerpt":{"rendered":"<p>Kara bir kedi. Renginden dolay\u0131 utan\u0131yor ve karanl\u0131\u011f\u0131n arkas\u0131na saklan\u0131yor. Yaln\u0131z oldu\u011fu i\u00e7in \u00fcz\u00fcl\u00fcyor ve a\u011fl\u0131yor, a\u011flad\u0131\u011f\u0131nda ise t\u00fcyleri beyazl\u0131yor. Bu sefer de karanl\u0131kta saklanamayaca\u011f\u0131 i\u00e7in<span class=\"excerpt-hellip\"> [\u2026]<\/span><\/p>\n","protected":false},"featured_media":0,"template":"","meta":{"_monsterinsights_skip_tracking":false,"_monsterinsights_sitenote_active":false,"_monsterinsights_sitenote_note":"","_monsterinsights_sitenote_category":0},"product_brand":[],"product_cat":[12275,12274],"product_tag":[],"class_list":{"0":"post-737631","1":"product","2":"type-product","3":"status-publish","5":"product_cat-6-12-yas-kitaplari","6":"product_cat-cocuk-ve-genclik-kitaplari","7":"pa_cilt-ciltsiz","8":"pa_tur-kitap","9":"pa_yayinevi-bilgi-yayinevi-cocuk","10":"pa_yazar-fatih-danaci","12":"first","13":"instock","14":"sale","15":"shipping-taxable","16":"purchasable","17":"product-type-simple"},"_links":{"self":[{"href":"https:\/\/roveyayinevi.com.tr\/index.php\/wp-json\/wp\/v2\/product\/737631","targetHints":{"allow":["GET"]}}],"collection":[{"href":"https:\/\/roveyayinevi.com.tr\/index.php\/wp-json\/wp\/v2\/product"}],"about":[{"href":"https:\/\/roveyayinevi.com.tr\/index.php\/wp-json\/wp\/v2\/types\/product"}],"wp:attachment":[{"href":"https:\/\/roveyayinevi.com.tr\/index.php\/wp-json\/wp\/v2\/media?parent=737631"}],"wp:term":[{"taxonomy":"product_brand","embeddable":true,"href":"https:\/\/roveyayinevi.com.tr\/index.php\/wp-json\/wp\/v2\/product_brand?post=737631"},{"taxonomy":"product_cat","embeddable":true,"href":"https:\/\/roveyayinevi.com.tr\/index.php\/wp-json\/wp\/v2\/product_cat?post=737631"},{"taxonomy":"product_tag","embeddable":true,"href":"https:\/\/roveyayinevi.com.tr\/index.php\/wp-json\/wp\/v2\/product_tag?post=737631"}],"curies":[{"name":"wp","href":"https:\/\/api.w.org\/{rel}","templated":true}]}}