{"id":737630,"date":"2025-08-27T23:33:03","date_gmt":"2025-08-27T20:33:03","guid":{"rendered":"https:\/\/roveyayinevi.com.tr\/index.php\/urun\/beyaz-kedi-the-white-cat\/"},"modified":"2026-04-16T02:47:31","modified_gmt":"2026-04-15T23:47:31","slug":"beyaz-kedi-the-white-cat","status":"publish","type":"product","link":"https:\/\/roveyayinevi.com.tr\/index.php\/urun\/beyaz-kedi-the-white-cat\/","title":{"rendered":"Beyaz Kedi &#8211; The Wh\u0131te Cat"},"content":{"rendered":"<p>Korkak bir kedinin komik hik\u00e2yesi. Neden mi komik? \u00c7\u00fcnk\u00fc o herkesten korkarken, herkes de ondan korkuyor. Ancak cesur bir kedi, korkmad\u0131\u011f\u0131n\u0131 ispat etmek isteyecek. Peki arad\u0131\u011f\u0131n\u0131 bulabilecek mi? Beyaz Kedi, korkular\u0131n\u0131n yersiz oldu\u011funu anlayabilecek mi? T\u00fcm cevaplar, karl\u0131 da\u011flar\u0131n, \u0131ss\u0131z ma\u011faralar\u0131n aras\u0131nda yap\u0131lan yolculu\u011fun sonunda ortaya \u00e7\u0131kacak. * T\u00fcrk\u00e7e-\u0130ngilizce iki dilli olarak haz\u0131rlanan bu resimli \u00f6yk\u00fc kitab\u0131, ayn\u0131 zamanda \u00e7ocuklar\u0131n \u0130ngilizce e\u011fitimine de yard\u0131mc\u0131 olacak. 6 ya\u015f ve \u00fczeri i\u00e7in uygundur.<\/p>\n","protected":false},"excerpt":{"rendered":"<p>Korkak bir kedinin komik hik\u00e2yesi. Neden mi komik? \u00c7\u00fcnk\u00fc o herkesten korkarken, herkes de ondan korkuyor. Ancak cesur bir kedi, korkmad\u0131\u011f\u0131n\u0131 ispat etmek isteyecek. Peki arad\u0131\u011f\u0131n\u0131<span class=\"excerpt-hellip\"> [\u2026]<\/span><\/p>\n","protected":false},"featured_media":0,"template":"","meta":{"_monsterinsights_skip_tracking":false,"_monsterinsights_sitenote_active":false,"_monsterinsights_sitenote_note":"","_monsterinsights_sitenote_category":0},"product_brand":[],"product_cat":[12275,12274],"product_tag":[],"class_list":{"0":"post-737630","1":"product","2":"type-product","3":"status-publish","5":"product_cat-6-12-yas-kitaplari","6":"product_cat-cocuk-ve-genclik-kitaplari","7":"pa_cilt-ciltsiz","8":"pa_tur-kitap","9":"pa_yayinevi-bilgi-yayinevi-cocuk","10":"pa_yazar-fatih-danaci","12":"first","13":"instock","14":"sale","15":"shipping-taxable","16":"purchasable","17":"product-type-simple"},"_links":{"self":[{"href":"https:\/\/roveyayinevi.com.tr\/index.php\/wp-json\/wp\/v2\/product\/737630","targetHints":{"allow":["GET"]}}],"collection":[{"href":"https:\/\/roveyayinevi.com.tr\/index.php\/wp-json\/wp\/v2\/product"}],"about":[{"href":"https:\/\/roveyayinevi.com.tr\/index.php\/wp-json\/wp\/v2\/types\/product"}],"wp:attachment":[{"href":"https:\/\/roveyayinevi.com.tr\/index.php\/wp-json\/wp\/v2\/media?parent=737630"}],"wp:term":[{"taxonomy":"product_brand","embeddable":true,"href":"https:\/\/roveyayinevi.com.tr\/index.php\/wp-json\/wp\/v2\/product_brand?post=737630"},{"taxonomy":"product_cat","embeddable":true,"href":"https:\/\/roveyayinevi.com.tr\/index.php\/wp-json\/wp\/v2\/product_cat?post=737630"},{"taxonomy":"product_tag","embeddable":true,"href":"https:\/\/roveyayinevi.com.tr\/index.php\/wp-json\/wp\/v2\/product_tag?post=737630"}],"curies":[{"name":"wp","href":"https:\/\/api.w.org\/{rel}","templated":true}]}}