{"id":737629,"date":"2025-08-27T23:32:27","date_gmt":"2025-08-27T20:32:27","guid":{"rendered":"https:\/\/roveyayinevi.com.tr\/index.php\/urun\/muderris-ve-virtuoz\/"},"modified":"2026-04-16T02:47:00","modified_gmt":"2026-04-15T23:47:00","slug":"muderris-ve-virtuoz","status":"publish","type":"product","link":"https:\/\/roveyayinevi.com.tr\/index.php\/urun\/muderris-ve-virtuoz\/","title":{"rendered":"M\u00fcderris ve Virt\u00fc\u00f6z"},"content":{"rendered":"<p>\u201c\u015eimdilik g\u00f6rd\u00fc\u011f\u00fc iki Do\u011fu\u2019yu da i\u00e7ine sindirememi\u015fti. Biri, saraylar\u0131 bile ah\u015fap barakalar gibi kuruveren, kanaatk\u00e2r olmaktan \u00e7ok, aceleci bir Do\u011fu\u2019ydu; bir di\u011feri, ayn\u0131 acelecilikle kay\u0131p tarihi yakalama tela\u015f\u0131na d\u00fc\u015fm\u00fc\u015f, m\u00fcsrif ve g\u00f6steri\u015f\u00e7i bir Do\u011fu.\u201d\u201cHi\u00e7 a\u00e7\u0131\u011fa \u00e7\u0131kmam\u0131\u015f duygular\u0131n kentiydi \u0130stanbul Liszt\u2019in g\u00f6z\u00fcnde; hi\u00e7bir aral\u0131ktan s\u0131zmayacak, uluorta konu\u015fulamayacak d\u00fc\u015flerin ambar\u0131yd\u0131. En az\u0131ndan, yorgun hamallar\u0131n umutsuzlukla kendilerini seyretti\u011fi tozlu sokaklara \u2013o g\u00fcn i\u00e7in\u2013 katlanabilmesinin yolu b\u00f6yle bir olas\u0131l\u0131\u011f\u0131 kabullenmesiydi.\u201d1847\u2019nin haziran ay\u0131nda d\u00fcnyaca \u00fcnl\u00fc piyano virt\u00fc\u00f6z\u00fc Franz Liszt bir dizi konser vermek \u00fczere \u0130stanbul\u2019a gelir. Sarayda, konsolosluklarda ve se\u00e7kin konaklarda \u00e7alar. Gitti\u011fi her yerde el \u00fcst\u00fcndedir. Ancak \u00fcnl\u00fc piyanist, yolculu\u011fun ba\u015f\u0131nda gemide tan\u0131\u015ft\u0131\u011f\u0131 ve \u201cErlk\u00f6nig\u201d ad\u0131n\u0131 takt\u0131\u011f\u0131 tuhaf bir yabanc\u0131n\u0131n oyunlar\u0131na kap\u0131l\u0131p kendini bir komplonun ortas\u0131nda bulacakt\u0131r.Ayn\u0131 g\u00fcnlerde gen\u00e7 bir m\u00fcderris, Ahmet Cevdet, velinimeti sayd\u0131\u011f\u0131 Re\u015fit Pa\u015fa\u2019n\u0131n, g\u00f6r\u00fcn\u00fc\u015fte \u00f6nemsiz bir meseleden \u00f6t\u00fcr\u00fc kendisine dar\u0131ld\u0131\u011f\u0131n\u0131 \u00f6\u011frenir. Pa\u015fa\u2019n\u0131n g\u00f6nl\u00fcn\u00fc kazanmak i\u00e7in kay\u0131p bir m\u00fcsveddenin pe\u015fine d\u00fc\u015fer. Aray\u0131\u015f\u0131 Ahmet Cevdet\u2019i siyasetin kanl\u0131 sokaklar\u0131na s\u00fcr\u00fckleyecektir.M\u00fcderris ve Virt\u00fc\u00f6z, 19. y\u00fczy\u0131l\u0131n ortas\u0131ndan iki hik\u00e2yeyi, romantizmle ger\u00e7ek\u00e7ili\u011fi birle\u015ftirerek i\u00e7 i\u00e7e sunuyor. Do\u011fu ile Bat\u0131\u2019n\u0131n ezeli ayr\u0131l\u0131\u011f\u0131, Avrupa\u2019y\u0131 sarsan ilk devrimler, finans-kapital \u00e7eki\u015fmeleri, a\u015fk\u0131n anlam\u0131, ge\u00e7mi\u015fle gelece\u011fin sava\u015f\u0131, iktidar\u0131n \u00e7\u00fcr\u00fcyen y\u00fcz\u00fc, k\u00f6lelik ve gizli \u00f6rg\u00fctler gibi katmanlarda bug\u00fcne seslenen bir tarih kurgusuyla, 19. y\u00fczy\u0131l roman\u0131 tad\u0131nda bir d\u00f6nem anlat\u0131s\u0131.<\/p>\n","protected":false},"excerpt":{"rendered":"<p>\u201c\u015eimdilik g\u00f6rd\u00fc\u011f\u00fc iki Do\u011fu\u2019yu da i\u00e7ine sindirememi\u015fti. Biri, saraylar\u0131 bile ah\u015fap barakalar gibi kuruveren, kanaatk\u00e2r olmaktan \u00e7ok, aceleci bir Do\u011fu\u2019ydu; bir di\u011feri, ayn\u0131 acelecilikle kay\u0131p tarihi<span class=\"excerpt-hellip\"> [\u2026]<\/span><\/p>\n","protected":false},"featured_media":0,"template":"","meta":{"_monsterinsights_skip_tracking":false,"_monsterinsights_sitenote_active":false,"_monsterinsights_sitenote_note":"","_monsterinsights_sitenote_category":0},"product_brand":[],"product_cat":[12291,12711],"product_tag":[],"class_list":{"0":"post-737629","1":"product","2":"type-product","3":"status-publish","5":"product_cat-edebiyat","6":"product_cat-roman-oyku","7":"pa_cilt-ciltsiz","8":"pa_tur-kitap","9":"pa_yayinevi-dogan-kitap","10":"pa_yazar-selcuk-orhan","12":"first","13":"instock","14":"sale","15":"shipping-taxable","16":"purchasable","17":"product-type-simple"},"_links":{"self":[{"href":"https:\/\/roveyayinevi.com.tr\/index.php\/wp-json\/wp\/v2\/product\/737629","targetHints":{"allow":["GET"]}}],"collection":[{"href":"https:\/\/roveyayinevi.com.tr\/index.php\/wp-json\/wp\/v2\/product"}],"about":[{"href":"https:\/\/roveyayinevi.com.tr\/index.php\/wp-json\/wp\/v2\/types\/product"}],"wp:attachment":[{"href":"https:\/\/roveyayinevi.com.tr\/index.php\/wp-json\/wp\/v2\/media?parent=737629"}],"wp:term":[{"taxonomy":"product_brand","embeddable":true,"href":"https:\/\/roveyayinevi.com.tr\/index.php\/wp-json\/wp\/v2\/product_brand?post=737629"},{"taxonomy":"product_cat","embeddable":true,"href":"https:\/\/roveyayinevi.com.tr\/index.php\/wp-json\/wp\/v2\/product_cat?post=737629"},{"taxonomy":"product_tag","embeddable":true,"href":"https:\/\/roveyayinevi.com.tr\/index.php\/wp-json\/wp\/v2\/product_tag?post=737629"}],"curies":[{"name":"wp","href":"https:\/\/api.w.org\/{rel}","templated":true}]}}