{"id":737628,"date":"2025-08-27T23:32:26","date_gmt":"2025-08-27T20:32:26","guid":{"rendered":"https:\/\/roveyayinevi.com.tr\/index.php\/urun\/tarikat-adabi\/"},"modified":"2026-04-16T02:47:00","modified_gmt":"2026-04-15T23:47:00","slug":"tarikat-adabi","status":"publish","type":"product","link":"https:\/\/roveyayinevi.com.tr\/index.php\/urun\/tarikat-adabi\/","title":{"rendered":"Tarikat Adab\u0131"},"content":{"rendered":"<p>Tarikatlar, ortaya \u00e7\u0131k\u0131\u015flar\u0131ndan bu yana \u0130slam k\u00fclt\u00fcr birikiminin temel unsurlar\u0131ndan birini te\u015fkil etmi\u015f, inan\u00e7, d\u00fc\u015f\u00fcnce, ahlak ve sanat alan\u0131nda b\u00fcy\u00fck hizmetler ortaya koymu\u015flard\u0131r. Bunun bir sonucu olarak da zaman i\u00e7erisinde hizmet tarzlar\u0131 ve e\u011fitim \u015fekilleri farkl\u0131 olan bir\u00e7ok tarikat ortaya \u00e7\u0131km\u0131\u015ft\u0131r. Bu tarikatlar bir taraftan \u0130slam dininin yay\u0131lmas\u0131na ve fetih hareketlerinin devam etmesine katk\u0131 sa\u011flam\u0131\u015flar, di\u011fer taraftan, insanlar\u0131n ruh ve mana d\u00fcnyalar\u0131n\u0131 beslemi\u015f ve onlar\u0131 olgun birer m\u00fc&#8217;min haline getirerek toplumda huzur, birlik ve beraberli\u011fe katk\u0131 sa\u011flam\u0131\u015flard\u0131r. Bu m\u00fcesseseler, insanlar\u0131 manevi y\u00f6nden e\u011fiten, ruh ve g\u00f6n\u00fcl d\u00fcnyas\u0131n\u0131 tamir eden, ona ger\u00e7ek huzur yolunu g\u00f6steren bir anlay\u0131\u015fla hareket etmi\u015flerdir. Bu terbiyeyi alm\u0131\u015f bireyler ya\u015fad\u0131klar\u0131 cemiyete maddi-manevi katk\u0131 sa\u011flam\u0131\u015f, toplumun huzurunu bozacak, insanlara zarar verecek, kamu d\u00fczenini bozacak her t\u00fcrl\u00fc i\u015ften uzak durmu\u015flard\u0131r. Bu t\u00fcr bir terbiye almam\u0131\u015f bireyler, kendisi, ailesi, \u00e7evresi ve ya\u015fad\u0131\u011f\u0131 toplumla sorunlu hale gelip, kendisine, ailesine, \u00e7evresine ve memlekete zararl\u0131 bir duruma gelebilmektedir. Kanaatimizce, bunun \u00f6n\u00fcne ge\u00e7menin yollar\u0131ndan bir tanesi de modern e\u011fitim ile beraber, insan\u0131m\u0131z\u0131n kalbine Allah korkusu yerle\u015ftirip, ona gerekli olan manevi terbiyeyi vermekten ge\u00e7mektedir. Elinizdeki bu \u00e7al\u0131\u015fma, alm\u0131\u015f oldu\u011fu ahlaki ve manev\u00ee terbiyenin de etkisiyle, topluma milli ve manevi de\u011ferlerine ba\u011fl\u0131 sa\u011flam ruhlu insanlar yeti\u015ftiren bu m\u00fcesseselerin, ahlak\u00ee ve manev\u00ee terbiye metotlar\u0131n\u0131 yeniden hat\u0131rlatarak, insanlar\u0131n birbirlerine g\u00fcvendi\u011fi, rahat ve huzur i\u00e7inde ya\u015fad\u0131\u011f\u0131 daha g\u00fczel bir gelecek kurma ad\u0131na k\u00fc\u00e7\u00fck bir \u00e7aba ve gayret sunmaktad\u0131r.<\/p>\n","protected":false},"excerpt":{"rendered":"<p>Tarikatlar, ortaya \u00e7\u0131k\u0131\u015flar\u0131ndan bu yana \u0130slam k\u00fclt\u00fcr birikiminin temel unsurlar\u0131ndan birini te\u015fkil etmi\u015f, inan\u00e7, d\u00fc\u015f\u00fcnce, ahlak ve sanat alan\u0131nda b\u00fcy\u00fck hizmetler ortaya koymu\u015flard\u0131r. Bunun bir sonucu<span class=\"excerpt-hellip\"> [\u2026]<\/span><\/p>\n","protected":false},"featured_media":0,"template":"","meta":{"_monsterinsights_skip_tracking":false,"_monsterinsights_sitenote_active":false,"_monsterinsights_sitenote_note":"","_monsterinsights_sitenote_category":0},"product_brand":[],"product_cat":[12718,12719],"product_tag":[],"class_list":{"0":"post-737628","1":"product","2":"type-product","3":"status-publish","5":"product_cat-din","6":"product_cat-islam","7":"pa_cilt-ciltsiz","8":"pa_tur-kitap","9":"pa_yayinevi-ragbet-yayinlari","10":"pa_yazar-mehmet-sirin-ayis","12":"first","13":"instock","14":"sale","15":"shipping-taxable","16":"purchasable","17":"product-type-simple"},"_links":{"self":[{"href":"https:\/\/roveyayinevi.com.tr\/index.php\/wp-json\/wp\/v2\/product\/737628","targetHints":{"allow":["GET"]}}],"collection":[{"href":"https:\/\/roveyayinevi.com.tr\/index.php\/wp-json\/wp\/v2\/product"}],"about":[{"href":"https:\/\/roveyayinevi.com.tr\/index.php\/wp-json\/wp\/v2\/types\/product"}],"wp:attachment":[{"href":"https:\/\/roveyayinevi.com.tr\/index.php\/wp-json\/wp\/v2\/media?parent=737628"}],"wp:term":[{"taxonomy":"product_brand","embeddable":true,"href":"https:\/\/roveyayinevi.com.tr\/index.php\/wp-json\/wp\/v2\/product_brand?post=737628"},{"taxonomy":"product_cat","embeddable":true,"href":"https:\/\/roveyayinevi.com.tr\/index.php\/wp-json\/wp\/v2\/product_cat?post=737628"},{"taxonomy":"product_tag","embeddable":true,"href":"https:\/\/roveyayinevi.com.tr\/index.php\/wp-json\/wp\/v2\/product_tag?post=737628"}],"curies":[{"name":"wp","href":"https:\/\/api.w.org\/{rel}","templated":true}]}}