{"id":737626,"date":"2025-08-27T23:32:24","date_gmt":"2025-08-27T20:32:24","guid":{"rendered":"https:\/\/roveyayinevi.com.tr\/index.php\/urun\/deniz-ve-felaket-ucuzler-evcil-hayvan-aliyor\/"},"modified":"2026-04-16T02:47:00","modified_gmt":"2026-04-15T23:47:00","slug":"deniz-ve-felaket-ucuzler-evcil-hayvan-aliyor","status":"publish","type":"product","link":"https:\/\/roveyayinevi.com.tr\/index.php\/urun\/deniz-ve-felaket-ucuzler-evcil-hayvan-aliyor\/","title":{"rendered":"Deniz ve Felaket \u00dc\u00e7\u00fczler &#8211; Evcil Hayvan Al\u0131yor!"},"content":{"rendered":"<p>Deniz ve Felaket \u00dc\u00e7\u00fczler&#8217;in maceralar\u0131n\u0131 \u00e7ocuklar \u00e7ok sevecek!  \u201cK\u00fc\u00e7\u00fck Y\u0131ld\u0131zlar &#8211; \u0130lk Okuma Kitapl\u0131\u011f\u0131\u201d koleksiyonuna eklenen \u201cDeniz ve Felaket \u00dc\u00e7\u00fczler\u201d serisi, 1. s\u0131n\u0131fa yeni ba\u015flayan bir \u00e7ocu\u011fun \u00fc\u00e7\u00fcz abileriyle ya\u015fad\u0131\u011f\u0131 bol ko\u015fturmacal\u0131 ve bazen de y\u00fcrek hoplatmal\u0131 maceralar\u0131 konu ediniyor.   Okuma yolculu\u011funun hen\u00fcz ba\u015f\u0131ndaki \u00e7ocuklar\u0131, k\u00fc\u00e7\u00fck Deniz&#8217;in b\u00fcy\u00fck d\u00fcnyas\u0131 ile bulu\u015fturan seri; okula uyum, karde\u015f sevgisi, arkada\u015fl\u0131k, dayan\u0131\u015fma, sorumluluklar, hayvan sevgisi gibi temalar \u00fczerine de\u011ferli mesajlar payla\u015f\u0131yor.   Aile birli\u011fini y\u00fccelten sat\u0131rlar\u0131yla dikkat \u00e7eken bu renkli \u00f6yk\u00fcler, karde\u015fler aras\u0131 ili\u015fkilerde ebeveyn tutumunun \u00f6nemine de\u011finmeyi de ihmal etmiyor. Okulun ilk g\u00fcn\u00fcnden daha heyecanl\u0131 bir \u015fey var m\u0131? Ama Deniz&#8217;in okuldaki ilk g\u00fcn\u00fc kadar maceral\u0131s\u0131 zor bulunur! \u00c7\u00fcnk\u00fc Deniz, herkes uyuyakal\u0131nca okula pijamalar\u0131yla gitmek zorunda kal\u0131yor! \u00dcstelik, pe\u015finde ko\u015fan h\u0131r\u00e7\u0131n bir k\u00f6pek ve \u00fc\u00e7\u00fcz abilerinin bitmek bilmez at\u0131\u015fmalar\u0131 y\u00fcz\u00fcnden, okulun ilk g\u00fcn\u00fc tam bir ke\u015fmeke\u015fe d\u00f6n\u00fc\u015f\u00fcyor. Ah, ke\u015fke o k\u00f6pek \u015feker k\u00fclah\u0131n\u0131 \u0131s\u0131rmasayd\u0131 da onca \u015fekerleme ziyan olmasayd\u0131&#8230; Fakat sonra, ko\u015fu\u015fturmayla ge\u00e7en ilk g\u00fcnlerin ard\u0131ndan bamba\u015fka bir tela\u015f sar\u0131yor bizimkileri: Felaket \u00fc\u00e7\u00fczler \u00e7ok kararl\u0131; evcil hayvan alman\u0131n tam zaman\u0131! Anne babalar\u0131n\u0131 ikna etmeleri ise an meselesi. Ancak Deniz&#8217;in kumbaras\u0131ndaki para, sadece bir kerevite yetiyor. Bizim ufakl\u0131\u011fa g\u00f6re kerevit acayip haval\u0131 bir evcil hayvan gibi g\u00f6r\u00fcnse de \u00fc\u00e7\u00fczler tam tersini d\u00fc\u015f\u00fcn\u00fcyor! Acaba kerevit Edi&#8217;yi az\u0131c\u0131k hava almas\u0131 i\u00e7in akvaryumdan d\u0131\u015far\u0131 m\u0131 \u00e7\u0131karsalar? Mesela soka\u011fa? Ama kerevit soka\u011fa \u00e7\u0131kar m\u0131 hi\u00e7? Eyvah, yoksa Edi&#8217;nin ba\u015f\u0131na bir \u015fey mi gelecek?   Her biri ortalama 700-750 kelimeden olu\u015fan \u00f6yk\u00fcleriyle \u201cOkuma Seviyesi 1\u201d olarak s\u0131n\u0131fland\u0131r\u0131lan \u201cDeniz ve Felaket \u00dc\u00e7\u00fczler\u201d serisi; okumaya yeni ba\u015flayan 1. s\u0131n\u0131f \u00f6\u011frencilerini, hem e\u011flenceli hem de \u00f6\u011fretici bir okuma ser\u00fcvenine \u00e7\u0131kar\u0131yor. Kitaplar\u0131n son b\u00f6l\u00fcm\u00fcnde yer alan 16 sayfal\u0131k \u201cBulmaca Diyar\u0131\u201d ise \u00e7ocuklara, okuduklar\u0131n\u0131 oyun yoluyla daha iyi anlama ve peki\u015ftirme imk\u00e2n\u0131 sunuyor. <\/p>\n","protected":false},"excerpt":{"rendered":"<p>Deniz ve Felaket \u00dc\u00e7\u00fczler&#8217;in maceralar\u0131n\u0131 \u00e7ocuklar \u00e7ok sevecek! \u201cK\u00fc\u00e7\u00fck Y\u0131ld\u0131zlar &#8211; \u0130lk Okuma Kitapl\u0131\u011f\u0131\u201d koleksiyonuna eklenen \u201cDeniz ve Felaket \u00dc\u00e7\u00fczler\u201d serisi, 1. s\u0131n\u0131fa yeni ba\u015flayan bir<span class=\"excerpt-hellip\"> [\u2026]<\/span><\/p>\n","protected":false},"featured_media":0,"template":"","meta":{"_monsterinsights_skip_tracking":false,"_monsterinsights_sitenote_active":false,"_monsterinsights_sitenote_note":"","_monsterinsights_sitenote_category":0},"product_brand":[],"product_cat":[12275,12274],"product_tag":[],"class_list":{"0":"post-737626","1":"product","2":"type-product","3":"status-publish","5":"product_cat-6-12-yas-kitaplari","6":"product_cat-cocuk-ve-genclik-kitaplari","7":"pa_cilt-ciltsiz","8":"pa_tur-kitap","9":"pa_yayinevi-tudem-yayinlari","10":"pa_yazar-lisa-marie-dickreiter-andreas-gotz","12":"first","13":"instock","14":"sale","15":"shipping-taxable","16":"purchasable","17":"product-type-simple"},"_links":{"self":[{"href":"https:\/\/roveyayinevi.com.tr\/index.php\/wp-json\/wp\/v2\/product\/737626","targetHints":{"allow":["GET"]}}],"collection":[{"href":"https:\/\/roveyayinevi.com.tr\/index.php\/wp-json\/wp\/v2\/product"}],"about":[{"href":"https:\/\/roveyayinevi.com.tr\/index.php\/wp-json\/wp\/v2\/types\/product"}],"wp:attachment":[{"href":"https:\/\/roveyayinevi.com.tr\/index.php\/wp-json\/wp\/v2\/media?parent=737626"}],"wp:term":[{"taxonomy":"product_brand","embeddable":true,"href":"https:\/\/roveyayinevi.com.tr\/index.php\/wp-json\/wp\/v2\/product_brand?post=737626"},{"taxonomy":"product_cat","embeddable":true,"href":"https:\/\/roveyayinevi.com.tr\/index.php\/wp-json\/wp\/v2\/product_cat?post=737626"},{"taxonomy":"product_tag","embeddable":true,"href":"https:\/\/roveyayinevi.com.tr\/index.php\/wp-json\/wp\/v2\/product_tag?post=737626"}],"curies":[{"name":"wp","href":"https:\/\/api.w.org\/{rel}","templated":true}]}}