{"id":737625,"date":"2025-08-27T23:32:23","date_gmt":"2025-08-27T20:32:23","guid":{"rendered":"https:\/\/roveyayinevi.com.tr\/index.php\/urun\/ortadoguda-sosyal-adalet-ve-siyasal-iktidarin-tarihi\/"},"modified":"2026-04-16T02:47:00","modified_gmt":"2026-04-15T23:47:00","slug":"ortadoguda-sosyal-adalet-ve-siyasal-iktidarin-tarihi","status":"publish","type":"product","link":"https:\/\/roveyayinevi.com.tr\/index.php\/urun\/ortadoguda-sosyal-adalet-ve-siyasal-iktidarin-tarihi\/","title":{"rendered":"Ortado\u011fu&#8217;da Sosyal Adalet ve Siyasal \u0130ktidar\u0131n Tarihi"},"content":{"rendered":"<p>Adalet, t\u0131pk\u0131 kadim d\u00f6nemlerde oldu\u011fu gibi, Ortado\u011fu siyasetinde halen hayati bir \u00f6neme sahiptir. Antik Mezopotamya uygarl\u0131klar\u0131ndan yirminci y\u00fczy\u0131l cumhuriyetlerine dek, adalet bu siyasi co\u011frafyan\u0131n ba\u015fat belirleyicisi olagelmi\u015ftir. Ortado\u011fu siyasi yap\u0131s\u0131n\u0131n peder\u015fahi \u00f6zelli\u011fi, y\u00f6netenleri adaletin tesisinden yegane sorumlu akt\u00f6rler k\u0131lm\u0131\u015ft\u0131r. Bu meyanda, \u00e7o\u011funlukla bir daire i\u00e7ine yaz\u0131larak ve veciz bir \u015fekilde ifade edilen adalet, kimi zaman tahta \u00e7\u0131kacak m\u00fcstakbel prensler ve \u015fehzadeler i\u00e7in bir rehber, kimi zaman iktidara talip muhaliflerin ideolojisi ve parti program\u0131 olarak v\u00fccut bulmu\u015ftur. Linda Darling, bu kavram\u0131n \u00e7a\u011flar boyunca devaml\u0131l\u0131\u011f\u0131n\u0131 ve d\u00f6n\u00fc\u015f\u00fcm\u00fcn\u00fc mercek alt\u0131na alarak uzun Ortado\u011fu siyasi tarihine alternatif bir perspektif sunmaktad\u0131r.<\/p>\n","protected":false},"excerpt":{"rendered":"<p>Adalet, t\u0131pk\u0131 kadim d\u00f6nemlerde oldu\u011fu gibi, Ortado\u011fu siyasetinde halen hayati bir \u00f6neme sahiptir. Antik Mezopotamya uygarl\u0131klar\u0131ndan yirminci y\u00fczy\u0131l cumhuriyetlerine dek, adalet bu siyasi co\u011frafyan\u0131n ba\u015fat belirleyicisi<span class=\"excerpt-hellip\"> [\u2026]<\/span><\/p>\n","protected":false},"featured_media":0,"template":"","meta":{"_monsterinsights_skip_tracking":false,"_monsterinsights_sitenote_active":false,"_monsterinsights_sitenote_note":"","_monsterinsights_sitenote_category":0},"product_brand":[],"product_cat":[12312,12304],"product_tag":[],"class_list":{"0":"post-737625","1":"product","2":"type-product","3":"status-publish","5":"product_cat-diger","6":"product_cat-tarih","7":"pa_cilt-ciltsiz","8":"pa_tur-kitap","9":"pa_yayinevi-alfa-yayinlari","10":"pa_yazar-linda-t-darling","12":"first","13":"instock","14":"sale","15":"shipping-taxable","16":"purchasable","17":"product-type-simple"},"_links":{"self":[{"href":"https:\/\/roveyayinevi.com.tr\/index.php\/wp-json\/wp\/v2\/product\/737625","targetHints":{"allow":["GET"]}}],"collection":[{"href":"https:\/\/roveyayinevi.com.tr\/index.php\/wp-json\/wp\/v2\/product"}],"about":[{"href":"https:\/\/roveyayinevi.com.tr\/index.php\/wp-json\/wp\/v2\/types\/product"}],"wp:attachment":[{"href":"https:\/\/roveyayinevi.com.tr\/index.php\/wp-json\/wp\/v2\/media?parent=737625"}],"wp:term":[{"taxonomy":"product_brand","embeddable":true,"href":"https:\/\/roveyayinevi.com.tr\/index.php\/wp-json\/wp\/v2\/product_brand?post=737625"},{"taxonomy":"product_cat","embeddable":true,"href":"https:\/\/roveyayinevi.com.tr\/index.php\/wp-json\/wp\/v2\/product_cat?post=737625"},{"taxonomy":"product_tag","embeddable":true,"href":"https:\/\/roveyayinevi.com.tr\/index.php\/wp-json\/wp\/v2\/product_tag?post=737625"}],"curies":[{"name":"wp","href":"https:\/\/api.w.org\/{rel}","templated":true}]}}