{"id":737623,"date":"2025-08-27T23:32:22","date_gmt":"2025-08-27T20:32:22","guid":{"rendered":"https:\/\/roveyayinevi.com.tr\/index.php\/urun\/365-bulmaca-ve-akil-oyunu\/"},"modified":"2025-12-30T10:49:31","modified_gmt":"2025-12-30T07:49:31","slug":"365-bulmaca-ve-akil-oyunu","status":"publish","type":"product","link":"https:\/\/roveyayinevi.com.tr\/index.php\/urun\/365-bulmaca-ve-akil-oyunu\/","title":{"rendered":"365 Bulmaca ve Ak\u0131l Oyunu"},"content":{"rendered":"<p>Bulmacada usta m\u0131s\u0131n? Mant\u0131k oyunlar\u0131n\u0131 sever misin? \u00d6yleyse hodri meydan!   B\u00fcy\u00fck n\u00f6ron testi ba\u015flas\u0131n.   Matematik\u00e7i Miquel Cap\u00f3\u2019nun haz\u0131rlad\u0131\u011f\u0131 365 bilmece, g\u00f6rsel ill\u00fczyon, paradoks ve matematik problemi sayesinde gri h\u00fccrelerin neye u\u011frad\u0131klar\u0131n\u0131 \u015fa\u015f\u0131racaklar! \u00c7\u00f6z\u00fcm\u00fc buldu\u011funda gururlanmak en b\u00fcy\u00fck hakk\u0131n! Ama bulamazsan l\u00fctfen sorumlu okurlu\u011fu elden b\u0131rakma; \u00e7\u00f6zememenin verdi\u011fi sinirle f\u0131rlat\u0131lan kitap yaralay\u0131c\u0131 olabilir! <\/p>\n","protected":false},"excerpt":{"rendered":"<p>Bulmacada usta m\u0131s\u0131n? Mant\u0131k oyunlar\u0131n\u0131 sever misin? \u00d6yleyse hodri meydan! B\u00fcy\u00fck n\u00f6ron testi ba\u015flas\u0131n. Matematik\u00e7i Miquel Cap\u00f3\u2019nun haz\u0131rlad\u0131\u011f\u0131 365 bilmece, g\u00f6rsel ill\u00fczyon, paradoks ve matematik problemi<span class=\"excerpt-hellip\"> [\u2026]<\/span><\/p>\n","protected":false},"featured_media":0,"template":"","meta":{"_monsterinsights_skip_tracking":false,"_monsterinsights_sitenote_active":false,"_monsterinsights_sitenote_note":"","_monsterinsights_sitenote_category":0},"product_brand":[],"product_cat":[12492,12274],"product_tag":[],"class_list":{"0":"post-737623","1":"product","2":"type-product","3":"status-publish","5":"product_cat-bilmece-bulmaca","6":"product_cat-cocuk-ve-genclik-kitaplari","7":"pa_cilt-ciltsiz","8":"pa_tur-kitap","9":"pa_yayinevi-domingo-yayinevi","10":"pa_yazar-miquel-capo","12":"first","13":"instock","14":"sale","15":"shipping-taxable","16":"purchasable","17":"product-type-simple"},"_links":{"self":[{"href":"https:\/\/roveyayinevi.com.tr\/index.php\/wp-json\/wp\/v2\/product\/737623","targetHints":{"allow":["GET"]}}],"collection":[{"href":"https:\/\/roveyayinevi.com.tr\/index.php\/wp-json\/wp\/v2\/product"}],"about":[{"href":"https:\/\/roveyayinevi.com.tr\/index.php\/wp-json\/wp\/v2\/types\/product"}],"wp:attachment":[{"href":"https:\/\/roveyayinevi.com.tr\/index.php\/wp-json\/wp\/v2\/media?parent=737623"}],"wp:term":[{"taxonomy":"product_brand","embeddable":true,"href":"https:\/\/roveyayinevi.com.tr\/index.php\/wp-json\/wp\/v2\/product_brand?post=737623"},{"taxonomy":"product_cat","embeddable":true,"href":"https:\/\/roveyayinevi.com.tr\/index.php\/wp-json\/wp\/v2\/product_cat?post=737623"},{"taxonomy":"product_tag","embeddable":true,"href":"https:\/\/roveyayinevi.com.tr\/index.php\/wp-json\/wp\/v2\/product_tag?post=737623"}],"curies":[{"name":"wp","href":"https:\/\/api.w.org\/{rel}","templated":true}]}}