{"id":737622,"date":"2025-08-27T23:32:20","date_gmt":"2025-08-27T20:32:20","guid":{"rendered":"https:\/\/roveyayinevi.com.tr\/index.php\/urun\/sehrin-sesi\/"},"modified":"2026-04-16T02:47:00","modified_gmt":"2026-04-15T23:47:00","slug":"sehrin-sesi","status":"publish","type":"product","link":"https:\/\/roveyayinevi.com.tr\/index.php\/urun\/sehrin-sesi\/","title":{"rendered":"\u015eehrin Sesi"},"content":{"rendered":"<p>Her \u015fehrin bir sesi-t\u0131n\u0131s\u0131, kokusu, tad\u0131, ruhu ve mimarisi vard\u0131r duyular\u0131m\u0131za hitap eden. \u015eehirlerin g\u00f6n\u00fcl kap\u0131lar\u0131 vard\u0131r girmesini bilene. \u015eehrin pencereleri vard\u0131r seyretmek isteyene. Kadim \u015fehirlerin sesi, insan\u0131n sesidir. \u015eehir g\u00f6n\u00fcl kap\u0131s\u0131ndan girenlere kendini anlat\u0131r. Penceresinden bakanlara i\u00e7erisinde bar\u0131nd\u0131rd\u0131\u011f\u0131 hik\u00e2yesini, edebiyat\u0131n\u0131, tarihini ve k\u00fclt\u00fcr\u00fc derinden geleni f\u0131s\u0131ldar. \u0130\u015fte o f\u0131s\u0131lt\u0131 \u015fehrin sesidir. <\/p>\n","protected":false},"excerpt":{"rendered":"<p>Her \u015fehrin bir sesi-t\u0131n\u0131s\u0131, kokusu, tad\u0131, ruhu ve mimarisi vard\u0131r duyular\u0131m\u0131za hitap eden. \u015eehirlerin g\u00f6n\u00fcl kap\u0131lar\u0131 vard\u0131r girmesini bilene. \u015eehrin pencereleri vard\u0131r seyretmek isteyene. Kadim \u015fehirlerin<span class=\"excerpt-hellip\"> [\u2026]<\/span><\/p>\n","protected":false},"featured_media":0,"template":"","meta":{"_monsterinsights_skip_tracking":false,"_monsterinsights_sitenote_active":false,"_monsterinsights_sitenote_note":"","_monsterinsights_sitenote_category":0},"product_brand":[],"product_cat":[12777,12291],"product_tag":[],"class_list":{"0":"post-737622","1":"product","2":"type-product","3":"status-publish","5":"product_cat-deneme","6":"product_cat-edebiyat","7":"pa_cilt-ciltsiz","8":"pa_tur-kitap","9":"pa_yayinevi-yeditepe-yayinevi","10":"pa_yazar-mehmet-mazak","12":"first","13":"instock","14":"sale","15":"shipping-taxable","16":"purchasable","17":"product-type-simple"},"_links":{"self":[{"href":"https:\/\/roveyayinevi.com.tr\/index.php\/wp-json\/wp\/v2\/product\/737622","targetHints":{"allow":["GET"]}}],"collection":[{"href":"https:\/\/roveyayinevi.com.tr\/index.php\/wp-json\/wp\/v2\/product"}],"about":[{"href":"https:\/\/roveyayinevi.com.tr\/index.php\/wp-json\/wp\/v2\/types\/product"}],"wp:attachment":[{"href":"https:\/\/roveyayinevi.com.tr\/index.php\/wp-json\/wp\/v2\/media?parent=737622"}],"wp:term":[{"taxonomy":"product_brand","embeddable":true,"href":"https:\/\/roveyayinevi.com.tr\/index.php\/wp-json\/wp\/v2\/product_brand?post=737622"},{"taxonomy":"product_cat","embeddable":true,"href":"https:\/\/roveyayinevi.com.tr\/index.php\/wp-json\/wp\/v2\/product_cat?post=737622"},{"taxonomy":"product_tag","embeddable":true,"href":"https:\/\/roveyayinevi.com.tr\/index.php\/wp-json\/wp\/v2\/product_tag?post=737622"}],"curies":[{"name":"wp","href":"https:\/\/api.w.org\/{rel}","templated":true}]}}